{"id":96,"date":"2020-04-22T16:15:54","date_gmt":"2020-04-22T16:15:54","guid":{"rendered":"https:\/\/www.seepfarreien.ch.proculus.sui-inter.net\/?page_id=96"},"modified":"2020-04-22T16:15:54","modified_gmt":"2020-04-22T16:15:54","slug":"kirchgemeinde-weggis","status":"publish","type":"page","link":"https:\/\/lottenbach-mediationen.ch\/index.php\/kirchgemeinde-weggis\/","title":{"rendered":"Kirchgemeinde Weggis"},"content":{"rendered":"\n<p>Die Kirchgemeinden erm\u00f6glichen die Seelsorge in den Luzerner Pfarreien. In Zusammenarbeit mit der Landeskirche und den pastoral Verantwortlichen setzen sie sich f\u00fcr eine lebendige Kirche ein.<\/p>\n\n\n\n<p>In der Verfassung der Landeskirche heisst es: \u00abLandeskirche und Kirchgemeinden besorgen die der kirchlichen T\u00e4tigkeit dienende \u00f6ffentliche Verwaltung.\u00bb Und im Kirchgemeindegesetz: \u00abDie Kirchgemeinden sorgen in ihrem Gemeindegebiet f\u00fcr die religi\u00f6se Betreuung der Katholikinnen und Katholiken.\u00bb<\/p>\n\n\n\n<p>Die Kirchgemeinden regeln zum Beispiel das Dienstverh\u00e4ltnis mit dem Pfarrer oder der Gemeindeleitung und sind zust\u00e4ndig f\u00fcr die Anstellungen kirchlicher Mitarbeiterinnen und Mitarbeiter. Sie schaffen die Rahmenbedingungen f\u00fcr den Religionsunterricht, die kirchliche Jugendarbeit und Erwachsenenbildung sowie die Diakonie, und sie unterhalten die Geb\u00e4ude, die es f\u00fcr das Pfarreileben braucht \u2013 von der Kirche bis zum Pfarreizentrum. Anstellungen eines Pfarrers oder einer Gemeindeleitung nehmen die Kirchgemeinden in Absprache mit den kirchlichen Verantwortlichen vor, also dem Bistum.<\/p>\n\n\n\n<h3 class=\"wp-block-heading\">Mitgestalten, mitentscheiden<\/h3>\n\n\n\n<p>Um diese Aufgaben erf\u00fcllen zu k\u00f6nnen, ziehen die Kirchgemeinden Steuern ein, sie verwalten ihr Verm\u00f6gen und f\u00fchren eine Verwaltung. Die Kirchenmitglieder k\u00f6nnen das kirchliche Leben mitgestalten. Einerseits, indem sie ein- oder zweimal j\u00e4hrlich an der Kirchgemeindeversammlung teilnehmen und hier \u00fcber Wahl- und Sachgesch\u00e4fte entscheiden, anderseits, indem sie sich freiwillig oder ehrenamtlich in der Pfarrei einsetzen.<\/p>\n\n\n\n<p>Die Kirchgemeinden werden von teilweise ehrenamtlich t\u00e4tigen Kirchenr\u00e4tinnen und -r\u00e4ten gef\u00fchrt, die das Volk alle vier Jahre w\u00e4hlt.<\/p>\n\n\n\n<h3 class=\"wp-block-heading\">Das duale System der katholische Kirche Schweiz<\/h3>\n\n\n\n<figure class=\"wp-block-embed is-type-video is-provider-youtube wp-block-embed-youtube wp-embed-aspect-16-9 wp-has-aspect-ratio\"><div class=\"wp-block-embed__wrapper\">\n<iframe loading=\"lazy\" title=\"dual stark \u2013 Das duale System der katholischen Kirche Schweiz\" width=\"500\" height=\"281\" src=\"https:\/\/www.youtube.com\/embed\/N1vEj2HCgHk?feature=oembed\" frameborder=\"0\" allow=\"accelerometer; autoplay; clipboard-write; encrypted-media; gyroscope; picture-in-picture; web-share\" referrerpolicy=\"strict-origin-when-cross-origin\" allowfullscreen><\/iframe>\n<\/div><\/figure>\n\n\n\n<h2 class=\"wp-block-heading\">Aktuelles<\/h2>\n\n\n\n<p>Die jeweiligen Einladungen zur Kirchgemeinde-Versammlung (Ende April) bzw. Budget-Kirchgemeindeversammlung (Ende November) sind unter&nbsp;<a href=\"https:\/\/lottenbach-mediationen.ch\/veranstaltungen\/\">Veranstaltungen<\/a>&nbsp;zu finden und werden im Pfarreiblatt publiziert. Die Unterlagen dazu liegen im Schriftenstand der Kirche auf und sind unter&nbsp;<a href=\"https:\/\/lottenbach-mediationen.ch\/geschaeftsberichte\/\">Gesch\u00e4ftsberichte<\/a>&nbsp;abgelegt.<\/p>\n\n\n\n<h2 class=\"wp-block-heading\">Kirchenrat<\/h2>\n\n\n\n<p>Der Kirchenrat ist die Exekutive der&nbsp;katholischen Kirchgemeinde Weggis.&nbsp; Die Aufgabe dieses Gremiums besteht darin, die Steuereinnahmen so zu verwalten, dass die Seelsorge in der Pfarrei auf lange Sicht gew\u00e4hrleistet ist, und die pastoralen Bed\u00fcrfnisse abgedeckt werden k\u00f6nnen.<\/p>\n\n\n\n<figure class=\"wp-block-image size-large\"><img loading=\"lazy\" decoding=\"async\" width=\"400\" height=\"280\" src=\"https:\/\/lottenbach-mediationen.ch\/wp-content\/uploads\/2020\/09\/Kirchenrat-Weggis-1.jpg\" alt=\"\" class=\"wp-image-3333\" srcset=\"https:\/\/lottenbach-mediationen.ch\/wp-content\/uploads\/2020\/09\/Kirchenrat-Weggis-1.jpg 400w, https:\/\/lottenbach-mediationen.ch\/wp-content\/uploads\/2020\/09\/Kirchenrat-Weggis-1-300x210.jpg 300w\" sizes=\"auto, (max-width: 400px) 100vw, 400px\" \/><figcaption>Kirchenrat Weggis<br>W\u00fcrsch Markus, Imgr\u00fcth Erika, Zurm\u00fchle Barbara, Amrein Monika, Brauchart Michael<\/figcaption><\/figure>\n\n\n\n<p>Dem Kirchenrat geh\u00f6ren f\u00fcnf Mitglieder an. Der Pfarrer oder Gemeindeleiter ist von Amtes wegen im Rat. Die vier anderen Personen werden von den politischen Parteien nominiert und von der Bev\u00f6lkerung an der Urne gew\u00e4hlt, wobei das stille Wahlverfahren m\u00f6glich ist.<\/p>\n\n\n\n<p>Der Kirchenrat trifft sich monatlich zu einer Sitzung zur Behandlung der laufenden Gesch\u00e4fte.<\/p>\n\n\n\n<p>Aktuell setzt sich der Kirchenrat Weggis aus folgenden Mitgliedern zusammen (Amtsdauer 2022 &#8211; 2026):<\/p>\n\n\n\n<h3 class=\"wp-block-heading\">Pr\u00e4sidentin \/ Delegierte Personalkommission (seit 2022)<\/h3>\n\n\n\n<p>Barbara Zurm\u00fchle-Reinecke, Gotthardstrasse 61, 6353 Weggis<br>T: 079 473 34 25, E: <a href=\"mailto: barbara.zurmuehle@seepfarreien.ch\">barbara.zurmuehle@seepfarreien.ch<\/a><\/p>\n\n\n\n<h3 class=\"wp-block-heading\">Vizepr\u00e4sidentin (seit 2022)<\/h3>\n\n\n\n<p>Erika Imgr\u00fcth, Riedmattstrasse 11, 6353 Weggis<br>T: 041 390 20 27, E: <a href=\"mailto:erika.imgrueth@seepfarreien.ch\">erika.imgrueth@seepfarreien.ch<\/a><\/p>\n\n\n\n<h3 class=\"wp-block-heading\">Kirchmeierin (seit 2022)<\/h3>\n\n\n\n<p>Monika Amrein, Hertensteinstrasse 50, 6353 Weggis<br>T: 041 390 33 77, E: <a href=\"mailto:monika.amrein@seepfarreien.ch\">monika.amrein@seepfarreien.ch<\/a><\/p>\n\n\n\n<h3 class=\"wp-block-heading\">Schreiber (seit 2022)<\/h3>\n\n\n\n<p>Markus W\u00fcrsch, Pannerhofstrasse 6, 6353 Weggis<br>E: <a href=\"mailto:markus.wuersch@seepfarreien.ch\">markus.wuersch@seepfarreien.ch<\/a><\/p>\n\n\n\n<h3 class=\"wp-block-heading\">Pastoralraumleiter (seit 2017)<\/h3>\n\n\n\n<p>Michael Brauchart, Rigiblickstrasse 3, 6353 Weggis<br>T: 041 392 00 91, E: <a href=\"mailto:michael.brauchart@seepfarreien.ch\" target=\"_blank\" rel=\"noreferrer noopener\">michael.brauchart@seepfarreien.ch<\/a><\/p>\n\n\n\n<h3 class=\"wp-block-heading\">Pr\u00e4sidium Gesamtkirchenrat <br>Greppen &#8211; Weggis &#8211; Vitznau (ab 24.08.2022)<\/h3>\n\n\n\n<p>Barbara Zurm\u00fchle-Reinecke, Gotthardstrasse 61, 6353 Weggis<br>T: 079 473 34 25, E: <a href=\"mailto:%20barbara.zurmuehle@seepfarreien.ch\">barbara.zurmuehle@seepfarreien.ch<\/a><\/p>\n","protected":false},"excerpt":{"rendered":"<p>Die Kirchgemeinden erm\u00f6glichen die Seelsorge in den Luzerner Pfarreien. In Zusammenarbeit mit der Landeskirche und den pastoral Verantwortlichen setzen sie sich f\u00fcr eine lebendige Kirche ein. In der Verfassung der Landeskirche heisst es: \u00abLandeskirche und Kirchgemeinden besorgen die der kirchlichen T\u00e4tigkeit dienende \u00f6ffentliche Verwaltung.\u00bb Und im Kirchgemeindegesetz: \u00abDie Kirchgemeinden sorgen in ihrem Gemeindegebiet f\u00fcr die [&hellip;]<\/p>\n","protected":false},"author":1,"featured_media":0,"parent":0,"menu_order":32,"comment_status":"closed","ping_status":"closed","template":"","meta":{"footnotes":""},"class_list":["post-96","page","type-page","status-publish","hentry"],"_links":{"self":[{"href":"https:\/\/lottenbach-mediationen.ch\/index.php\/wp-json\/wp\/v2\/pages\/96","targetHints":{"allow":["GET"]}}],"collection":[{"href":"https:\/\/lottenbach-mediationen.ch\/index.php\/wp-json\/wp\/v2\/pages"}],"about":[{"href":"https:\/\/lottenbach-mediationen.ch\/index.php\/wp-json\/wp\/v2\/types\/page"}],"author":[{"embeddable":true,"href":"https:\/\/lottenbach-mediationen.ch\/index.php\/wp-json\/wp\/v2\/users\/1"}],"replies":[{"embeddable":true,"href":"https:\/\/lottenbach-mediationen.ch\/index.php\/wp-json\/wp\/v2\/comments?post=96"}],"version-history":[{"count":0,"href":"https:\/\/lottenbach-mediationen.ch\/index.php\/wp-json\/wp\/v2\/pages\/96\/revisions"}],"wp:attachment":[{"href":"https:\/\/lottenbach-mediationen.ch\/index.php\/wp-json\/wp\/v2\/media?parent=96"}],"curies":[{"name":"wp","href":"https:\/\/api.w.org\/{rel}","templated":true}]}}