{"id":94,"date":"2020-04-22T16:13:28","date_gmt":"2020-04-22T16:13:28","guid":{"rendered":"https:\/\/www.seepfarreien.ch.proculus.sui-inter.net\/?page_id=94"},"modified":"2020-04-22T16:13:28","modified_gmt":"2020-04-22T16:13:28","slug":"kirchgemeinde-greppen","status":"publish","type":"page","link":"https:\/\/lottenbach-mediationen.ch\/index.php\/kirchgemeinde-greppen\/","title":{"rendered":"Kirchgemeinde Greppen"},"content":{"rendered":"\n<p>Die Kirchgemeinden erm\u00f6glichen die Seelsorge in den Luzerner Pfarreien. In Zusammenarbeit mit der Landeskirche und den pastoral Verantwortlichen setzen sie sich f\u00fcr eine lebendige Kirche ein.<\/p>\n\n\n\n<p>In der Verfassung der Landeskirche heisst es: \u00abLandeskirche und Kirchgemeinden besorgen die der kirchlichen T\u00e4tigkeit dienende \u00f6ffentliche Verwaltung.\u00bb Und im Kirchgemeindegesetz: \u00abDie Kirchgemeinden sorgen in ihrem Gemeindegebiet f\u00fcr die religi\u00f6se Betreuung der Katholikinnen und Katholiken.\u00bb<\/p>\n\n\n\n<p>Die Kirchgemeinden regeln zum Beispiel das Dienstverh\u00e4ltnis mit dem Pfarrer oder der Gemeindeleitung und sind zust\u00e4ndig f\u00fcr die Anstellungen kirchlicher Mitarbeiterinnen und Mitarbeiter. Sie schaffen die Rahmenbedingungen f\u00fcr den Religionsunterricht, die kirchliche Jugendarbeit und Erwachsenenbildung sowie die Diakonie, und sie unterhalten die Geb\u00e4ude, die es f\u00fcr das Pfarreileben braucht \u2013 von der Kirche bis zum Pfarreizentrum. Anstellungen eines Pfarrers oder einer Gemeindeleitung nehmen die Kirchgemeinden in Absprache mit den kirchlichen Verantwortlichen vor, also dem Bistum.<\/p>\n\n\n\n<h3 class=\"wp-block-heading\">Mitgestalten, mitentscheiden<\/h3>\n\n\n\n<p>Um diese Aufgaben erf\u00fcllen zu k\u00f6nnen, ziehen die Kirchgemeinden Steuern ein, sie verwalten ihr Verm\u00f6gen und f\u00fchren eine Verwaltung. Die Kirchenmitglieder k\u00f6nnen das kirchliche Leben mitgestalten. Einerseits, indem sie ein- oder zweimal j\u00e4hrlich an der Kirchgemeindeversammlung teilnehmen und hier \u00fcber Wahl- und Sachgesch\u00e4fte entscheiden, anderseits, indem sie sich freiwillig oder ehrenamtlich in der Pfarrei einsetzen.<\/p>\n\n\n\n<p>Die Kirchgemeinden werden von teilweise ehrenamtlich t\u00e4tigen Kirchenr\u00e4tinnen und -r\u00e4ten gef\u00fchrt, die das Volk alle vier Jahre w\u00e4hlt.<\/p>\n\n\n\n<h3 class=\"wp-block-heading\">Das duale System der katholische Kirche Schweiz<\/h3>\n\n\n\n<figure class=\"wp-block-embed is-type-video is-provider-youtube wp-block-embed-youtube wp-embed-aspect-16-9 wp-has-aspect-ratio\"><div class=\"wp-block-embed__wrapper\">\n<iframe loading=\"lazy\" title=\"dual stark \u2013 Das duale System der katholischen Kirche Schweiz\" width=\"500\" height=\"281\" src=\"https:\/\/www.youtube.com\/embed\/N1vEj2HCgHk?feature=oembed\" frameborder=\"0\" allow=\"accelerometer; autoplay; clipboard-write; encrypted-media; gyroscope; picture-in-picture; web-share\" referrerpolicy=\"strict-origin-when-cross-origin\" allowfullscreen><\/iframe>\n<\/div><\/figure>\n\n\n\n<h2 class=\"wp-block-heading\">Aktuelles<\/h2>\n\n\n\n<p>Die jeweilige Einladung zur Kirchgemeinde-Versammlung, welche in der Regel gegen Ende November stattfindet, ist unter <a href=\"https:\/\/lottenbach-mediationen.ch\/veranstaltungen\/\">Veranstaltungen<\/a> zu finden und wird im Pfarreiblatt publiziert. Die Unterlagen dazu sind unter <a href=\"https:\/\/lottenbach-mediationen.ch\/geschaeftsberichte\/\">Gesch\u00e4ftsberichte<\/a> abgelegt.<\/p>\n\n\n\n<h2 class=\"wp-block-heading\">Kirchenrat<\/h2>\n\n\n\n<p>Der Kirchenrat ist die Exekutive der katholischen Kirchgemeinde Greppen. Die Aufgabe dieses Gremiums besteht darin, die Steuereinnahmen so zu verwalten, dass die Seelsorge in der Pfarrei auf lange Sicht gew\u00e4hrleistet ist, und die pastoralen Bed\u00fcrfnisse abgedeckt werden k\u00f6nnen.<\/p>\n\n\n\n<figure class=\"wp-block-image size-large\"><img loading=\"lazy\" decoding=\"async\" width=\"400\" height=\"280\" src=\"https:\/\/lottenbach-mediationen.ch\/wp-content\/uploads\/2024\/06\/kirchenrat_greppen.jpg\" alt=\"\" class=\"wp-image-9521\" srcset=\"https:\/\/lottenbach-mediationen.ch\/wp-content\/uploads\/2024\/06\/kirchenrat_greppen.jpg 400w, https:\/\/lottenbach-mediationen.ch\/wp-content\/uploads\/2024\/06\/kirchenrat_greppen-300x210.jpg 300w\" sizes=\"auto, (max-width: 400px) 100vw, 400px\" \/><figcaption>Kirchenrat Greppen<br>Martin Bitschnau, Sandra Windlin M\u00fcller, Michael Brauchart, Erna Omlin, Christian Muheim<\/figcaption><\/figure>\n\n\n\n<p>Dem Kirchenrat geh\u00f6ren f\u00fcnf Mitglieder an. Vier davon werden vom Volk gew\u00e4hlt. Der Pfarrer oder Gemeindeleiter ist von Amtes wegen Mitglied des Rates. Die Wahl des Kirchenrates erfolgt alle vier Jahre an der Urne, wobei das stille Wahlverfahren m\u00f6glich ist.<\/p>\n\n\n\n<p>Der Kirchenrat trifft sich monatlich zu einer Sitzung zur Behandlung der laufenden Gesch\u00e4fte.<\/p>\n\n\n\n<p>Aktuell setzt sich der Kirchenrat Greppen aus folgenden Mitgliedern zusammen (Amtszeit 2022 &#8211; 2026):<\/p>\n\n\n\n<h3 class=\"wp-block-heading\">Pr\u00e4sident (seit 2018) vakant ab 30.04.2024<\/h3>\n\n\n\n<p>vakant<\/p>\n\n\n\n<h3 class=\"wp-block-heading\">Vizepr\u00e4sident (seit 2022)<\/h3>\n\n\n\n<p>Martin Bitschnau, Spycherweg 3, 6404 Greppen<br>N: 041 780 17 35, E: <a href=\"mailto:martin.bitschnau@seepfarreien.ch\">martin.bitschnau@seepfarreien.ch<\/a> <\/p>\n\n\n\n<h3 class=\"wp-block-heading\">Pastoralraumleiter (seit 2017)<\/h3>\n\n\n\n<p>Michael Brauchart, Rigiblickstrasse 3, 6353 Weggis<br>T: 041 392 00 91, E: <a href=\"mailto:michael.brauchart@seepfarreien.ch\" target=\"_blank\" rel=\"noreferrer noopener\">michael.brauchart@seepfarreien.ch<\/a><\/p>\n\n\n\n<h3 class=\"wp-block-heading\">Kirchenr\u00e4tin (seit 2024)<\/h3>\n\n\n\n<p>Sandra Windlin M\u00fcller, Lohrihof 11, 6404 Greppen<br>T: 041 390 33 37, <\/p>\n\n\n\n<h3 class=\"wp-block-heading\">Kirchmeier (seit 2006)<\/h3>\n\n\n\n<p>Christian Muheim, B\u00fchlhof 1, 6404 Greppen<br>T: 041 390 37 50, E: <a href=\"mailto:christian.muheim@seepfarreien.ch\">christian.muheim@seepfarreien.ch<\/a><\/p>\n\n\n\n<h3 class=\"wp-block-heading\">Schreiberin (ohne Stimmrecht; seit 2015)<\/h3>\n\n\n\n<p>Erna Omlin, Lohri 11a, 6404 Greppen<br>T: 041 390 36 56, E: <a href=\"mailto:erna.omlin@seepfarreien.ch\">erna.omlin@seepfarreien.ch<\/a><\/p>\n\n\n\n<h3 class=\"wp-block-heading\">Pr\u00e4sidium Gesamtkirchenrat <br>Greppen &#8211; Weggis &#8211; Vitznau (ab 24.08.2022)<\/h3>\n\n\n\n<p>Barbara Zurm\u00fchle-Reinecke, Gotthardstrasse 61, 6353 Weggis<br>T: 079 473 34 25, E: <a href=\"mailto:%20barbara.zurmuehle@seepfarreien.ch\">barbara.zurmuehle@seepfarreien.ch<\/a><\/p>\n","protected":false},"excerpt":{"rendered":"<p>Die Kirchgemeinden erm\u00f6glichen die Seelsorge in den Luzerner Pfarreien. In Zusammenarbeit mit der Landeskirche und den pastoral Verantwortlichen setzen sie sich f\u00fcr eine lebendige Kirche ein. In der Verfassung der Landeskirche heisst es: \u00abLandeskirche und Kirchgemeinden besorgen die der kirchlichen T\u00e4tigkeit dienende \u00f6ffentliche Verwaltung.\u00bb Und im Kirchgemeindegesetz: \u00abDie Kirchgemeinden sorgen in ihrem Gemeindegebiet f\u00fcr die [&hellip;]<\/p>\n","protected":false},"author":1,"featured_media":0,"parent":0,"menu_order":31,"comment_status":"closed","ping_status":"closed","template":"","meta":{"footnotes":""},"class_list":["post-94","page","type-page","status-publish","hentry"],"_links":{"self":[{"href":"https:\/\/lottenbach-mediationen.ch\/index.php\/wp-json\/wp\/v2\/pages\/94","targetHints":{"allow":["GET"]}}],"collection":[{"href":"https:\/\/lottenbach-mediationen.ch\/index.php\/wp-json\/wp\/v2\/pages"}],"about":[{"href":"https:\/\/lottenbach-mediationen.ch\/index.php\/wp-json\/wp\/v2\/types\/page"}],"author":[{"embeddable":true,"href":"https:\/\/lottenbach-mediationen.ch\/index.php\/wp-json\/wp\/v2\/users\/1"}],"replies":[{"embeddable":true,"href":"https:\/\/lottenbach-mediationen.ch\/index.php\/wp-json\/wp\/v2\/comments?post=94"}],"version-history":[{"count":0,"href":"https:\/\/lottenbach-mediationen.ch\/index.php\/wp-json\/wp\/v2\/pages\/94\/revisions"}],"wp:attachment":[{"href":"https:\/\/lottenbach-mediationen.ch\/index.php\/wp-json\/wp\/v2\/media?parent=94"}],"curies":[{"name":"wp","href":"https:\/\/api.w.org\/{rel}","templated":true}]}}