{"id":88,"date":"2020-04-22T16:09:21","date_gmt":"2020-04-22T16:09:21","guid":{"rendered":"https:\/\/www.seepfarreien.ch.proculus.sui-inter.net\/?page_id=88"},"modified":"2020-04-22T16:09:21","modified_gmt":"2020-04-22T16:09:21","slug":"pfarreiblaetter","status":"publish","type":"page","link":"https:\/\/lottenbach-mediationen.ch\/index.php\/pfarreiblaetter\/","title":{"rendered":"Pfarreibl\u00e4tter"},"content":{"rendered":"\n<div class=\"wp-block-group\"><div class=\"wp-block-group__inner-container is-layout-flow wp-block-group-is-layout-flow\">\n<p>Die Pfarreiangeh\u00f6rigen werden regelm\u00e4ssig \u00fcber Neuigkeiten und alles Wissenswerte&nbsp; aus unserer Pfarrei durch das Pfarreiblatt orientiert. Dieses erscheint alle zwei Wochen und wird in s\u00e4mtliche katholischen Haushaltungen versandt. Es lohnt sich, einem Blick hinein zu werfen; viele interessante Artikel und unsere &#8222;News&#8220; warten auf Sie.<\/p>\n\n\n\n<div class=\"wp-block-file\"><a href=\"https:\/\/lottenbach-mediationen.ch\/wp-content\/uploads\/2025\/11\/21-2025-01.12.-15.12.2025-Pfarreiblatt-Luzerner-Seepfarreien.pdf\">21 2025 01.12. &#8211; 15.12.2025 Pfarreiblatt Luzerner Seepfarreien<\/a><\/div>\n\n\n\n<div class=\"wp-block-file\"><a href=\"https:\/\/lottenbach-mediationen.ch\/wp-content\/uploads\/2025\/11\/20-2025-16.11.-30.11.2025-Pfarreiblatt-Luzerner-Seepfarreien.pdf\">20 2025 16.11. &#8211; 30.11.2025 Pfarreiblatt Luzerner Seepfarreien<\/a><\/div>\n\n\n\n<div class=\"wp-block-file\"><a href=\"https:\/\/lottenbach-mediationen.ch\/wp-content\/uploads\/2025\/10\/19-2025-01.11.-15.11.2025-Pfarreiblatt-Luzerner-Seepfarreien.pdf\">19 2025 01.11. &#8211; 15.11.2025 Pfarreiblatt Luzerner Seepfarreien<\/a><\/div>\n\n\n\n<div class=\"wp-block-file\"><a href=\"https:\/\/lottenbach-mediationen.ch\/wp-content\/uploads\/2025\/09\/17-18-2025-01.10.-31.10.2025-Pfarreiblatt-Luzerner-Seepfarreien.pdf\">17-18 2025 01.10. &#8211; 31.10.2025 Pfarreiblatt Luzerner Seepfarreien<\/a><\/div>\n\n\n\n<div class=\"wp-block-file\"><a href=\"https:\/\/lottenbach-mediationen.ch\/wp-content\/uploads\/2025\/09\/16-2025-16.09.-30.09.2025-Pfarreiblatt-Luzerner-Seepfarreien.pdf\">16 2025 16.09. &#8211; 30.09.2025 Pfarreiblatt Luzerner Seepfarreien<\/a><\/div>\n\n\n\n<div class=\"wp-block-file\"><a href=\"https:\/\/lottenbach-mediationen.ch\/wp-content\/uploads\/2020\/06\/15-2025-01.09.-15.09.2025-Pfarreiblatt-Luzerner-Seepfarreien.pdf\">15 2025 01.09. &#8211; 15.09.2025 Pfarreiblatt Luzerner Seepfarreien<\/a><\/div>\n\n\n\n<div class=\"wp-block-file\"><a href=\"https:\/\/lottenbach-mediationen.ch\/wp-content\/uploads\/2025\/07\/14-2025-01.08.-31.08.2025-Pfarreiblatt-Luzerner-Seepfarreien.pdf\">14 2025 01.08. &#8211; 31.08.2025 Pfarreiblatt Luzerner Seepfarreien<\/a><\/div>\n\n\n\n<div class=\"wp-block-file\"><a href=\"https:\/\/lottenbach-mediationen.ch\/wp-content\/uploads\/2025\/06\/13-2025-01.07.-31.07.2025-Pfarreiblatt-Luzerner-Seepfarreien.pdf\">13 2025 01.07. &#8211; 31.07.2025 Pfarreiblatt Luzerner Seepfarreien<\/a><\/div>\n<\/div><\/div>\n","protected":false},"excerpt":{"rendered":"<p>Die Pfarreiangeh\u00f6rigen werden regelm\u00e4ssig \u00fcber Neuigkeiten und alles Wissenswerte&nbsp; aus unserer Pfarrei durch das Pfarreiblatt orientiert. Dieses erscheint alle zwei Wochen und wird in s\u00e4mtliche katholischen Haushaltungen versandt. Es lohnt sich, einem Blick hinein zu werfen; viele interessante Artikel und unsere &#8222;News&#8220; warten auf Sie.<\/p>\n","protected":false},"author":1,"featured_media":0,"parent":0,"menu_order":28,"comment_status":"closed","ping_status":"closed","template":"","meta":{"footnotes":""},"class_list":["post-88","page","type-page","status-publish","hentry"],"_links":{"self":[{"href":"https:\/\/lottenbach-mediationen.ch\/index.php\/wp-json\/wp\/v2\/pages\/88","targetHints":{"allow":["GET"]}}],"collection":[{"href":"https:\/\/lottenbach-mediationen.ch\/index.php\/wp-json\/wp\/v2\/pages"}],"about":[{"href":"https:\/\/lottenbach-mediationen.ch\/index.php\/wp-json\/wp\/v2\/types\/page"}],"author":[{"embeddable":true,"href":"https:\/\/lottenbach-mediationen.ch\/index.php\/wp-json\/wp\/v2\/users\/1"}],"replies":[{"embeddable":true,"href":"https:\/\/lottenbach-mediationen.ch\/index.php\/wp-json\/wp\/v2\/comments?post=88"}],"version-history":[{"count":0,"href":"https:\/\/lottenbach-mediationen.ch\/index.php\/wp-json\/wp\/v2\/pages\/88\/revisions"}],"wp:attachment":[{"href":"https:\/\/lottenbach-mediationen.ch\/index.php\/wp-json\/wp\/v2\/media?parent=88"}],"curies":[{"name":"wp","href":"https:\/\/api.w.org\/{rel}","templated":true}]}}