{"id":84,"date":"2020-04-22T16:07:21","date_gmt":"2020-04-22T16:07:21","guid":{"rendered":"https:\/\/www.seepfarreien.ch.proculus.sui-inter.net\/?page_id=84"},"modified":"2020-04-22T16:07:21","modified_gmt":"2020-04-22T16:07:21","slug":"dokumente","status":"publish","type":"page","link":"https:\/\/lottenbach-mediationen.ch\/index.php\/dokumente\/","title":{"rendered":"Dokumente \/ Einsatzpl\u00e4ne"},"content":{"rendered":"\n<h2 class=\"wp-block-heading\">Erstkommunion<\/h2>\n\n\n\n<div class=\"wp-block-file\"><a href=\"https:\/\/lottenbach-mediationen.ch\/wp-content\/uploads\/2020\/07\/1.-Infobrief-EK-2026-Seepfarreien.pdf\">1. Infobrief EK 2026 Seepfarreien<\/a><\/div>\n\n\n\n<div class=\"wp-block-file\"><a href=\"https:\/\/lottenbach-mediationen.ch\/wp-content\/uploads\/2025\/09\/Anmeldung-zur-Erstkommunion-2026.pdf\">Anmeldung zur Erstkommunion 2026<\/a><\/div>\n\n\n\n<div class=\"wp-block-file\"><a href=\"https:\/\/lottenbach-mediationen.ch\/wp-content\/uploads\/2025\/09\/EK-2026-Termine-Erstkommunion-Stand-09.09.2025.pdf\">EK 2026 &#8211; Termine Erstkommunion Stand 09.09.2025<\/a><\/div>\n\n\n\n<h2 class=\"wp-block-heading\">Erwachsenenbildung<\/h2>\n\n\n\n<h2 class=\"wp-block-heading\">Firmweg 17+<\/h2>\n\n\n\n<div class=\"wp-block-file\"><a href=\"https:\/\/lottenbach-mediationen.ch\/wp-content\/uploads\/2024\/04\/Termine-2024-25-Firmweg-Luzerner-Seepfarreien.pdf\">Termine 2024-25 Firmweg Luzerner Seepfarreien<\/a><\/div>\n\n\n\n<div class=\"wp-block-file\"><a href=\"https:\/\/lottenbach-mediationen.ch\/wp-content\/uploads\/2024\/08\/FI-24-25-Firmweg-Engagement-Liste.pdf\">FI 24-25 Firmweg-Engagement Liste<\/a><\/div>\n\n\n\n<div class=\"wp-block-file\"><a href=\"https:\/\/lottenbach-mediationen.ch\/wp-content\/uploads\/2020\/06\/Termine-Firmweg-2025-26.pdf\">Termine Firmweg 2025-26<\/a><\/div>\n\n\n\n<div class=\"wp-block-file\"><a href=\"https:\/\/lottenbach-mediationen.ch\/wp-content\/uploads\/2020\/06\/FI-25-26-Firmweg-Engagement-Liste.pdf\">FI 25-26 Firmweg-Engagement Liste<\/a><\/div>\n\n\n\n<h2 class=\"wp-block-heading\">Freiwilligen-Pool<\/h2>\n\n\n\n<div class=\"wp-block-file\"><a href=\"https:\/\/lottenbach-mediationen.ch\/wp-content\/uploads\/2020\/05\/Freiwilligen-Pool.pdf\">Dokumente_Freiwilligen-Pool_Seepfarreien<\/a><\/div>\n\n\n\n<h2 class=\"wp-block-heading\">Kinder- und Familienangebote<\/h2>\n\n\n\n<div class=\"wp-block-file\"><a href=\"https:\/\/lottenbach-mediationen.ch\/wp-content\/uploads\/2025\/06\/2025-Angebot-fuer-Kinder-und-Familien-2.-Hj.pdf\">2025 Angebote f\u00fcr Kinder und Familien 2. Hj<\/a><\/div>\n\n\n\n<div class=\"wp-block-file\"><a href=\"https:\/\/lottenbach-mediationen.ch\/wp-content\/uploads\/2025\/06\/Wellingtonia-Daten-2.-Hj-2025.pdf\">Wellingtonia-Daten 2. Hj 2025<\/a><\/div>\n\n\n\n<div class=\"wp-block-file\"><a href=\"https:\/\/lottenbach-mediationen.ch\/wp-content\/uploads\/2025\/10\/Wellingtonia-Daten-Januar-bis-Juni-2026.pdf\">Wellingtonia-Daten 1. Hj 2026<\/a><\/div>\n\n\n\n<h2 class=\"wp-block-heading\">Kirchenein- und austritt<\/h2>\n\n\n\n<div class=\"wp-block-file\"><a href=\"https:\/\/lottenbach-mediationen.ch\/wp-content\/uploads\/2024\/04\/Kircheneintritt-Vorlage-Luzerner-Seepfarreien-1.pdf\">Kircheneintritt &#8211; Vorlage Luzerner Seepfarreien<\/a><\/div>\n\n\n\n<p><a href=\"http:\/\/www.kircheneintritt.ch\" target=\"_blank\" rel=\"noreferrer noopener\">kircheneintritt.ch<\/a><\/p>\n\n\n\n<p><a href=\"https:\/\/www.kirchensteuern-sei-dank.ch\/\">kirchensteuern-sei-dank.ch<\/a><\/p>\n\n\n\n<h2 class=\"wp-block-heading\">Landeskirche Luzern<\/h2>\n\n\n\n<div class=\"wp-block-file\"><a href=\"https:\/\/lottenbach-mediationen.ch\/wp-content\/uploads\/2020\/06\/Kirche-kommt-an.pdf\">Kirche kommt an<\/a><\/div>\n\n\n\n<h2 class=\"wp-block-heading\">Ministranten <\/h2>\n\n\n\n<div class=\"wp-block-file\"><a href=\"https:\/\/lottenbach-mediationen.ch\/wp-content\/uploads\/2025\/10\/Miniplan-Weggis-08.11.2025-21.12.2025.pdf\">Miniplan Weggis 08.11.2025 &#8211; 21.12.2025<\/a><\/div>\n\n\n\n<div class=\"wp-block-file\"><a href=\"https:\/\/lottenbach-mediationen.ch\/wp-content\/uploads\/2025\/10\/Miniplan-Weggis-24.12.2025-01.02.2026.pdf\">Miniplan Weggis 24.12.2025 &#8211; 01.02.2026<\/a><\/div>\n\n\n\n<div class=\"wp-block-file\"><a href=\"https:\/\/lottenbach-mediationen.ch\/wp-content\/uploads\/2020\/05\/2025-Miniplan-Vitznau-September-bis-Dezember.pdf\">2025 Miniplan Vitznau September bis Dezember<\/a><\/div>\n\n\n\n<h2 class=\"wp-block-heading\">Offene kirchliche Jugendarbeit<\/h2>\n\n\n\n<div class=\"wp-block-file\"><a href=\"https:\/\/lottenbach-mediationen.ch\/wp-content\/uploads\/2025\/11\/Erste-kantonale-kirchliche-Jugendreise-im-Kanton-Luzern.pdf\">Erste kantonale kirchliche Jugendreise im Kanton Luzern<\/a><\/div>\n\n\n\n<div class=\"wp-block-file\"><a href=\"https:\/\/lottenbach-mediationen.ch\/wp-content\/uploads\/2024\/12\/Join-US-Jugendarbeit.pdf\">Join US Jugendarbeit<\/a><\/div>\n\n\n\n<h2 class=\"wp-block-heading\">Pfarreiprofile<\/h2>\n\n\n\n<div class=\"wp-block-file\"><a href=\"https:\/\/lottenbach-mediationen.ch\/wp-content\/uploads\/2020\/07\/Pfarreiprofil-Greppen-07-2020.pdf\">Pfarreiprofil Greppen 07-2020<\/a><\/div>\n\n\n\n<div class=\"wp-block-file\"><a href=\"https:\/\/lottenbach-mediationen.ch\/wp-content\/uploads\/2020\/07\/Pfarreiprofil-Weggis-07-2020.pdf\">Pfarreiprofil Weggis 07-2020<\/a><\/div>\n\n\n\n<div class=\"wp-block-file\"><a href=\"https:\/\/lottenbach-mediationen.ch\/wp-content\/uploads\/2020\/07\/Pfarreiprofil-Vitznau-07-2020.pdf\">Pfarreiprofil Vitznau 07-2020<\/a><\/div>\n\n\n\n<h2 class=\"anchor wp-block-heading\" id=\"religionsunterricht\">Religionsunterricht<\/h2>\n\n\n\n<div class=\"wp-block-file\"><a href=\"https:\/\/lottenbach-mediationen.ch\/wp-content\/uploads\/2025\/07\/Notfallzettel-Vorlage.pdf\">Notfallzettel Vorlage<\/a><\/div>\n\n\n\n<div class=\"wp-block-file\"><a href=\"https:\/\/lottenbach-mediationen.ch\/wp-content\/uploads\/2025\/06\/Brief-Solidaritaetsbeitrag-fuer-Nichtkonfessionelle-2025-2026.pdf\">Brief Solidarit\u00e4tsbeitrag f\u00fcr Nichtkonfessionelle 2025-2026<\/a><\/div>\n\n\n\n<div class=\"wp-block-file\"><a href=\"https:\/\/lottenbach-mediationen.ch\/wp-content\/uploads\/2024\/07\/Elternbrief-Staerkung-des-Religionsunterrichts-in-den-Seegemeinden.pdf\">Elternbrief St\u00e4rkung des Religionsunterrichts in den Seegemeinden<\/a><\/div>\n\n\n\n<div class=\"wp-block-file\"><a href=\"https:\/\/lottenbach-mediationen.ch\/wp-content\/uploads\/2025\/07\/2025-Elternbrief-1.2.-Klasse-Greppen-Basisstufe-Berg.pdf\">2025 Elternbrief 1.2. Klasse Greppen Basisstufe Berg<\/a><\/div>\n\n\n\n<div class=\"wp-block-file\"><a href=\"https:\/\/lottenbach-mediationen.ch\/wp-content\/uploads\/2025\/07\/2025-Elternbrief-1.2.Klasse-Greppen-Basisstufe-See.pdf\">2025 Elternbrief 1.2.Klasse Greppen Basisstufe See<\/a><\/div>\n\n\n\n<div class=\"wp-block-file\"><a href=\"https:\/\/lottenbach-mediationen.ch\/wp-content\/uploads\/2025\/06\/2025-Elternbrief-1.Klasse-A-Weggis-RU-oekumenisch.pdf\">2025 Elternbrief 1.Klasse A Weggis RU \u00f6kumenisch<\/a><\/div>\n\n\n\n<div class=\"wp-block-file\"><a href=\"https:\/\/lottenbach-mediationen.ch\/wp-content\/uploads\/2025\/06\/2025-Elternbrief-1.Klasse-B-Weggis-RU-oekumenisch.pdf\">2025 Elternbrief 1.Klasse B Weggis RU \u00f6kumenisch<\/a><\/div>\n\n\n\n<div class=\"wp-block-file\"><a href=\"https:\/\/lottenbach-mediationen.ch\/wp-content\/uploads\/2025\/06\/2025-Elternbrief-1.Klasse-Vitznau-RU-oekumensich.pdf\">2025 Elternbrief 1.Klasse Vitznau RU \u00f6kumenisch<\/a><\/div>\n\n\n\n<div class=\"wp-block-file\"><a href=\"https:\/\/lottenbach-mediationen.ch\/wp-content\/uploads\/2025\/06\/2025-Elternbrief-2.Klassse-Weggis-RU-oekumenisch-Gruppe-Montag.pdf\">2025 Elternbrief 2.Klassse Weggis RU \u00f6kumenisch Gruppe Montag<\/a><\/div>\n\n\n\n<div class=\"wp-block-file\"><a href=\"https:\/\/lottenbach-mediationen.ch\/wp-content\/uploads\/2025\/06\/2025-Elternbrief-2.Klasse-Weggis-RU-oekumenisch-Gruppe-Dienstag.pdf\">2025 Elternbrief 2.Klasse Weggis RU \u00f6kumenisch Gruppe Dienstag<\/a><\/div>\n\n\n\n<div class=\"wp-block-file\"><a href=\"https:\/\/lottenbach-mediationen.ch\/wp-content\/uploads\/2025\/06\/2025-Elternbrief-2.Klasse-Vitznau-RU-oekumenisch.pdf\">2025 Elternbrief 2.Klasse Vitznau RU \u00f6kumenisch<\/a><\/div>\n\n\n\n<div class=\"wp-block-file\"><a href=\"https:\/\/lottenbach-mediationen.ch\/wp-content\/uploads\/2025\/06\/2025-Elternbrief-3.Klasse-Weggis-RU-oekumenisch.pdf\">2025 Elternbrief 3.Klasse Weggis RU \u00f6kumenisch<\/a><\/div>\n\n\n\n<div class=\"wp-block-file\"><a href=\"https:\/\/lottenbach-mediationen.ch\/wp-content\/uploads\/2025\/06\/2025-Elternbrief-3.4.Klasse-Vitznau-RU-oekumenisch.pdf\">2025 Elternbrief 3.4.Klasse Vitznau RU \u00f6kumenisch<\/a><\/div>\n\n\n\n<div class=\"wp-block-file\"><a href=\"https:\/\/lottenbach-mediationen.ch\/wp-content\/uploads\/2025\/06\/2025-Elternbrief-4.Klasse-A-Weggis-RU-oekumenisch.pdf\">2025 Elternbrief 4.Klasse A Weggis RU \u00f6kumenisch<\/a><\/div>\n\n\n\n<div class=\"wp-block-file\"><a href=\"https:\/\/lottenbach-mediationen.ch\/wp-content\/uploads\/2025\/06\/2025-Elternbrief-4.Klasse-B-Weggis-RU-oekumenisch.pdf\">2025 Elternbrief 4.Klasse B Weggis RU \u00f6kumenisch<\/a><\/div>\n\n\n\n<div class=\"wp-block-file\"><a href=\"https:\/\/lottenbach-mediationen.ch\/wp-content\/uploads\/2025\/06\/2025-Elternbrief-5.Klassen-RU-Angebot-ausserschulisch.pdf\">2025 Elternbrief 5.Klassen RU Angebot ausserschulisch<\/a><\/div>\n\n\n\n<div class=\"wp-block-file\"><a href=\"https:\/\/lottenbach-mediationen.ch\/wp-content\/uploads\/2025\/06\/2025-Elternbrief-6.Klassen-RU-Angebot-ausserschulisch.pdf\">2025 Elternbrief 6.Klassen RU Angebot ausserschulisch<\/a><\/div>\n\n\n\n<div class=\"wp-block-file\"><a href=\"https:\/\/lottenbach-mediationen.ch\/wp-content\/uploads\/2025\/06\/Religionsdaten-ISS-2025_2026-def..pdf\">Religionsdaten ISS 2025_2026 def.<\/a><\/div>\n\n\n\n<div class=\"wp-block-file\"><a href=\"https:\/\/lottenbach-mediationen.ch\/wp-content\/uploads\/2025\/06\/Neues-Konzept-7.-Klasse-2025_2026.pdf\">Neues Konzept 7. Klasse 2025_2026<\/a><\/div>\n\n\n\n<div class=\"wp-block-file\"><a href=\"https:\/\/lottenbach-mediationen.ch\/wp-content\/uploads\/2025\/06\/Religionsleporello_SpuR-7.-Klasse_Seepfarreien_2025-2026.pdf\">Religionsleporello_SpuR 7. Klasse_Seepfarreien_2025-2026<\/a><\/div>\n\n\n\n<div class=\"wp-block-file\"><a href=\"https:\/\/lottenbach-mediationen.ch\/wp-content\/uploads\/2025\/06\/Anmeldungstalon.pdf\">Anmeldungstalon Religionsunterricht 7. Klasse<\/a><\/div>\n\n\n\n<h2 class=\"wp-block-heading\">Selbstverpflichtung<\/h2>\n\n\n\n<div class=\"wp-block-file\"><a href=\"https:\/\/lottenbach-mediationen.ch\/wp-content\/uploads\/2023\/09\/Stellungnahme-zu-den-sexuellen-Missbraeuchen.pdf\">Stellungnahme zu den sexuellen Missbr\u00e4uchen<\/a><\/div>\n\n\n\n<div class=\"wp-block-file\"><a href=\"https:\/\/lottenbach-mediationen.ch\/wp-content\/uploads\/2020\/05\/Selbstverpflichtung-Pastoralraum-Luzerner-Seepfarreien.pdf\">Dokumente_Selbstverpflichtung_Pastoralraum_Luzerner_Seepfarreien<\/a><\/div>\n\n\n\n<h2 class=\"wp-block-heading\">Seniorenaktivit\u00e4t<\/h2>\n\n\n\n<div class=\"wp-block-file\"><a href=\"https:\/\/lottenbach-mediationen.ch\/wp-content\/uploads\/2025\/06\/Seniorenausflug-vom-25.-August-2025.pdf\">Seniorenausflug vom 25. August 2025<\/a><\/div>\n\n\n\n<div class=\"wp-block-file\"><a href=\"https:\/\/lottenbach-mediationen.ch\/wp-content\/uploads\/2020\/06\/Besuchs-und-Begleitdienst-SRK-Luzern.pdf\">Besuchs- und Begleitdienst &#8211; SRK Luzern<\/a><\/div>\n\n\n\n<h2 class=\"wp-block-heading\">Sternsingen<\/h2>\n\n\n\n<div class=\"wp-block-file\"><a href=\"https:\/\/lottenbach-mediationen.ch\/wp-content\/uploads\/2023\/01\/2024-Sternsingerwerbung-Seepfarreien.pdf\">Sternsingerwerbung Seepfarreien<\/a><\/div>\n\n\n\n<div class=\"wp-block-file\"><a href=\"https:\/\/lottenbach-mediationen.ch\/wp-content\/uploads\/2025\/11\/Werbung-Sternsinger-Aktion-2026.pdf\">Werbung Sternsinger Aktion 2026<\/a><\/div>\n\n\n\n<h2 class=\"wp-block-heading\">Vers\u00f6hnungsweg<\/h2>\n\n\n\n<div class=\"wp-block-file\"><a href=\"https:\/\/lottenbach-mediationen.ch\/wp-content\/uploads\/2024\/11\/2025-Einladung-Infoabend-Versoehnungsweg.pdf\">2025 Einladung Infoabend Vers\u00f6hnungsweg<\/a><\/div>\n\n\n\n<div class=\"wp-block-file\"><a href=\"https:\/\/lottenbach-mediationen.ch\/wp-content\/uploads\/2025\/01\/2025-Daten-Versoehnungsweg.pdf\">2025 Daten Vers\u00f6hnungsweg<\/a><\/div>\n\n\n\n<div class=\"wp-block-file\"><a href=\"https:\/\/lottenbach-mediationen.ch\/wp-content\/uploads\/2024\/11\/2025-An-Abmeldung-Versoehnungsweg.pdf\">2025 An-Abmeldung Vers\u00f6hnungsweg<\/a><\/div>\n\n\n\n<div class=\"wp-block-file\"><a href=\"https:\/\/lottenbach-mediationen.ch\/wp-content\/uploads\/2024\/11\/2025-Daten-und-Ausflug-Versoehnungsweg.pdf\">2025 Daten und Ausflug Vers\u00f6hnungsweg<\/a><\/div>\n\n\n\n<div class=\"wp-block-file\"><a href=\"https:\/\/lottenbach-mediationen.ch\/wp-content\/uploads\/2025\/01\/2026-Daten-Versoehnungsweg.pdf\">2026 Daten Vers\u00f6hnungsweg<\/a><\/div>\n\n\n\n<h2 class=\"wp-block-heading\">Weihnachtsp\u00e4ckli-Aktion<\/h2>\n\n\n\n<div class=\"wp-block-file\"><a href=\"https:\/\/lottenbach-mediationen.ch\/wp-content\/uploads\/2025\/11\/2025-Aktion-Weihnachtspaeckli.pdf\">2025 Aktion Weihnachtsp\u00e4ckli<\/a><\/div>\n","protected":false},"excerpt":{"rendered":"<p>Erstkommunion Erwachsenenbildung Firmweg 17+ Freiwilligen-Pool Kinder- und Familienangebote Kirchenein- und austritt kircheneintritt.ch kirchensteuern-sei-dank.ch Landeskirche Luzern Ministranten Offene kirchliche Jugendarbeit Pfarreiprofile Religionsunterricht Selbstverpflichtung Seniorenaktivit\u00e4t Sternsingen Vers\u00f6hnungsweg Weihnachtsp\u00e4ckli-Aktion<\/p>\n","protected":false},"author":1,"featured_media":0,"parent":0,"menu_order":26,"comment_status":"closed","ping_status":"closed","template":"","meta":{"footnotes":""},"class_list":["post-84","page","type-page","status-publish","hentry"],"_links":{"self":[{"href":"https:\/\/lottenbach-mediationen.ch\/index.php\/wp-json\/wp\/v2\/pages\/84","targetHints":{"allow":["GET"]}}],"collection":[{"href":"https:\/\/lottenbach-mediationen.ch\/index.php\/wp-json\/wp\/v2\/pages"}],"about":[{"href":"https:\/\/lottenbach-mediationen.ch\/index.php\/wp-json\/wp\/v2\/types\/page"}],"author":[{"embeddable":true,"href":"https:\/\/lottenbach-mediationen.ch\/index.php\/wp-json\/wp\/v2\/users\/1"}],"replies":[{"embeddable":true,"href":"https:\/\/lottenbach-mediationen.ch\/index.php\/wp-json\/wp\/v2\/comments?post=84"}],"version-history":[{"count":0,"href":"https:\/\/lottenbach-mediationen.ch\/index.php\/wp-json\/wp\/v2\/pages\/84\/revisions"}],"wp:attachment":[{"href":"https:\/\/lottenbach-mediationen.ch\/index.php\/wp-json\/wp\/v2\/media?parent=84"}],"curies":[{"name":"wp","href":"https:\/\/api.w.org\/{rel}","templated":true}]}}