{"id":8251,"date":"2023-03-15T20:20:29","date_gmt":"2023-03-15T19:20:29","guid":{"rendered":"https:\/\/www.seepfarreien.ch\/?page_id=8251"},"modified":"2023-03-15T20:20:29","modified_gmt":"2023-03-15T19:20:29","slug":"gehdankenweg","status":"publish","type":"page","link":"https:\/\/lottenbach-mediationen.ch\/index.php\/gehdankenweg\/","title":{"rendered":"Ge(h)dankenweg"},"content":{"rendered":"\n<p>Der <a href=\"https:\/\/ge-h-dankenweg.seepfarreien.ch\/\">Ge(h)dankenweg<\/a> l\u00e4dt uns ein, im Gehen ohne Start und ohne Ziel, unterwegs zu sein. Die gestalteten Orte inspirieren zur Auseinandersetzung mit wesentlichen Lebensthemen und Sinnfragen. Lassen wir dabei die Natur, die Aussicht, die Umgebung auf uns wirken und zu uns sprechen. Tiefgang und Weitsicht laden zum Verweilen ein und \u00f6ffnen neue Horizonte &#8211; Gedanken im Aufwind.<\/p>\n\n\n\n<p>Nebst den Denkanst\u00f6ssen vor Ort k\u00f6nnen weitere Aktivit\u00e4ten und Informationen via QR-Code auf dem Smartphone abgerufen werden.<\/p>\n\n\n\n<p>Der Ge(h)dankenweg ist im Jahr 2022 zum 10-j\u00e4hrigen Jubil\u00e4um des Pastoralraumes entstanden. Er wurde initiiert und geschaffen durch aktive Mitglieder der Luzerner Seepfarreien und f\u00fchrt durch Gemeindegebiet von Greppen, Weggis (inklusive Rigi Kaltbad) und Vitznau.<\/p>\n\n\n\n<p>Lassen Sie sich \u00fcberraschen und beschenken.<\/p>\n\n\n\n<p>Pastoralraumteam und Arbeitsgruppe heissen Sie herzlich willkommen!<\/p>\n","protected":false},"excerpt":{"rendered":"<p>Der Ge(h)dankenweg l\u00e4dt uns ein, im Gehen ohne Start und ohne Ziel, unterwegs zu sein. Die gestalteten Orte inspirieren zur Auseinandersetzung mit wesentlichen Lebensthemen und Sinnfragen. Lassen wir dabei die Natur, die Aussicht, die Umgebung auf uns wirken und zu uns sprechen. Tiefgang und Weitsicht laden zum Verweilen ein und \u00f6ffnen neue Horizonte &#8211; Gedanken [&hellip;]<\/p>\n","protected":false},"author":1,"featured_media":8259,"parent":0,"menu_order":0,"comment_status":"closed","ping_status":"closed","template":"","meta":{"footnotes":""},"class_list":["post-8251","page","type-page","status-publish","has-post-thumbnail","hentry"],"_links":{"self":[{"href":"https:\/\/lottenbach-mediationen.ch\/index.php\/wp-json\/wp\/v2\/pages\/8251","targetHints":{"allow":["GET"]}}],"collection":[{"href":"https:\/\/lottenbach-mediationen.ch\/index.php\/wp-json\/wp\/v2\/pages"}],"about":[{"href":"https:\/\/lottenbach-mediationen.ch\/index.php\/wp-json\/wp\/v2\/types\/page"}],"author":[{"embeddable":true,"href":"https:\/\/lottenbach-mediationen.ch\/index.php\/wp-json\/wp\/v2\/users\/1"}],"replies":[{"embeddable":true,"href":"https:\/\/lottenbach-mediationen.ch\/index.php\/wp-json\/wp\/v2\/comments?post=8251"}],"version-history":[{"count":0,"href":"https:\/\/lottenbach-mediationen.ch\/index.php\/wp-json\/wp\/v2\/pages\/8251\/revisions"}],"wp:featuredmedia":[{"embeddable":true,"href":"https:\/\/lottenbach-mediationen.ch\/index.php\/wp-json\/wp\/v2\/media\/8259"}],"wp:attachment":[{"href":"https:\/\/lottenbach-mediationen.ch\/index.php\/wp-json\/wp\/v2\/media?parent=8251"}],"curies":[{"name":"wp","href":"https:\/\/api.w.org\/{rel}","templated":true}]}}