{"id":77,"date":"2020-04-22T15:44:47","date_gmt":"2020-04-22T15:44:47","guid":{"rendered":"https:\/\/www.seepfarreien.ch.proculus.sui-inter.net\/?page_id=77"},"modified":"2020-04-22T15:44:47","modified_gmt":"2020-04-22T15:44:47","slug":"zusammenarbeit","status":"publish","type":"page","link":"https:\/\/lottenbach-mediationen.ch\/index.php\/zusammenarbeit\/","title":{"rendered":"Zusammenarbeit"},"content":{"rendered":"\n<p>Unz\u00e4hlige Vereine und Organisationen (Sport, Musik, Gesang, Kultur, Brauchtum, etc.) engagieren sich in den D\u00f6rfern der Seegemeinden. Sie bereichern auch das kirchliche Leben in unserem Pastoralraum. An dieser Stelle sind diejenigen aufgef\u00fchrt, die in irgendeiner Form mit uns vernetzt sind. Wir sind dankbar f\u00fcr die gute Zusammenarbeit.<\/p>\n\n\n\n<ul class=\"wp-block-list\"><li>Alphorntrio vom B\u00e4rgli (<a rel=\"noreferrer noopener\" href=\"http:\/\/www.alphorn-weggis.ch\" target=\"_blank\">www.alphorn-weggis.ch<\/a>)<\/li><li>Alphorntrio Rigiklang (Hofmann Lukas, <a rel=\"noreferrer noopener\" href=\"mailto:hofmannlukas@hotmail.ch\" target=\"_blank\">hofmannlukas@hotmail.ch<\/a>)<\/li><li>Alphorntrio Vitznau (<a href=\"http:\/\/www.alphorntrio-vitznau.ch\">www.alphorntrio-vitznau.ch<\/a>)<\/li><li>Blockfl\u00f6tenensemble Weggis (<a href=\"http:\/\/www.blockfloetenensemble-weggis.ch\">www.blockfloetenensemble-weggis.ch<\/a>)<\/li><li>Club junger Eltern Greppen (<a rel=\"noreferrer noopener\" href=\"mailto:cje@mail.ch\" target=\"_blank\">cje@mail.ch<\/a>)<\/li><li>F\u00e4hndlerclub Weggis (Pfrunder Seppi, <a rel=\"noreferrer noopener\" href=\"mailto:pfrunderseppi@bluewin.ch\" target=\"_blank\">pfrunderseppi@bluewin.ch<\/a>)<\/li><li>Feldmusik Weggis (<a rel=\"noreferrer noopener\" href=\"http:\/\/www.feldmusik-weggis.ch\" target=\"_blank\">www.feldmusik-weggis.ch<\/a>)<\/li><li>Fotograf Herby Meyer (<a rel=\"noreferrer noopener\" href=\"http:\/\/www.herby-art.ch\" target=\"_blank\">www.herby-art.ch<\/a>)<\/li><li>FrauenImpuls Greppen (<a rel=\"noreferrer noopener\" href=\"http:\/\/www.frauenimpuls-greppen.jimdo.com\" target=\"_blank\">www.frauenimpuls-greppen.jimdo.com<\/a>)<\/li><li>Jodlerklub Weggis (Ackermann Rochus, <a rel=\"noreferrer noopener\" href=\"mailto:rochus.ackermann@bluewin.ch\" target=\"_blank\">rochus.ackermann@bluewin.ch<\/a>)<\/li><li>JuBla Weggis (<a rel=\"noreferrer noopener\" href=\"http:\/\/www.jubla-weggis.ch\" target=\"_blank\">www.jubla-weggis.ch<\/a>)<\/li><li>Landjugend Riviera (<a rel=\"noreferrer noopener\" href=\"http:\/\/www.lj-riviera.ch\" target=\"_blank\">www.lj-riviera.ch<\/a>)<\/li><li>Musikgesellschaft Vitznau (<a href=\"http:\/\/www.mg-vitznau.ch\" target=\"_blank\" rel=\"noreferrer noopener\">www.mg-vitznau.ch<\/a>)<\/li><li>Rigich\u00f6rli (<a aria-label=\"undefined (opens in a new tab)\" href=\"mailto:susann.barmet@seepfarreien.ch\" target=\"_blank\" rel=\"noreferrer noopener\">susann.barmet@seepfarreien.ch<\/a>)<\/li><li>Treff junger Eltern Weggis (<a rel=\"noreferrer noopener\" href=\"mailto:tje-weggis@gmx.ch\" target=\"_blank\">tje-weggis@gmx.ch<\/a>)<\/li><li>Trachtengruppe Weggis (<a rel=\"noreferrer noopener\" href=\"http:\/\/www.trachten-weggis.ch\" target=\"_blank\">www.trachten-weggis.ch<\/a>)<\/li><li>Eglichutzeler Weggis (<a rel=\"noreferrer noopener\" href=\"http:\/\/www.eglichutzler.ch\" target=\"_blank\">www.eglichutzler.ch<\/a>)<\/li><li>Rigischr\u00e4nzer Weggis (<a rel=\"noreferrer noopener\" href=\"http:\/\/www.rigischraenzer.ch\" target=\"_blank\">www.rigischraenzer.ch<\/a>)<\/li><li>H\u00f6hlegugger Vitznau (<a rel=\"noreferrer noopener\" href=\"http:\/\/www.hoehlaeguugger.ch\" target=\"_blank\">www.hoehlaeguugger.ch<\/a>)<\/li><li>St. Niklausengesellschaft Weggis (<a rel=\"noreferrer noopener\" href=\"http:\/\/www.sng-weggis.ch\" target=\"_blank\">www.sng-weggis.ch<\/a>)<\/li><li>Chlausengruppe Weggis (Wolfisberg Oskar, <a rel=\"noreferrer noopener\" href=\"mailto:wolfisberg@hispeed.ch\" target=\"_blank\">wolfisberg@hispeed.ch<\/a>)<\/li><li>Chlausjager Vitznau (<a rel=\"noreferrer noopener\" href=\"http:\/\/www.chlausjager-vitznau.ch\" target=\"_blank\">www.chlausjager-vitznau.ch<\/a>)<\/li><\/ul>\n","protected":false},"excerpt":{"rendered":"<p>Unz\u00e4hlige Vereine und Organisationen (Sport, Musik, Gesang, Kultur, Brauchtum, etc.) engagieren sich in den D\u00f6rfern der Seegemeinden. Sie bereichern auch das kirchliche Leben in unserem Pastoralraum. An dieser Stelle sind diejenigen aufgef\u00fchrt, die in irgendeiner Form mit uns vernetzt sind. Wir sind dankbar f\u00fcr die gute Zusammenarbeit. Alphorntrio vom B\u00e4rgli (www.alphorn-weggis.ch) Alphorntrio Rigiklang (Hofmann Lukas, [&hellip;]<\/p>\n","protected":false},"author":1,"featured_media":0,"parent":0,"menu_order":23,"comment_status":"closed","ping_status":"closed","template":"","meta":{"footnotes":""},"class_list":["post-77","page","type-page","status-publish","hentry"],"_links":{"self":[{"href":"https:\/\/lottenbach-mediationen.ch\/index.php\/wp-json\/wp\/v2\/pages\/77","targetHints":{"allow":["GET"]}}],"collection":[{"href":"https:\/\/lottenbach-mediationen.ch\/index.php\/wp-json\/wp\/v2\/pages"}],"about":[{"href":"https:\/\/lottenbach-mediationen.ch\/index.php\/wp-json\/wp\/v2\/types\/page"}],"author":[{"embeddable":true,"href":"https:\/\/lottenbach-mediationen.ch\/index.php\/wp-json\/wp\/v2\/users\/1"}],"replies":[{"embeddable":true,"href":"https:\/\/lottenbach-mediationen.ch\/index.php\/wp-json\/wp\/v2\/comments?post=77"}],"version-history":[{"count":0,"href":"https:\/\/lottenbach-mediationen.ch\/index.php\/wp-json\/wp\/v2\/pages\/77\/revisions"}],"wp:attachment":[{"href":"https:\/\/lottenbach-mediationen.ch\/index.php\/wp-json\/wp\/v2\/media?parent=77"}],"curies":[{"name":"wp","href":"https:\/\/api.w.org\/{rel}","templated":true}]}}