{"id":765,"date":"2020-05-19T15:16:18","date_gmt":"2020-05-19T14:16:18","guid":{"rendered":"https:\/\/www.seepfarreien.ch.proculus.sui-inter.net\/?page_id=765"},"modified":"2020-05-19T15:16:18","modified_gmt":"2020-05-19T14:16:18","slug":"weihnachtsbesuche","status":"publish","type":"page","link":"https:\/\/lottenbach-mediationen.ch\/index.php\/vereine-gruppierungen\/weihnachtsbesuche\/","title":{"rendered":"Weihnachtsbesuche"},"content":{"rendered":"\n<p>Seit Jahren bekommen alleinstehende Frauen und M\u00e4nner ab dem 64.\/65. Altersjahr anfangs Advent einen Besuch im Namen der Pfarrei. Auch j\u00fcngere alleinstehende kranke oder verwitwete Personen werden besucht wie auch Vitznauer*innen in der Hofmatt in Weggis. Viele Freiwillige verteilen unter sich die Aufgabe f\u00fcr einen Besuch und \u00fcberbringen mit einer Weihnachtskarte und einem kleinen Pr\u00e4sent gute W\u00fcnsche f\u00fcr Weihnachten und das neue Jahr. Der sch\u00f6ne Brauch f\u00f6rdert den Zusammenhalt und die Gemeinschaft der Pfarrei.<\/p>\n\n\n\n<h4 class=\"wp-block-heading\">Kontakt<\/h4>\n\n\n\n<p>Silvia K\u00fcttel, Oberdorfstrasse 27, &#8222;Buholz&#8220;, 6354 Vitznau<br>T: 041 397 19 63, E: <a href=\"mailto:silviakuettel@bluewin.ch\" target=\"_blank\" rel=\"noreferrer noopener\">silviakuettel@bluewin.ch<\/a><a rel=\"noreferrer noopener\" href=\"mailto:karin.waldis16@gmail.com\" target=\"_blank\"><\/a><\/p>\n\n\n\n\n","protected":false},"excerpt":{"rendered":"<p>Seit Jahren bekommen alleinstehende Frauen und M\u00e4nner ab dem 64.\/65. Altersjahr anfangs Advent einen Besuch im Namen der Pfarrei. Auch j\u00fcngere alleinstehende kranke oder verwitwete Personen werden besucht wie auch Vitznauer*innen in der Hofmatt in Weggis. Viele Freiwillige verteilen unter sich die Aufgabe f\u00fcr einen Besuch und \u00fcberbringen mit einer Weihnachtskarte und einem kleinen Pr\u00e4sent [&hellip;]<\/p>\n","protected":false},"author":1,"featured_media":0,"parent":72,"menu_order":26,"comment_status":"closed","ping_status":"closed","template":"","meta":{"footnotes":""},"class_list":["post-765","page","type-page","status-publish","hentry"],"_links":{"self":[{"href":"https:\/\/lottenbach-mediationen.ch\/index.php\/wp-json\/wp\/v2\/pages\/765","targetHints":{"allow":["GET"]}}],"collection":[{"href":"https:\/\/lottenbach-mediationen.ch\/index.php\/wp-json\/wp\/v2\/pages"}],"about":[{"href":"https:\/\/lottenbach-mediationen.ch\/index.php\/wp-json\/wp\/v2\/types\/page"}],"author":[{"embeddable":true,"href":"https:\/\/lottenbach-mediationen.ch\/index.php\/wp-json\/wp\/v2\/users\/1"}],"replies":[{"embeddable":true,"href":"https:\/\/lottenbach-mediationen.ch\/index.php\/wp-json\/wp\/v2\/comments?post=765"}],"version-history":[{"count":0,"href":"https:\/\/lottenbach-mediationen.ch\/index.php\/wp-json\/wp\/v2\/pages\/765\/revisions"}],"up":[{"embeddable":true,"href":"https:\/\/lottenbach-mediationen.ch\/index.php\/wp-json\/wp\/v2\/pages\/72"}],"wp:attachment":[{"href":"https:\/\/lottenbach-mediationen.ch\/index.php\/wp-json\/wp\/v2\/media?parent=765"}],"curies":[{"name":"wp","href":"https:\/\/api.w.org\/{rel}","templated":true}]}}