{"id":739,"date":"2020-05-19T15:05:06","date_gmt":"2020-05-19T14:05:06","guid":{"rendered":"https:\/\/www.seepfarreien.ch.proculus.sui-inter.net\/?page_id=739"},"modified":"2020-05-19T15:05:06","modified_gmt":"2020-05-19T14:05:06","slug":"chinderfiirteam","status":"publish","type":"page","link":"https:\/\/lottenbach-mediationen.ch\/index.php\/vereine-gruppierungen\/chinderfiirteam\/","title":{"rendered":"Chinderfiirteam"},"content":{"rendered":"\n<p>Die Gruppe bereitet pro Monat selbst\u00e4ndig eine Feier im \u00f6kumenischen Geist f\u00fcr alle Kinder der Luzerner Seegemeinden vor. Die Kinder h\u00f6ren eine biblische Geschichte, singen und basteln zusammen.<\/p>\n\n\n\n<p>Lasst euch \u00fcberraschen, welche Geschichte und Bastelarbeit f\u00fcr euch vorbereitet wurde. Die Daten sind im Pfarreiblatt ver\u00f6ffentlicht und im Veranstaltungskalender aufgef\u00fchrt.<\/p>\n\n\n\n<h4 class=\"wp-block-heading\">Kontakt<\/h4>\n\n\n\n<p>Helena Zimmermann, Hinterbergen 5, 6354 Vitznau<br>T: 078 832 11 98, E: <a href=\"mailto:zim.paul@bluewin.ch\">zim.paul@bluewin.ch<\/a><\/p>\n\n\n\n\n","protected":false},"excerpt":{"rendered":"<p>Die Gruppe bereitet pro Monat selbst\u00e4ndig eine Feier im \u00f6kumenischen Geist f\u00fcr alle Kinder der Luzerner Seegemeinden vor. Die Kinder h\u00f6ren eine biblische Geschichte, singen und basteln zusammen. Lasst euch \u00fcberraschen, welche Geschichte und Bastelarbeit f\u00fcr euch vorbereitet wurde. Die Daten sind im Pfarreiblatt ver\u00f6ffentlicht und im Veranstaltungskalender aufgef\u00fchrt. Kontakt Helena Zimmermann, Hinterbergen 5, 6354 [&hellip;]<\/p>\n","protected":false},"author":1,"featured_media":998,"parent":72,"menu_order":17,"comment_status":"closed","ping_status":"closed","template":"","meta":{"footnotes":""},"class_list":["post-739","page","type-page","status-publish","has-post-thumbnail","hentry"],"_links":{"self":[{"href":"https:\/\/lottenbach-mediationen.ch\/index.php\/wp-json\/wp\/v2\/pages\/739","targetHints":{"allow":["GET"]}}],"collection":[{"href":"https:\/\/lottenbach-mediationen.ch\/index.php\/wp-json\/wp\/v2\/pages"}],"about":[{"href":"https:\/\/lottenbach-mediationen.ch\/index.php\/wp-json\/wp\/v2\/types\/page"}],"author":[{"embeddable":true,"href":"https:\/\/lottenbach-mediationen.ch\/index.php\/wp-json\/wp\/v2\/users\/1"}],"replies":[{"embeddable":true,"href":"https:\/\/lottenbach-mediationen.ch\/index.php\/wp-json\/wp\/v2\/comments?post=739"}],"version-history":[{"count":0,"href":"https:\/\/lottenbach-mediationen.ch\/index.php\/wp-json\/wp\/v2\/pages\/739\/revisions"}],"up":[{"embeddable":true,"href":"https:\/\/lottenbach-mediationen.ch\/index.php\/wp-json\/wp\/v2\/pages\/72"}],"wp:featuredmedia":[{"embeddable":true,"href":"https:\/\/lottenbach-mediationen.ch\/index.php\/wp-json\/wp\/v2\/media\/998"}],"wp:attachment":[{"href":"https:\/\/lottenbach-mediationen.ch\/index.php\/wp-json\/wp\/v2\/media?parent=739"}],"curies":[{"name":"wp","href":"https:\/\/api.w.org\/{rel}","templated":true}]}}