{"id":735,"date":"2020-05-19T15:03:38","date_gmt":"2020-05-19T14:03:38","guid":{"rendered":"https:\/\/www.seepfarreien.ch.proculus.sui-inter.net\/?page_id=735"},"modified":"2020-05-19T15:03:38","modified_gmt":"2020-05-19T14:03:38","slug":"sternsinger-weggis-rigikaltbad","status":"publish","type":"page","link":"https:\/\/lottenbach-mediationen.ch\/index.php\/vereine-gruppierungen\/sternsinger-weggis-rigikaltbad\/","title":{"rendered":"Sternsinger Weggis \/ Rigi-Kaltbad"},"content":{"rendered":"\n<h2 class=\"wp-block-heading\">Sternsinger Weggis<\/h2>\n\n\n\n<p>Seit 1996 wird in Weggis die frohe Botschaft von den Sternsingern in der ersten Januarwoche in die H\u00e4user gebracht. Die Sternsinger-Gruppen ziehen von Haus zu Haus und bringen Gottes Wort und den Segen. Am darauffolgenden Samstag findet ein Dankgottesdienst statt.<\/p>\n\n\n\n<figure class=\"wp-block-image size-large\"><img loading=\"lazy\" decoding=\"async\" width=\"400\" height=\"280\" src=\"https:\/\/lottenbach-mediationen.ch\/wp-content\/uploads\/2020\/06\/Sternsingen-Weggis.jpg\" alt=\"\" class=\"wp-image-1487\" srcset=\"https:\/\/lottenbach-mediationen.ch\/wp-content\/uploads\/2020\/06\/Sternsingen-Weggis.jpg 400w, https:\/\/lottenbach-mediationen.ch\/wp-content\/uploads\/2020\/06\/Sternsingen-Weggis-300x210.jpg 300w\" sizes=\"auto, (max-width: 400px) 100vw, 400px\" \/><figcaption>Sternsinger Weggis<\/figcaption><\/figure>\n\n\n\n<h3 class=\"wp-block-heading\">Bist du in diesem Jahr auch (wieder) dabei?<\/h3>\n\n\n\n<p>Das Sternsingen hat in Weggis eine lange Tradition. Mithilfe von Eltern werden die Kinder geschminkt, angekleidet, gefahren und begleitet.<\/p>\n\n\n\n<p>Wir sind dankbar, dass sich jedes Jahr Eltern zur Verf\u00fcgung stellen um uns tatkr\u00e4ftig zu unterst\u00fctzen. Gerne d\u00fcrfen Sie sich im Anmeldetalon daf\u00fcr eintragen. Den Flyer mit allen notwendigen Informationen finden Sie unter <a href=\"https:\/\/lottenbach-mediationen.ch\/dokumente\/\">Dokumente\/Einsatzpl\u00e4ne<\/a>.<\/p>\n\n\n\n<h4 class=\"wp-block-heading\">Kontakt<\/h4>\n\n\n\n<p>Barbara Isele, Kath. Pfarramt St. Maria, <br>Rigiblickstrasse 5, 6353 Weggis<br>T: 079 664 40 07, E: <a rel=\"noreferrer noopener\" href=\"mailto:barbara.isele@seepfarreien.ch\" target=\"_blank\">barbara.isele@seepfarreien.ch<\/a><\/p>\n\n\n\n<h2 class=\"wp-block-heading\">Sternsinger Rigi-Kaltbad<\/h2>\n\n\n\n<p>Auf der Rigi ist es Brauch, zwischen Weihnachten und Neujahr mit dem leuchtenden Stern von Haus zu Haus und in die Hotels zu gehen und singend den Segen zu bringen. Da in dieser Zeit die meisten G\u00e4ste auf der Rigi weilen, sind die drei K\u00f6nige und ihr Gefolge an drei Abenden unterwegs.<\/p>\n\n\n\n<figure class=\"wp-block-image size-large\"><img loading=\"lazy\" decoding=\"async\" width=\"400\" height=\"280\" src=\"https:\/\/lottenbach-mediationen.ch\/wp-content\/uploads\/2020\/05\/Sternsinger-Rigi.jpg\" alt=\"\" class=\"wp-image-2560\" srcset=\"https:\/\/lottenbach-mediationen.ch\/wp-content\/uploads\/2020\/05\/Sternsinger-Rigi.jpg 400w, https:\/\/lottenbach-mediationen.ch\/wp-content\/uploads\/2020\/05\/Sternsinger-Rigi-300x210.jpg 300w\" sizes=\"auto, (max-width: 400px) 100vw, 400px\" \/><figcaption>Sternsinger Rigi<\/figcaption><\/figure>\n\n\n\n<p>Der Erl\u00f6s des Singens fliesst zum gr\u00f6ssten Teil in ein j\u00e4hrlich wechselndes, caritatives Projekt, der Rest wird f\u00fcr das kulturelle Engagement des Ch\u00f6rli auf der Rigi eingesetzt.<\/p>\n\n\n\n<p>Willkommene Unterst\u00fctzung beim Sternsingen erh\u00e4lt das Rigich\u00f6rli von zus\u00e4tzlichen treuen Sternsinger*innen, die auf der Rigi wohnen, als Ferieng\u00e4ste bekannt sind oder sonst einen speziellen Bezug zur Rigi haben.<\/p>\n\n\n\n<h3 class=\"wp-block-heading\">Rigi-Ch\u00f6rli<\/h3>\n\n\n\n<p>Der gemischte Chor \u201eRigi Hell\u201c, gel\u00e4ufig unter der Bezeichnung \u201eRigich\u00f6rli\u201c, besteht vorwiegend aus Mitgliedern, die auf der Rigi wohnen oder gewohnt haben. Wir treffen uns vierzehnt\u00e4glich in Rigi Kaltbad, einerseits aus Freude am Singen, andererseits ist es Tradition, zur Kultur auf dem Berg nach M\u00f6glichkeit beizutragen. <\/p>\n\n\n\n<figure class=\"wp-block-image size-large\"><img decoding=\"async\" src=\"https:\/\/lottenbach-mediationen.ch\/wp-content\/uploads\/2020\/05\/Rigi-Ch%C3%B6rli.jpg\" alt=\"\" class=\"wp-image-2559\"\/><figcaption>Rigi-Ch\u00f6rli<\/figcaption><\/figure>\n\n\n\n<p>Zum Beispiel bringen wir bei runden Geburtstagen oder Hochzeitsjubil\u00e4en von \u201eRigianer*innen\u201c gern ein St\u00e4ndchen. Hie und da werden wir zum Singen im Gottesdienst angefragt. Grosse Engagements bestehen im Organisieren des Waldsamichlaus f\u00fcr die Kinder und des traditionellen Sternsingens auf der Rigi. Andere beliebte Anl\u00e4sse wie die Rigichilbi und die Kinderfasnacht haben die Ch\u00f6rlimitglieder in den letzten Jahren in j\u00fcngere H\u00e4nde \u00fcbergeben.<\/p>\n\n\n\n<h4 class=\"wp-block-heading\">Kontakt<\/h4>\n\n\n\n<p>Verbindungsperson zu den Seepfarreien:<br>Susann Barmet, Chorleitung<br>Kr\u00e4hb\u00fcel 11, 6403 K\u00fcssnacht am Rigi<br>T: 079 841 67 97<\/p>\n\n\n\n<p>Ansprechperson aus dem Chorvorstand:<br>Martha Fassbind-Auf der Maur<br>Zentrum 6, 6356 Rigi Kaltbad<br>T: 041 397 10 38<\/p>\n\n\n\n<p><a rel=\"noreferrer noopener\" href=\"mailto:karin.waldis16@gmail.com\" target=\"_blank\"><\/a><\/p>\n\n\n\n\n","protected":false},"excerpt":{"rendered":"<p>Sternsinger Weggis Seit 1996 wird in Weggis die frohe Botschaft von den Sternsingern in der ersten Januarwoche in die H\u00e4user gebracht. Die Sternsinger-Gruppen ziehen von Haus zu Haus und bringen Gottes Wort und den Segen. Am darauffolgenden Samstag findet ein Dankgottesdienst statt. Bist du in diesem Jahr auch (wieder) dabei? Das Sternsingen hat in Weggis [&hellip;]<\/p>\n","protected":false},"author":1,"featured_media":2013,"parent":72,"menu_order":19,"comment_status":"closed","ping_status":"closed","template":"","meta":{"footnotes":""},"class_list":["post-735","page","type-page","status-publish","has-post-thumbnail","hentry"],"_links":{"self":[{"href":"https:\/\/lottenbach-mediationen.ch\/index.php\/wp-json\/wp\/v2\/pages\/735","targetHints":{"allow":["GET"]}}],"collection":[{"href":"https:\/\/lottenbach-mediationen.ch\/index.php\/wp-json\/wp\/v2\/pages"}],"about":[{"href":"https:\/\/lottenbach-mediationen.ch\/index.php\/wp-json\/wp\/v2\/types\/page"}],"author":[{"embeddable":true,"href":"https:\/\/lottenbach-mediationen.ch\/index.php\/wp-json\/wp\/v2\/users\/1"}],"replies":[{"embeddable":true,"href":"https:\/\/lottenbach-mediationen.ch\/index.php\/wp-json\/wp\/v2\/comments?post=735"}],"version-history":[{"count":0,"href":"https:\/\/lottenbach-mediationen.ch\/index.php\/wp-json\/wp\/v2\/pages\/735\/revisions"}],"up":[{"embeddable":true,"href":"https:\/\/lottenbach-mediationen.ch\/index.php\/wp-json\/wp\/v2\/pages\/72"}],"wp:featuredmedia":[{"embeddable":true,"href":"https:\/\/lottenbach-mediationen.ch\/index.php\/wp-json\/wp\/v2\/media\/2013"}],"wp:attachment":[{"href":"https:\/\/lottenbach-mediationen.ch\/index.php\/wp-json\/wp\/v2\/media?parent=735"}],"curies":[{"name":"wp","href":"https:\/\/api.w.org\/{rel}","templated":true}]}}