{"id":724,"date":"2020-05-19T14:59:12","date_gmt":"2020-05-19T13:59:12","guid":{"rendered":"https:\/\/www.seepfarreien.ch.proculus.sui-inter.net\/?page_id=724"},"modified":"2020-05-19T14:59:12","modified_gmt":"2020-05-19T13:59:12","slug":"seniorenbesuchsgruppe","status":"publish","type":"page","link":"https:\/\/lottenbach-mediationen.ch\/index.php\/vereine-gruppierungen\/seniorenbesuchsgruppe\/","title":{"rendered":"Seniorenbesuchsgruppe"},"content":{"rendered":"\n<p>Die Gruppe besteht momentan aus 6 Personen: Auf Besuche gehen Theres B\u00fceler, Elisabeth F\u00e4hndrich, Helene Waldis, Brigitte Zurm\u00fchle und Susann Barmet (Seelsorgemitarbeiterin). Wir besuchen alle Jubilarinnen und Jubilare mit einem kleinen Geschenk zu hohen runden Geburtstagen: zum 80. und 85. und 90. und 95. Geburtstag und selten sogar zum 100. Geburtstag! Maria Arnold mit ihrer kreativen Hand fertigt die passenden wundersch\u00f6nen Fotokarten f\u00fcr alle Geburtstage.&nbsp;<\/p>\n\n\n\n<p>Im Weiteren organisiert die Seelsorgemitarbeiterin zusammen mit der Besuchsgruppe den <strong>Seniorennachmittag<\/strong> in der Fastenzeit, meist mit einem Referat zu einem bestimmten Thema verbunden.<\/p>\n\n\n\n<p>Aus der Besuchsgruppe kommen meistens die guten Ideen f\u00fcr einen passenden SeniorInnen-Ausflug im Herbst.<\/p>\n\n\n\n<p>Die Seniorenferienwoche leiten Ida Hubka und Susann Barmet. Sowohl der Seniorennachmittag wie die Seniorenferien als auch der Seniorenausflug werden f\u00fcr alle drei Seepfarreien angeboten. Ausserdem sind die Anl\u00e4sse offen f\u00fcr Menschen anderer Konfessionen.<\/p>\n\n\n\n<h4 class=\"wp-block-heading\">Kontakt<\/h4>\n\n\n\n<p>Susann Barmet, Seelsorgemitarbeiterin,<br>Kr\u00e4hb\u00fcel 11, 6403 K\u00fcssnacht am Rigi<br>T: 079 841 67 97, E: <a rel=\"noreferrer noopener\" href=\"mailto:susann.barmet@seepfarreien.ch\" target=\"_blank\">susann.barmet@seepfarreien.ch<\/a><a rel=\"noreferrer noopener\" href=\"mailto:karin.waldis16@gmail.com\" target=\"_blank\"><\/a><\/p>\n\n\n\n\n","protected":false},"excerpt":{"rendered":"<p>Die Gruppe besteht momentan aus 6 Personen: Auf Besuche gehen Theres B\u00fceler, Elisabeth F\u00e4hndrich, Helene Waldis, Brigitte Zurm\u00fchle und Susann Barmet (Seelsorgemitarbeiterin). Wir besuchen alle Jubilarinnen und Jubilare mit einem kleinen Geschenk zu hohen runden Geburtstagen: zum 80. und 85. und 90. und 95. Geburtstag und selten sogar zum 100. Geburtstag! Maria Arnold mit ihrer [&hellip;]<\/p>\n","protected":false},"author":1,"featured_media":0,"parent":72,"menu_order":16,"comment_status":"closed","ping_status":"closed","template":"","meta":{"footnotes":""},"class_list":["post-724","page","type-page","status-publish","hentry"],"_links":{"self":[{"href":"https:\/\/lottenbach-mediationen.ch\/index.php\/wp-json\/wp\/v2\/pages\/724","targetHints":{"allow":["GET"]}}],"collection":[{"href":"https:\/\/lottenbach-mediationen.ch\/index.php\/wp-json\/wp\/v2\/pages"}],"about":[{"href":"https:\/\/lottenbach-mediationen.ch\/index.php\/wp-json\/wp\/v2\/types\/page"}],"author":[{"embeddable":true,"href":"https:\/\/lottenbach-mediationen.ch\/index.php\/wp-json\/wp\/v2\/users\/1"}],"replies":[{"embeddable":true,"href":"https:\/\/lottenbach-mediationen.ch\/index.php\/wp-json\/wp\/v2\/comments?post=724"}],"version-history":[{"count":0,"href":"https:\/\/lottenbach-mediationen.ch\/index.php\/wp-json\/wp\/v2\/pages\/724\/revisions"}],"up":[{"embeddable":true,"href":"https:\/\/lottenbach-mediationen.ch\/index.php\/wp-json\/wp\/v2\/pages\/72"}],"wp:attachment":[{"href":"https:\/\/lottenbach-mediationen.ch\/index.php\/wp-json\/wp\/v2\/media?parent=724"}],"curies":[{"name":"wp","href":"https:\/\/api.w.org\/{rel}","templated":true}]}}