{"id":721,"date":"2020-05-19T14:57:46","date_gmt":"2020-05-19T14:57:46","guid":{"rendered":"https:\/\/www.seepfarreien.ch.proculus.sui-inter.net\/?page_id=721"},"modified":"2020-05-19T14:57:46","modified_gmt":"2020-05-19T14:57:46","slug":"oekumenische-weltgebetstagsgruppe","status":"publish","type":"page","link":"https:\/\/lottenbach-mediationen.ch\/index.php\/vereine-gruppierungen\/oekumenische-weltgebetstagsgruppe\/","title":{"rendered":"\u00d6kumenische Weltgebetstagsgruppe"},"content":{"rendered":"\n<p>Der Weltgebetstag ist die gr\u00f6sste \u00f6kumenische Laienbewegung von Frauen. Er wird in \u00fcber 170 L\u00e4ndern in \u00f6kumenischen Gottesdiensten begangen. Der Austausch und die sichtbare Gemeinschaft aller christlichen Frauen in der Welt waren von Anfang an das gemeinsame Anliegen des Weltgebetstages.<\/p>\n\n\n\n<p>Bei uns wird die Feier von einem \u00f6kumenischen Team vorbereitet und durchgef\u00fchrt. Fr\u00fcher war es der Weltgebetstag der Frauen. Seit ein paar Jahren sind alle zur Feier eingeladen.<\/p>\n\n\n\n<h4 class=\"wp-block-heading\">Kontakt<\/h4>\n\n\n\n<p>Margrit Schneider, Kreuzstrasse 18, 6353 Weggis<br>T: 041 390 25 45, E: <a href=\"mailto:schneider.margrit@bluemail.ch\" target=\"_blank\" rel=\"noreferrer noopener\">schneider.margrit@bluemail.ch<\/a><a rel=\"noreferrer noopener\" href=\"mailto:karin.waldis16@gmail.com\" target=\"_blank\"><\/a><\/p>\n\n\n\n\n","protected":false},"excerpt":{"rendered":"<p>Der Weltgebetstag ist die gr\u00f6sste \u00f6kumenische Laienbewegung von Frauen. Er wird in \u00fcber 170 L\u00e4ndern in \u00f6kumenischen Gottesdiensten begangen. Der Austausch und die sichtbare Gemeinschaft aller christlichen Frauen in der Welt waren von Anfang an das gemeinsame Anliegen des Weltgebetstages. Bei uns wird die Feier von einem \u00f6kumenischen Team vorbereitet und durchgef\u00fchrt. Fr\u00fcher war es [&hellip;]<\/p>\n","protected":false},"author":1,"featured_media":2794,"parent":72,"menu_order":14,"comment_status":"closed","ping_status":"closed","template":"","meta":{"footnotes":""},"class_list":["post-721","page","type-page","status-publish","has-post-thumbnail","hentry"],"_links":{"self":[{"href":"https:\/\/lottenbach-mediationen.ch\/index.php\/wp-json\/wp\/v2\/pages\/721","targetHints":{"allow":["GET"]}}],"collection":[{"href":"https:\/\/lottenbach-mediationen.ch\/index.php\/wp-json\/wp\/v2\/pages"}],"about":[{"href":"https:\/\/lottenbach-mediationen.ch\/index.php\/wp-json\/wp\/v2\/types\/page"}],"author":[{"embeddable":true,"href":"https:\/\/lottenbach-mediationen.ch\/index.php\/wp-json\/wp\/v2\/users\/1"}],"replies":[{"embeddable":true,"href":"https:\/\/lottenbach-mediationen.ch\/index.php\/wp-json\/wp\/v2\/comments?post=721"}],"version-history":[{"count":0,"href":"https:\/\/lottenbach-mediationen.ch\/index.php\/wp-json\/wp\/v2\/pages\/721\/revisions"}],"up":[{"embeddable":true,"href":"https:\/\/lottenbach-mediationen.ch\/index.php\/wp-json\/wp\/v2\/pages\/72"}],"wp:featuredmedia":[{"embeddable":true,"href":"https:\/\/lottenbach-mediationen.ch\/index.php\/wp-json\/wp\/v2\/media\/2794"}],"wp:attachment":[{"href":"https:\/\/lottenbach-mediationen.ch\/index.php\/wp-json\/wp\/v2\/media?parent=721"}],"curies":[{"name":"wp","href":"https:\/\/api.w.org\/{rel}","templated":true}]}}