{"id":72,"date":"2020-04-22T15:40:17","date_gmt":"2020-04-22T15:40:17","guid":{"rendered":"https:\/\/www.seepfarreien.ch.proculus.sui-inter.net\/?page_id=72"},"modified":"2020-04-22T15:40:17","modified_gmt":"2020-04-22T15:40:17","slug":"vereine-gruppierungen","status":"publish","type":"page","link":"https:\/\/lottenbach-mediationen.ch\/index.php\/vereine-gruppierungen\/","title":{"rendered":"Kirchliche Vereine und Gruppierungen"},"content":{"rendered":"\n<h2 class=\"wp-block-heading\">M\u00f6chten Sie sich engagieren?<\/h2>\n\n\n\n<p>Damit unser Pastoralraum lebendig bleibt und f\u00fcr alle Generationen ein lebensfreundlicher Ort der Begegnung, der Geborgenheit und Kraft sein kann, braucht es kleine und grosse H\u00e4nde, die das kirchliche Leben bereichern und mittragen.<\/p>\n\n\n\n<p>Wir suchen Menschen, die bereit sind, etwas von ihrer Zeit, von ihren F\u00e4higkeiten und Talenten auf freiwilliger Basis in die Gemeinschaft einzubringen. F\u00fcr Vieles gen\u00fcgt manchmal schon ein unregelm\u00e4ssiger, kurzer Einsatz. Auch unsere Gruppierungen sind f\u00fcr neue Kr\u00e4fte offen und dankbar. Sie erfordern ein regelm\u00e4ssiges und l\u00e4ngerfristiges Engagement. <\/p>\n\n\n\n<p>Schauen Sie doch unseren Flyer <a rel=\"noreferrer noopener\" href=\"https:\/\/lottenbach-mediationen.ch\/wp-content\/uploads\/2020\/05\/Freiwilligen-Pool.pdf\" target=\"_blank\">&#8222;Freiwilligen-Pool&#8220; <\/a>durch und machen Sie ein Kreuzchen oder eine Erg\u00e4nzung, wo Sie Ihre M\u00f6glichkeit(en) zum Mithelfen sehen. Sicher ist unter den aufgef\u00fchrten Vereinen und Gruppierungen die eine oder andere Organisation dabei, die Ihr besonderes Interesse weckt.<\/p>\n\n\n\n<h2 class=\"wp-block-heading\">Greppen<\/h2>\n\n\n\n<ul class=\"wp-block-list\"><li><a href=\"https:\/\/lottenbach-mediationen.ch\/vereine-gruppierungen\/kigo-team\/\">KiGo-Team<\/a><\/li><li><a href=\"https:\/\/lottenbach-mediationen.ch\/vereine-gruppierungen\/krippenspiel-greppen\/\">Krippenspiel<\/a><\/li><li><a href=\"https:\/\/lottenbach-mediationen.ch\/vereine-gruppierungen\/kulturbrunnengruppe\/\">Kulturbrunnengruppe<\/a><\/li><li><a href=\"https:\/\/lottenbach-mediationen.ch\/vereine-gruppierungen\/lektorengruppe\/\">Lektorengruppe<\/a><\/li><li><a href=\"https:\/\/lottenbach-mediationen.ch\/vereine-gruppierungen\/liturgiegruppe-greppen\/\">Liturgiegruppe<\/a><\/li><li><a href=\"https:\/\/lottenbach-mediationen.ch\/vereine-gruppierungen\/ministranten-greppen\/\">Ministranten<\/a><\/li><li><a href=\"https:\/\/lottenbach-mediationen.ch\/vereine-gruppierungen\/sternsinger-greppen\/\">Sternsinger<\/a><\/li><\/ul>\n\n\n\n<h2 class=\"wp-block-heading\">Weggis<\/h2>\n\n\n\n<ul class=\"wp-block-list\"><li><a href=\"https:\/\/lottenbach-mediationen.ch\/vereine-gruppierungen\/frauengemeinschaft\/\">Frauengemeinschaft<\/a><\/li><li><a href=\"https:\/\/lottenbach-mediationen.ch\/vereine-gruppierungen\/lektorengruppe-2\/\">Lektorengruppe<\/a><\/li><li><a href=\"https:\/\/lottenbach-mediationen.ch\/vereine-gruppierungen\/liturgiegruppe-weggis\/\">Liturgiegruppe<\/a><\/li><li><a href=\"https:\/\/lottenbach-mediationen.ch\/ministranten\/\">Ministranten<\/a><\/li><li><a href=\"https:\/\/lottenbach-mediationen.ch\/vereine-gruppierungen\/rosenkranzgruppe\/\">Rosenkranzgruppe<\/a><\/li><li><a href=\"https:\/\/lottenbach-mediationen.ch\/vereine-gruppierungen\/seniorenbesuchsgruppe\/\">Seniorenbesuchsgruppe<\/a><\/li><li><a href=\"https:\/\/lottenbach-mediationen.ch\/vereine-gruppierungen\/sennengesellschaft\/\">Sennengesellschaft<\/a><\/li><li><a href=\"https:\/\/lottenbach-mediationen.ch\/sternsinger-weggis-rigikaltbad\/\">Sternsinger Weggis \/ Rigi Kaltbad<\/a><\/li><\/ul>\n\n\n\n<h2 class=\"wp-block-heading\">Vitznau<\/h2>\n\n\n\n<ul class=\"wp-block-list\"><li><a href=\"https:\/\/lottenbach-mediationen.ch\/vereine-gruppierungen\/chinderfiirteam\/\">Chinderfiirteam<\/a><\/li><li><a href=\"https:\/\/lottenbach-mediationen.ch\/vereine-gruppierungen\/lektorengruppe-vitznau\/\">Lektorengruppe<\/a><\/li><li><a href=\"https:\/\/lottenbach-mediationen.ch\/vereine-gruppierungen\/liturgiegruppe-vitznau\/\">Liturgiegruppe<\/a><\/li><li><a href=\"https:\/\/lottenbach-mediationen.ch\/vereine-gruppierungen\/ministranten-vitznau\/\">Ministranten<\/a><\/li><li><a href=\"https:\/\/lottenbach-mediationen.ch\/vereine-gruppierungen\/sennengesellschaft-vitznau\/\">Sennengesellschaft<\/a><\/li><li><a href=\"https:\/\/lottenbach-mediationen.ch\/vereine-gruppierungen\/sternsinger-vitznau\/\">Sternsinger<\/a><\/li><li><a href=\"https:\/\/lottenbach-mediationen.ch\/vereine-gruppierungen\/vitznauer-frauen\/\">Vitznauer Frauen<\/a><\/li><li><a href=\"https:\/\/lottenbach-mediationen.ch\/vereine-gruppierungen\/weihnachtsbesuche\/\">Weihnachtsbesuche<\/a><\/li><\/ul>\n\n\n\n<h2 class=\"wp-block-heading\">Pastoralraum<\/h2>\n\n\n\n<ul class=\"wp-block-list\"><li><a href=\"http:\/\/www.cantamus-seepfarreien.ch\">CANTAMUS Chor der Seepfarreien<\/a><\/li><li><a href=\"https:\/\/lottenbach-mediationen.ch\/vereine-gruppierungen\/kinder-und-jugendchor-seegemeinden\/\">Kinder- und Jugendchor der Seegemeinden<\/a><\/li><li><a href=\"https:\/\/lottenbach-mediationen.ch\/vereine-gruppierungen\/oekumenische-weltgebetstagsgruppe\/\">\u00d6kumenische Weltgebetstagsgruppe<\/a><\/li><\/ul>\n","protected":false},"excerpt":{"rendered":"<p>M\u00f6chten Sie sich engagieren? Damit unser Pastoralraum lebendig bleibt und f\u00fcr alle Generationen ein lebensfreundlicher Ort der Begegnung, der Geborgenheit und Kraft sein kann, braucht es kleine und grosse H\u00e4nde, die das kirchliche Leben bereichern und mittragen. Wir suchen Menschen, die bereit sind, etwas von ihrer Zeit, von ihren F\u00e4higkeiten und Talenten auf freiwilliger Basis [&hellip;]<\/p>\n","protected":false},"author":1,"featured_media":0,"parent":0,"menu_order":21,"comment_status":"closed","ping_status":"closed","template":"","meta":{"footnotes":""},"class_list":["post-72","page","type-page","status-publish","hentry"],"_links":{"self":[{"href":"https:\/\/lottenbach-mediationen.ch\/index.php\/wp-json\/wp\/v2\/pages\/72","targetHints":{"allow":["GET"]}}],"collection":[{"href":"https:\/\/lottenbach-mediationen.ch\/index.php\/wp-json\/wp\/v2\/pages"}],"about":[{"href":"https:\/\/lottenbach-mediationen.ch\/index.php\/wp-json\/wp\/v2\/types\/page"}],"author":[{"embeddable":true,"href":"https:\/\/lottenbach-mediationen.ch\/index.php\/wp-json\/wp\/v2\/users\/1"}],"replies":[{"embeddable":true,"href":"https:\/\/lottenbach-mediationen.ch\/index.php\/wp-json\/wp\/v2\/comments?post=72"}],"version-history":[{"count":0,"href":"https:\/\/lottenbach-mediationen.ch\/index.php\/wp-json\/wp\/v2\/pages\/72\/revisions"}],"wp:attachment":[{"href":"https:\/\/lottenbach-mediationen.ch\/index.php\/wp-json\/wp\/v2\/media?parent=72"}],"curies":[{"name":"wp","href":"https:\/\/api.w.org\/{rel}","templated":true}]}}