{"id":711,"date":"2020-05-19T14:52:10","date_gmt":"2020-05-19T14:52:10","guid":{"rendered":"https:\/\/www.seepfarreien.ch.proculus.sui-inter.net\/?page_id=711"},"modified":"2020-05-19T14:52:10","modified_gmt":"2020-05-19T14:52:10","slug":"liturgiegruppe-weggis","status":"publish","type":"page","link":"https:\/\/lottenbach-mediationen.ch\/index.php\/vereine-gruppierungen\/liturgiegruppe-weggis\/","title":{"rendered":"Liturgiegruppe Weggis"},"content":{"rendered":"\n<p>Das Liturgieteam der Frauengemeinschaft Weggis gestaltet verschiedene Gottesdienste im Kirchenjahr (GV-Gottesdienst, Maiandacht, Elisabethengottesdienst, Roratefeier). <\/p>\n\n\n\n<h3 class=\"wp-block-heading\"><strong>Maiandacht<\/strong><\/h3>\n\n\n\n<p>Der Monat Mai ist in besonderer Weise der Verehrung der Gottesmutter Maria geweiht. Bereits im Mittelalter wurden gerne Maiandachten gefeiert, welche urspr\u00fcnglich die \u00fcberkommenen heidnischen Maifeiern mit r\u00f6mischem Ursprung in christliche Feste umwandeln sollten. Im 19. Jahrhundert erfuhr der Brauch dann allgemeine Verbreitung und setzte sich als Maiandachts-Monat durch. Am 1. Donnerstag im Mai wird jeweils durch die Frauengemeinschaft Weggis die Maiandacht ausw\u00e4rts (in der n\u00e4heren Umgebung bei einer Kapelle) organisiert.<\/p>\n\n\n\n<h3 class=\"wp-block-heading\"><strong>Elisabethen-Gottesdienst<\/strong><\/h3>\n\n\n\n<p>Zu Ehren der Heiligen Elisabeth gestaltet das Liturgieteam im Monat November den Gottesdienst. Dieser Gottesdienst ist ganz besonders den Frauen gewidmet. Er soll die Solidarit\u00e4t der Schweizer Frauen mit Frauen aus armen L\u00e4ndern dokumentieren. Die Kollekte wird zugunsten des Elisabethenwerks eingezogen. Das Elisabethenwerk unterst\u00fctzt damit Frauen in armen L\u00e4ndern. Ganz im Sinne der Heiligen Elisabeth, die als Sinnbild t\u00e4tiger N\u00e4chstenliebe verehrt wird. Ihr Namenstag f\u00e4llt auf den 19. November.&nbsp;<\/p>\n\n\n\n<h3 class=\"wp-block-heading\"><strong>Rorate-Gottesdienst<\/strong><\/h3>\n\n\n\n<p>Am ersten Samstag im Advent wird der Rorategottesdienst (Morgenandacht bei Kerzenlicht) gestaltet. Der Gottesdienst findet jeweils am Morgen um 7.00 Uhr in der<a href=\"https:\/\/lottenbach-mediationen.ch\/raume-greppen-weggis-vitznau\/allerheiligenkapelle\/\"> <span class=\"has-inline-color has-very-dark-gray-color\">Allerheiligenkapelle<\/span><\/a> im Unterdorf statt. Anschliessend wird den Besuchern des Gottesdienstes ein Kaffee und Gipfeli offeriert.<\/p>\n\n\n\n<h4 class=\"wp-block-heading\">Kontakt<\/h4>\n\n\n\n<p>Kesseli Anita, Gotthardstrasse 37, 6353 Weggis<br>Tel. 041 390 00 54<\/p>\n\n\n\n<p>Urbancek Monja, Spycherweg 12, 6353 Weggis<br>Tel. 041 390 05 75<\/p>\n\n\n\n\n","protected":false},"excerpt":{"rendered":"<p>Das Liturgieteam der Frauengemeinschaft Weggis gestaltet verschiedene Gottesdienste im Kirchenjahr (GV-Gottesdienst, Maiandacht, Elisabethengottesdienst, Roratefeier). Maiandacht Der Monat Mai ist in besonderer Weise der Verehrung der Gottesmutter Maria geweiht. Bereits im Mittelalter wurden gerne Maiandachten gefeiert, welche urspr\u00fcnglich die \u00fcberkommenen heidnischen Maifeiern mit r\u00f6mischem Ursprung in christliche Feste umwandeln sollten. Im 19. Jahrhundert erfuhr der Brauch [&hellip;]<\/p>\n","protected":false},"author":1,"featured_media":0,"parent":72,"menu_order":12,"comment_status":"closed","ping_status":"closed","template":"","meta":{"footnotes":""},"class_list":["post-711","page","type-page","status-publish","hentry"],"_links":{"self":[{"href":"https:\/\/lottenbach-mediationen.ch\/index.php\/wp-json\/wp\/v2\/pages\/711","targetHints":{"allow":["GET"]}}],"collection":[{"href":"https:\/\/lottenbach-mediationen.ch\/index.php\/wp-json\/wp\/v2\/pages"}],"about":[{"href":"https:\/\/lottenbach-mediationen.ch\/index.php\/wp-json\/wp\/v2\/types\/page"}],"author":[{"embeddable":true,"href":"https:\/\/lottenbach-mediationen.ch\/index.php\/wp-json\/wp\/v2\/users\/1"}],"replies":[{"embeddable":true,"href":"https:\/\/lottenbach-mediationen.ch\/index.php\/wp-json\/wp\/v2\/comments?post=711"}],"version-history":[{"count":0,"href":"https:\/\/lottenbach-mediationen.ch\/index.php\/wp-json\/wp\/v2\/pages\/711\/revisions"}],"up":[{"embeddable":true,"href":"https:\/\/lottenbach-mediationen.ch\/index.php\/wp-json\/wp\/v2\/pages\/72"}],"wp:attachment":[{"href":"https:\/\/lottenbach-mediationen.ch\/index.php\/wp-json\/wp\/v2\/media?parent=711"}],"curies":[{"name":"wp","href":"https:\/\/api.w.org\/{rel}","templated":true}]}}