{"id":703,"date":"2020-05-19T14:48:56","date_gmt":"2020-05-19T14:48:56","guid":{"rendered":"https:\/\/www.seepfarreien.ch.proculus.sui-inter.net\/?page_id=703"},"modified":"2020-05-19T14:48:56","modified_gmt":"2020-05-19T14:48:56","slug":"lektorengruppe-2","status":"publish","type":"page","link":"https:\/\/lottenbach-mediationen.ch\/index.php\/vereine-gruppierungen\/lektorengruppe-2\/","title":{"rendered":"Lektorengruppe Weggis"},"content":{"rendered":"\n<p>Die Lektoren erf\u00fcllen einen wichtigen Dienst im Gottesdienst. Sie tragen die Lesungen und meistens auch die F\u00fcrbitten vor. Daneben sind sie auch als Kommunionhelferinnen und -helfer t\u00e4tig.<\/p>\n\n\n\n<p>Die M\u00e4nner und Frauen treffen sich ca. 2 bis 3 Mal pro Jahr und planen zusammen mit den Seelsorgern die Eins\u00e4tze.<\/p>\n\n\n\n<p>Interessierte sind herzlich eingeladen mitzumachen. Das Engagement ist ehrenamtlich. F\u00fchlen Sie sich angesprochen? Dann melden sie sich doch bitte bei Michael Brauchart.<\/p>\n\n\n\n<h4 class=\"wp-block-heading\">Kontakt<\/h4>\n\n\n\n<p>Michael Brauchart, Rigiblickstrasse 5, 6353 Weggis<br>T: 041 392 00 91, N: 076 546 70 12, E: <a rel=\"noreferrer noopener\" href=\"mailto:michael.brauchart@seepfarreien.ch\" target=\"_blank\">michael.brauchart@seepfarreien.ch<\/a><\/p>\n\n\n\n\n","protected":false},"excerpt":{"rendered":"<p>Die Lektoren erf\u00fcllen einen wichtigen Dienst im Gottesdienst. Sie tragen die Lesungen und meistens auch die F\u00fcrbitten vor. Daneben sind sie auch als Kommunionhelferinnen und -helfer t\u00e4tig. Die M\u00e4nner und Frauen treffen sich ca. 2 bis 3 Mal pro Jahr und planen zusammen mit den Seelsorgern die Eins\u00e4tze. Interessierte sind herzlich eingeladen mitzumachen. Das Engagement [&hellip;]<\/p>\n","protected":false},"author":1,"featured_media":2601,"parent":72,"menu_order":11,"comment_status":"closed","ping_status":"closed","template":"","meta":{"footnotes":""},"class_list":["post-703","page","type-page","status-publish","has-post-thumbnail","hentry"],"_links":{"self":[{"href":"https:\/\/lottenbach-mediationen.ch\/index.php\/wp-json\/wp\/v2\/pages\/703","targetHints":{"allow":["GET"]}}],"collection":[{"href":"https:\/\/lottenbach-mediationen.ch\/index.php\/wp-json\/wp\/v2\/pages"}],"about":[{"href":"https:\/\/lottenbach-mediationen.ch\/index.php\/wp-json\/wp\/v2\/types\/page"}],"author":[{"embeddable":true,"href":"https:\/\/lottenbach-mediationen.ch\/index.php\/wp-json\/wp\/v2\/users\/1"}],"replies":[{"embeddable":true,"href":"https:\/\/lottenbach-mediationen.ch\/index.php\/wp-json\/wp\/v2\/comments?post=703"}],"version-history":[{"count":0,"href":"https:\/\/lottenbach-mediationen.ch\/index.php\/wp-json\/wp\/v2\/pages\/703\/revisions"}],"up":[{"embeddable":true,"href":"https:\/\/lottenbach-mediationen.ch\/index.php\/wp-json\/wp\/v2\/pages\/72"}],"wp:featuredmedia":[{"embeddable":true,"href":"https:\/\/lottenbach-mediationen.ch\/index.php\/wp-json\/wp\/v2\/media\/2601"}],"wp:attachment":[{"href":"https:\/\/lottenbach-mediationen.ch\/index.php\/wp-json\/wp\/v2\/media?parent=703"}],"curies":[{"name":"wp","href":"https:\/\/api.w.org\/{rel}","templated":true}]}}