{"id":684,"date":"2020-05-19T14:40:53","date_gmt":"2020-05-19T14:40:53","guid":{"rendered":"https:\/\/www.seepfarreien.ch.proculus.sui-inter.net\/?page_id=684"},"modified":"2020-05-19T14:40:53","modified_gmt":"2020-05-19T14:40:53","slug":"kinder-und-jugendchor-seegemeinden","status":"publish","type":"page","link":"https:\/\/lottenbach-mediationen.ch\/index.php\/vereine-gruppierungen\/kinder-und-jugendchor-seegemeinden\/","title":{"rendered":"Kinder- und Jugendchor der Seegemeinden"},"content":{"rendered":"\n<p>Seit dem Schuljahr 2023\/24 steht den Kindern der Seegemeinden ab der zweiten Primarklasse die M\u00f6glichkeit offen, kostenlos im neuen Kinder- und Jugendchor mitzuwirken. Die Luzerner Seepfarreien und die Musikschule der Seegemeinden haben entschieden, die vorhandenen Ressourcen zu nutzen und die beiden Ch\u00f6re in Zusammenarbeit anzubieten.<\/p>\n\n\n\n<h4 class=\"wp-block-heading\">Gemeinsam eine L\u00f6sung gefunden<\/h4>\n\n\n\n<p>Bis vor einigen Jahren unterrichtete die Musikschule der Seegemeinden einen eigenen Kinderchor. Nachdem die Zahl der Anmeldungen immer weiter zur\u00fcckgegangen ist, wurde entschieden, den Chor vor\u00fcbergehend aus dem Angebot zu nehmen. Kurze Zeit sp\u00e4ter gr\u00fcndeten die Luzerner Seepfarreien den &#8222;Chinderchor Seepfarreien&#8220;. Die Auftritte fanden mehrheitlich in den Kirchen der Seegemeinden statt. Per Ende des Schuljahres 2022\/23 hat die Leiterin des Chores, Rahel B\u00e4chtold, ihr Pensum gek\u00fcndigt. Die beiden Bildungspartner haben daraufhin entschieden, eine gemeinsame L\u00f6sung zu suchen, die erfreulicherweise schnell und unkompliziert gefunden werden konnte.<\/p>\n\n\n\n<h4 class=\"wp-block-heading\">Offen f\u00fcr alle Kinder der Seegemeinden<\/h4>\n\n\n\n<p>Analog den anderen Ensemble-Angeboten der Musikschule ist die Teilnahme f\u00fcr alle Sch\u00fcler\/innen der Seegemeinden kostenlos, sofern der Intrumentalunterricht besucht wird. F\u00fcr alle anderen Kinder der Seegemeinden wird der Kostenbeitrag von den Luzerner Seepfarreien \u00fcbernommen. Somit steht der Kinder- und Jugendchor der Seegemeinden allen Kindern der Seegemeinden ab der zweiten Primarklasse kostenlos zur Verf\u00fcgung, unabh\u00e4ngig von der Konfession! Die beiden Ch\u00f6re werden Gelegenheit haben, an verschiedenen Feierlichkeiten, Konzerten der Musikschule und in den Kirchen der Seegemeinden aufzutreten.<\/p>\n\n\n\n<p>Die Proben finden jeweils am Montag von 16.10 &#8211; 17.00 (Kinderchor 2. bis 5. Klasse) sowie von 17.10 &#8211; 18.10 (Jugendchor f\u00fcr 6. Klasse und Oberstufe) im Singsaal Grossmatt statt.<\/p>\n\n\n\n<h4 class=\"wp-block-heading\">Kontakt<\/h4>\n\n\n\n<p><span class=\"has-inline-color has-vivid-cyan-blue-color\">Leitung und Informationen:<\/span><br>Dorothea Frisch Egli, E: <a href=\"mailto:dorothea.frisch@musikschule-seegemeinden.ch\">dorothea.frisch@musikschule-seegemeinden.ch<\/a><\/p>\n\n\n\n<p><span class=\"has-inline-color has-vivid-cyan-blue-color\">Anmeldung per Mail an:<\/span><br><a href=\"mailto:sekretariat@musikschule-seegemeinden.ch\">sekretariat@musikschule-seegemeinden.ch<\/a><\/p>\n\n\n\n\n","protected":false},"excerpt":{"rendered":"<p>Seit dem Schuljahr 2023\/24 steht den Kindern der Seegemeinden ab der zweiten Primarklasse die M\u00f6glichkeit offen, kostenlos im neuen Kinder- und Jugendchor mitzuwirken. Die Luzerner Seepfarreien und die Musikschule der Seegemeinden haben entschieden, die vorhandenen Ressourcen zu nutzen und die beiden Ch\u00f6re in Zusammenarbeit anzubieten. Gemeinsam eine L\u00f6sung gefunden Bis vor einigen Jahren unterrichtete die [&hellip;]<\/p>\n","protected":false},"author":1,"featured_media":2795,"parent":72,"menu_order":8,"comment_status":"closed","ping_status":"closed","template":"","meta":{"footnotes":""},"class_list":["post-684","page","type-page","status-publish","has-post-thumbnail","hentry"],"_links":{"self":[{"href":"https:\/\/lottenbach-mediationen.ch\/index.php\/wp-json\/wp\/v2\/pages\/684","targetHints":{"allow":["GET"]}}],"collection":[{"href":"https:\/\/lottenbach-mediationen.ch\/index.php\/wp-json\/wp\/v2\/pages"}],"about":[{"href":"https:\/\/lottenbach-mediationen.ch\/index.php\/wp-json\/wp\/v2\/types\/page"}],"author":[{"embeddable":true,"href":"https:\/\/lottenbach-mediationen.ch\/index.php\/wp-json\/wp\/v2\/users\/1"}],"replies":[{"embeddable":true,"href":"https:\/\/lottenbach-mediationen.ch\/index.php\/wp-json\/wp\/v2\/comments?post=684"}],"version-history":[{"count":0,"href":"https:\/\/lottenbach-mediationen.ch\/index.php\/wp-json\/wp\/v2\/pages\/684\/revisions"}],"up":[{"embeddable":true,"href":"https:\/\/lottenbach-mediationen.ch\/index.php\/wp-json\/wp\/v2\/pages\/72"}],"wp:featuredmedia":[{"embeddable":true,"href":"https:\/\/lottenbach-mediationen.ch\/index.php\/wp-json\/wp\/v2\/media\/2795"}],"wp:attachment":[{"href":"https:\/\/lottenbach-mediationen.ch\/index.php\/wp-json\/wp\/v2\/media?parent=684"}],"curies":[{"name":"wp","href":"https:\/\/api.w.org\/{rel}","templated":true}]}}