{"id":67,"date":"2020-04-22T15:37:04","date_gmt":"2020-04-22T15:37:04","guid":{"rendered":"https:\/\/www.seepfarreien.ch.proculus.sui-inter.net\/?page_id=67"},"modified":"2020-04-22T15:37:04","modified_gmt":"2020-04-22T15:37:04","slug":"pfarrei-santa-maria-weggis","status":"publish","type":"page","link":"https:\/\/lottenbach-mediationen.ch\/index.php\/pfarrei-santa-maria-weggis\/","title":{"rendered":"Pfarrei St. Maria Weggis"},"content":{"rendered":"\n<h2 class=\"wp-block-heading\">Portrait<\/h2>\n\n\n\n<p>Weggis geh\u00f6rt zum Kanton Luzern und liegt ca. zehn Kilometer s\u00fcd\u00f6stlich von dessen Hauptstadt. Weggis, an den Gestaden des Vierwaldst\u00e4ttersees und an der S\u00fcdflanke der Rigi gelegen, ist gepr\u00e4gt von seinem milden Klima (Feigen, Edelkastanien, Weintrauben Naturschutzgebiet \u00abChestenwald\u00bb mit 36 der 72 in der Schweiz bekannten Orchideen). Im Fr\u00fchling und Sommer l\u00e4dt die Seepromenade zum Spazieren und Baden ein, im Herbst kann man in Weggis Kastanien sammeln und im Winter bietet sich die Rigi als Ski-und Winterwanderberg an. Das ca. 25 km2 grosse Gemeindegebiet reicht von der zehn km langen Seepromenade (435 m \u00fc. M.) hinauf bis zum Rigi-Rotstock (1659 m \u00fc. M.). Zu Weggis geh\u00f6ren die Ortsteile \u00abHertenstein\u00bb und die autofreie \u00abBerggemeinde Rigi Kaltbad\u00bb. Seit dem 19. Jahrhundert wird Weggis als \u00abdie Riviera der Zentralschweiz\u00bb bezeichnet.<\/p>\n\n\n\n<p>Das Gebiet der katholischen Kirchgemeinde Weggis entspricht dem der politischen Gemeinde Weggis. Die Pfarrei Maria Himmelfahrt geh\u00f6rt kirchlich zur Bistumsregion St. Viktor im Bistum Basel. Zusammen mit den Pfarreien Vitznau und Greppen bildet die Pfarrei Weggis (inkl. Kaplanei Rigi Kaltbad) den Pastoralraum der Luzerner Seepfarreien.<\/p>\n\n\n\n<p>Im Ortsteil Hertenstein befindet sich das ehemalige \u201eT\u00f6chterinstitut\u201c <a href=\"https:\/\/www.klosterbaldegg.ch\/bildungshaus\/home\" target=\"_blank\" rel=\"noreferrer noopener\">Stella Matutina<\/a>. Es wurde 1916 von den Baldegger Schwestern er\u00f6ffnet und umfasste neben einem Hauswirtschaftslehrerinnen-Seminar hauswirtschaftliche Kurse, eine Realschule, Deutschkurs und einen einj\u00e4hrigen Handelskurs. Bis 2004 bot es die Ausbildung zur \u201eHeimpflegerin\u201c (Familienhelferin) an. Heute steht das sch\u00f6n renovierte Haus offen f\u00fcr diverse Kurse, Fortbildungen, Klausurtagungen, Kaderkurse, Ausbildungswochen, Besinnungstage, &#8230;&#8230;<\/p>\n\n\n\n<p>Im Pfarreiprofil unter &#8222;<a href=\"https:\/\/lottenbach-mediationen.ch\/dokumente\/\">Dokumente\/Einsatzpl\u00e4ne<\/a>&#8220; finden Sie viele weitere Informationen zur Pfarrei.<\/p>\n\n\n\n<h2 class=\"wp-block-heading\">Brauchtum und Traditionen<\/h2>\n\n\n\n<p>In den Seepfarreien tragen wir Sorge zu Brauchtum und Traditionen. Wir sind aber auch offen f\u00fcr neue Erlebnisformen und Erfahrungen. Einige besondere Veranstaltungen und Angebote mit langj\u00e4hriger Tradition sind hier n\u00e4her erkl\u00e4rt.<\/p>\n\n\n\n<h2 class=\"wp-block-heading\">Heirassa-Festival<\/h2>\n\n\n\n<p>Im Gedenken an Alois \u201eHeirassa\u201c Schilliger, dem begnadeten Komponisten und Musikanten, findet seit 2005 j\u00e4hrlich das <a rel=\"noreferrer noopener\" href=\"http:\/\/www.heirassa-festival.ch\" target=\"_blank\">Heirassa-Festival<\/a> im Wohn- und Feriendorf Weggis statt. Jeweils von Donnerstag-Mittag bis Sonntagabend wird in verschiedenen Restaurants und \u00f6ffentlichen Pl\u00e4tzen musiziert. Diverse Interpreten und Formationen aus der ganzen Schweiz treten an diesem Wochenende auf. Traditionsgem\u00e4ss findet jeweils am Samstagabend, ca. 17.00 Uhr, das Heirassa-Revival und am Sonntagsmorgen, 09.30 Uhr, ein Festgottesdienst mit volkst\u00fcmlicher Umrahmung in der Pfarrkirche statt.<\/p>\n\n\n\n<ul class=\"wp-block-list\"><li>Seit dem ersten &#8222;Heirassa-Festival&#8220; 2005 entwickelte sich Weggis auch zu einer Hochburg der schweizerischen Volksmusik. Hier treten jeweils viele ausgezeichnete, bekannte Volksmusikanten und Nachwuchsgruppen auf.<\/li><li>F\u00fcr das musikalische Programm verantwortlich sind die beiden Volksmusik-Spezialisten Carlo Brunner und Willi Valotti.<\/li><li>Warum &#8222;Heirassa&#8220;-Festival? Alois Schilliger &#8222;Heirassa&#8220; wurde am 24. Dezember 1924 in Weggis geboren und verstarb hier am 17. Januar 2004. Dazwischen lag ein Leben, das gepr\u00e4gt war durch Volksmusik. Alois Schilliger war ein begnadeter Komponist und Musikant und schrieb insgesamt \u00fcber 600 Kompositionen. Sein bekanntestes Werk ist die &#8222;Heirassa-Polka&#8220;.<\/li><\/ul>\n\n\n\n<p><span class=\"has-inline-color has-very-dark-gray-color\">Traditionsgem\u00e4ss findet jeweils am Samstagabend, ca. 17.00 Uhr, das Heirassa-Revival und an Sonntagsmorgen, 09.30 Uhr, ein Festgottesdienst mit volkst\u00fcmlicher Umrahmung in der Pfarrkirche statt.<\/span><\/p>\n\n\n\n<h2 class=\"wp-block-heading\">Latina-Festival<\/h2>\n\n\n\n<p>Mit packenden Live-Acts, Konzerten, feurigen Tanzshows und weiteren kulturellen Darbietungen bringt das Festival jeweils \u00fcber Pfingsten s\u00fcdamerikanische Lebensfreude an die Seepromenade. Im Latino-Village gibt es Kulinarik und Kunsthandwerk aus Lateinamerika und Kinderanimation. Ein \u00f6kumenischer Gottesdienst am Pfingstsonntag um 9.30 Uhr (bei gutem Wetter im Pavillon am See) geh\u00f6rt zum Programm.<\/p>\n\n\n\n<h2 class=\"wp-block-heading\">Maiandachten<\/h2>\n\n\n\n<p>Der Monat Mai ist in besonderer Weise der Verehrung der Gottesmutter Maria geweiht. Bereits im Mittelalter wurden gerne Maiandachten gefeiert, welche urspr\u00fcnglich die \u00fcberkommenen heidnischen Maifeiern mit r\u00f6mischem Ursprung in christliche Feste umwandeln sollten. Im 19. Jahrhundert erfuhr der Brauch dann allgemeine Verbreitung und setzte sich als Maiandachts-Monat durch.<\/p>\n\n\n\n<p>Unsere Maiandachten halten wir in der Regel jeden Donnerstagabend um 19.30 Uhr. Sie finden in der H\u00fcgelkapelle Eggisb\u00fchl und bei den Bildst\u00f6ckli Obersch\u00f6negg und Hegi statt. Die erste Maiandacht des Monats wird jeweils vom Liturgieteam der Frauengemeinschaft gestaltet und in einer Kapelle ausserhalb der Seepfarreien gefeiert. Die Daten sind dem Pfarreiblatt zu entnehmen.<\/p>\n\n\n\n<h2 class=\"wp-block-heading\">Patrozinium und Kr\u00e4utersegnung<\/h2>\n\n\n\n<p>Am 15. August feiern wir das Patrozinium unserer Pfarrkirche Maria Himmelfahrt mit einem Gottesdienst um 09.30 Uhr. Bei uns werden dann auch Kr\u00e4uter gesegnet. Hier, wie in den meisten katholischen Orten der Schweiz, ist dies ein Feiertag zur Ehre unserer Gottesmutter Maria.<\/p>\n\n\n\n<p><strong>Hat die Kr\u00e4uterweihe eine Verbindung zum Festtag?<\/strong><br>Eine Legende erz\u00e4hlt, dass die J\u00fcnger Marias Grab \u00f6ffneten und statt dem Leichnam nur noch Blumen und Kr\u00e4uter fanden. Aus diesem Grunde wird in der katholischen Kirche an diesem Festtag eine Kr\u00e4uterweihe vorgenommen. Dazu werden sogenannte Kr\u00e4uterb\u00fcschel gebunden, die aus einer bestimmten, symbolischen Zahl an Kr\u00e4uterarten bestehen. Der 7er Buschen ist der g\u00e4ngigste Kr\u00e4uterstrauss. Die geweihten und getrockneten Kr\u00e4uterstr\u00e4usse werden auf dem Dachboden oder im Herrgottswinkel des Hauses aufgeh\u00e4ngt und sollen Krankheiten, Ungl\u00fcck, Gewitter und Blitzschlag vom Haus fernhalten. Zerriebene Bl\u00e4tter des Kr\u00e4uterstrausses mischt man oft kranken Tieren ins Futter.<\/p>\n\n\n\n<h2 class=\"wp-block-heading\">Lorenzfeier und Sennenchilbi<\/h2>\n\n\n\n<p>In der Sennengesellschaft Weggis, dem \u00e4ltesten Verein im Dorf (gegr\u00fcndet 1686), wird traditionelles, landwirtschaftliches und volkst\u00fcmliches Brauchtum gepflegt.<\/p>\n\n\n\n<p>Die Maul- und Klauenseuche f\u00fchrte zu grossen Viehverlusten und trieb viele Bauernfamilien an den Rand ihrer Existenz. Aus dieser Notlage wurde damals die Sennengesellschaft Weggis gegr\u00fcndet. Es war dies ein Gel\u00f6bnis der Gr\u00fcnder, die zu ihrem Schutze vor solchen Seuchen und Krankheiten auf die Hilfe Gottes vertrauten.<\/p>\n\n\n\n<p>Alle f\u00fcnf Jahre organisiert die Sennengesellschaft die grosse \u201e<a rel=\"noreferrer noopener\" href=\"http:\/\/www.sennenchilbi-weggis.ch\" target=\"_blank\">Weggiser Sennenchilbi<\/a>\u201c mit Umzug, Brauchtumsspielen und Unterhaltung. Jedes Jahr im August feiert die Sennengesellschaft einen Gottesdienst in der Steinst\u00f6ssi auf Rigi-Kaltbad (Lorenzfeier), umrahmt von Alphornkl\u00e4ngen und Fahnenschwingern.<\/p>\n\n\n\n<h2 class=\"wp-block-heading\">Weggiser Sonntagskonzerte<\/h2>\n\n\n\n<p>Die Weggiser Sonntagskonzerte bereichern das kulturelle und gesellschaftliche Leben in den Seegemeinden w\u00e4hrend der Wintermonate von November bis April. Im Zentrum dieser abwechslungsreichen Veranstaltungen steht die dreimanualige Orgel der katholischen Pfarrkirche, w\u00e4hrend in der evangelisch-reformierten Kirche ein Cembalo die Hauptrolle \u00fcbernimmt. In beiden, akustisch hervorragenden R\u00e4umen finden Solo-Rezitals, aber auch Konzerte f\u00fcr Orgel bzw. Cembalo zusammen mit anderen Instrumenten oder Gesang statt. Neben Musikern aus der Region und der \u00fcbrigen Schweiz treten auch regelm\u00e4ssig renommierte K\u00fcnstler aus den anderen L\u00e4ndern Europas im Rahmen dieses Zyklus auf. Sie stehen unter dem Patronat der Gemeinde, Korporation, Weggis Vitznau Rigi Tourismus sowie der r\u00f6misch-katholischen und der evangelisch-reformierten Kirchgemeinde Weggis.<\/p>\n\n\n\n<p> <\/p>\n","protected":false},"excerpt":{"rendered":"<p>Portrait Weggis geh\u00f6rt zum Kanton Luzern und liegt ca. zehn Kilometer s\u00fcd\u00f6stlich von dessen Hauptstadt. Weggis, an den Gestaden des Vierwaldst\u00e4ttersees und an der S\u00fcdflanke der Rigi gelegen, ist gepr\u00e4gt von seinem milden Klima (Feigen, Edelkastanien, Weintrauben Naturschutzgebiet \u00abChestenwald\u00bb mit 36 der 72 in der Schweiz bekannten Orchideen). Im Fr\u00fchling und Sommer l\u00e4dt die Seepromenade [&hellip;]<\/p>\n","protected":false},"author":1,"featured_media":2206,"parent":0,"menu_order":19,"comment_status":"closed","ping_status":"closed","template":"","meta":{"footnotes":""},"class_list":["post-67","page","type-page","status-publish","has-post-thumbnail","hentry"],"_links":{"self":[{"href":"https:\/\/lottenbach-mediationen.ch\/index.php\/wp-json\/wp\/v2\/pages\/67","targetHints":{"allow":["GET"]}}],"collection":[{"href":"https:\/\/lottenbach-mediationen.ch\/index.php\/wp-json\/wp\/v2\/pages"}],"about":[{"href":"https:\/\/lottenbach-mediationen.ch\/index.php\/wp-json\/wp\/v2\/types\/page"}],"author":[{"embeddable":true,"href":"https:\/\/lottenbach-mediationen.ch\/index.php\/wp-json\/wp\/v2\/users\/1"}],"replies":[{"embeddable":true,"href":"https:\/\/lottenbach-mediationen.ch\/index.php\/wp-json\/wp\/v2\/comments?post=67"}],"version-history":[{"count":0,"href":"https:\/\/lottenbach-mediationen.ch\/index.php\/wp-json\/wp\/v2\/pages\/67\/revisions"}],"wp:featuredmedia":[{"embeddable":true,"href":"https:\/\/lottenbach-mediationen.ch\/index.php\/wp-json\/wp\/v2\/media\/2206"}],"wp:attachment":[{"href":"https:\/\/lottenbach-mediationen.ch\/index.php\/wp-json\/wp\/v2\/media?parent=67"}],"curies":[{"name":"wp","href":"https:\/\/api.w.org\/{rel}","templated":true}]}}