{"id":65,"date":"2020-04-22T15:36:19","date_gmt":"2020-04-22T15:36:19","guid":{"rendered":"https:\/\/www.seepfarreien.ch.proculus.sui-inter.net\/?page_id=65"},"modified":"2020-04-22T15:36:19","modified_gmt":"2020-04-22T15:36:19","slug":"pfarrei-st-wendelin-greppen","status":"publish","type":"page","link":"https:\/\/lottenbach-mediationen.ch\/index.php\/pfarrei-st-wendelin-greppen\/","title":{"rendered":"Pfarrei St. Wendelin Greppen"},"content":{"rendered":"\n<h2 class=\"wp-block-heading\">Portr\u00e4t<\/h2>\n\n\n\n<p>Greppen liegt auf einer mittleren H\u00f6he von 648 m \u00fc.M. am Vierwaldst\u00e4ttersee, am \u00f6stlichen Ufer des K\u00fcssnachter Arms am Fuss der Rigi. Das Dorf dehnt sich vom See auf den Westhang der Rigi bis unterhalb Rigi-Staffel (1400 m \u00fc.M.) aus. Zusammen mit Weggis und Vitznau geh\u00f6rt Greppen zu den Luzerner Rigigemeinden, die nur \u00fcber den See mit dem \u00fcbrigen Kantonsgebiet verbunden sind. Die Gemeinde Greppen grenzt an Weggis und an K\u00fcssnacht im Kanton Schwyz. Indirekt, im See, auch an Meggen.<\/p>\n\n\n\n<p>Das Gebiet der katholischen Kirchgemeinde Greppen entspricht dem der politischen Gemeinde. Die Pfarrei St. Wendelin geh\u00f6rt kirchlich zur Bistumsregion St. Viktor im Bistum Basel. Zusammen mit den Pfarreien Weggis (inkl. Rigi Kaltbad) und Vitznau bildet die Pfarrei Greppen den Pastoralraum der Luzerner Seepfarreien.<\/p>\n\n\n\n<p>Greppen teilt im Wesentlichen die Geschichte des Nachbarorts Weggis. So geh\u00f6rte es den Habsburgern und fiel 1406 als Teil der Vogtei Neuhabsburg durch Kauf an Luzern. Im Jahr 1803 wurde es dem Amt Luzern zugeteilt. Geschichtliches zu Kirche, Pfarrei und Dorf ist hervorragend im 1997 erschienenen Buch \u201eGreppen \u2013Kirche und Pfarrei St. Wendelin\u201c von Josef Muheim-B\u00fceler und Joseph Studhalter erz\u00e4hlt. <\/p>\n\n\n\n<p>Im Pfarreiprofil unter &#8222;<a href=\"https:\/\/lottenbach-mediationen.ch\/dokumente\/\">Dokumente\/Einsatzpl\u00e4ne<\/a>&#8220; finden Sie viele weitere Informationen zur Pfarrei.<\/p>\n\n\n\n<h2 class=\"wp-block-heading\">Brauchtum und Traditionen<\/h2>\n\n\n\n<p>In den Seepfarreien tragen wir Sorge zu Brauchtum und Traditionen. Wir sind aber auch offen f\u00fcr neue Erlebnisformen und Erfahrungen. Einige besondere Veranstaltungen und Angebote mit langj\u00e4hriger Tradition sind hier n\u00e4her erkl\u00e4rt.<\/p>\n\n\n\n<h2 class=\"wp-block-heading\">Bittg\u00e4nge<\/h2>\n\n\n\n<p>Im Mai, dem Marienmonat, wo die Natur vom Wunder der neuen Sch\u00f6pfung erz\u00e4hlt, finden zahlreiche Bittg\u00e4nge nach Greppen zum heiligen Wendelin statt. Aus den umliegenden Gemeinden kommen die BeterInnen zu Fuss, mit dem Nauen, Auto oder Car ins Rigidorf.<\/p>\n\n\n\n<h2 class=\"wp-block-heading\">&#8222;Chestene-Chilbi&#8220;<\/h2>\n\n\n\n<p>Am 4. Sonntag im Oktober ist in Greppen Dorffest, die sogenannte &#8222;Chestene-Chilbi&#8220; (&#8222;Chestene&#8220; sind Kastanien). Traditionell findet dazu um 10.00 Uhr ein \u00f6kumenischer Gottesdienst statt, zu dem die ChilbibesucherInnen und Einheimische willkommen sind.<\/p>\n\n\n\n<p>Die \u00abChestene-Chilbi\u00bb ist der gr\u00f6sste Kastanienmarkt der Deutschschweiz. Die Thematik dreht sich vorwiegend um die Edelkastanie mit all ihrer Verwendbarkeit und pr\u00e4sentiert sich mit angehend 70 St\u00e4nden. Der Bekanntheitsgrad und die Beliebtheit steigt von Jahr zu Jahr. Tausende pilgern von weit her um einige kulinarische \u00abH\u00f6henfl\u00fcge\u00bb zu durch- und erleben. <\/p>\n\n\n\n<h2 class=\"wp-block-heading\">Kerzenschiffe an Lichtmess<\/h2>\n\n\n\n<p>Um den 2. Februar, (Lichtmess) basteln Kinder aus dem Dorf einfache Holz- oder Papierschiffchen, die mit Kerzen geschm\u00fcckt sind. Am Abend werden die Kerzen in einem schlichten Gottesdienst mit Bitten um pers\u00f6nliche Anliegen, f\u00fcr unser Dorf und f\u00fcr die Welt entz\u00fcndet. Anschliessend folgt eine Lichtprozession zum See. Die Schiffe mit den brennenden Kerzen und unseren W\u00fcnschen werden auf dem Vierwaldst\u00e4ttersee ausgesetzt.<\/p>\n\n\n\n<h2 class=\"wp-block-heading\">Patrozinium<\/h2>\n\n\n\n<p>Der <strong>Namenstag <\/strong>des Heiligen Wendelin ist der <strong>20. Oktober<\/strong> und in Greppen Feiertag. Am Abend findet ein Dankgottesdienst um 19.30 Uhr statt. Jedes Jahr h\u00e4lt ein\/e EhrenpredigerIn aus den Reihen der Dorfgemeinschaft die Festpredigt und gibt so ein Glaubenszeugnis ab.<\/p>\n\n\n\n<h2 class=\"wp-block-heading\">Wendelinsbruderschaft<\/h2>\n\n\n\n<p>Traditionell versammeln sich am Donnerstag nach Allerseelen Mitglieder der 1627 gegr\u00fcndeten \u201eBruderschaft zu Ehren des heiligen Wendelin\u201c in der Wallfahrtskirche Greppen. Aus dem Wendelinsdorf Schongau kommt immer eine gr\u00f6ssere Gruppe. Mit heutigen Worten formuliert hat die Gemeinschaft drei Ziele:<\/p>\n\n\n\n<ul class=\"wp-block-list\"><li>Ihre Mitglieder suchen die geistige Verbindung zum heiligen Wendelin. Sie w\u00fcnschen seine F\u00fcrbitte.<\/li><li>Sie beten besonders f\u00fcr den Erhalt der Sch\u00f6pfung, der Landwirtschaft und des Bauernstandes.<\/li><li>Sie versuchen mit ihrer inneren Einstellung die christlichen Werte und christliche Spiritualit\u00e4t zu f\u00f6rdern.<\/li><\/ul>\n\n\n\n<p>Am Donnerstag nach Allerseelen findet um 9.00 Uhr der j\u00e4hrliche Gottesdienst in der Wendelinskirche statt.<\/p>\n\n\n\n<p>Jedes Jahr k\u00f6nnen sich Menschen \u2013 gleich welchen Geschlechts und welcher Herkunft \u2013 in die Wendelinsgemeinschaft einschreiben.<\/p>\n\n\n\n<p>Kosten entstehen daf\u00fcr keine. Der Mehrwert des kleinen Zeichens besteht in der bewussten Teilnahme und Teilhabe an einem geistigen Werk. Ich glaube, es kommt unsere Zeit und jedem Einzelnen zugute. Und deshalb: Herzlich Willkommen in der Wendelinskirche!<\/p>\n","protected":false},"excerpt":{"rendered":"<p>Portr\u00e4t Greppen liegt auf einer mittleren H\u00f6he von 648 m \u00fc.M. am Vierwaldst\u00e4ttersee, am \u00f6stlichen Ufer des K\u00fcssnachter Arms am Fuss der Rigi. Das Dorf dehnt sich vom See auf den Westhang der Rigi bis unterhalb Rigi-Staffel (1400 m \u00fc.M.) aus. Zusammen mit Weggis und Vitznau geh\u00f6rt Greppen zu den Luzerner Rigigemeinden, die nur \u00fcber [&hellip;]<\/p>\n","protected":false},"author":1,"featured_media":2204,"parent":0,"menu_order":18,"comment_status":"closed","ping_status":"closed","template":"","meta":{"footnotes":""},"class_list":["post-65","page","type-page","status-publish","has-post-thumbnail","hentry"],"_links":{"self":[{"href":"https:\/\/lottenbach-mediationen.ch\/index.php\/wp-json\/wp\/v2\/pages\/65","targetHints":{"allow":["GET"]}}],"collection":[{"href":"https:\/\/lottenbach-mediationen.ch\/index.php\/wp-json\/wp\/v2\/pages"}],"about":[{"href":"https:\/\/lottenbach-mediationen.ch\/index.php\/wp-json\/wp\/v2\/types\/page"}],"author":[{"embeddable":true,"href":"https:\/\/lottenbach-mediationen.ch\/index.php\/wp-json\/wp\/v2\/users\/1"}],"replies":[{"embeddable":true,"href":"https:\/\/lottenbach-mediationen.ch\/index.php\/wp-json\/wp\/v2\/comments?post=65"}],"version-history":[{"count":0,"href":"https:\/\/lottenbach-mediationen.ch\/index.php\/wp-json\/wp\/v2\/pages\/65\/revisions"}],"wp:featuredmedia":[{"embeddable":true,"href":"https:\/\/lottenbach-mediationen.ch\/index.php\/wp-json\/wp\/v2\/media\/2204"}],"wp:attachment":[{"href":"https:\/\/lottenbach-mediationen.ch\/index.php\/wp-json\/wp\/v2\/media?parent=65"}],"curies":[{"name":"wp","href":"https:\/\/api.w.org\/{rel}","templated":true}]}}