{"id":633,"date":"2020-05-19T14:02:13","date_gmt":"2020-05-19T14:02:13","guid":{"rendered":"https:\/\/www.seepfarreien.ch.proculus.sui-inter.net\/?page_id=633"},"modified":"2020-05-19T14:02:13","modified_gmt":"2020-05-19T14:02:13","slug":"sternsinger-greppen","status":"publish","type":"page","link":"https:\/\/lottenbach-mediationen.ch\/index.php\/vereine-gruppierungen\/sternsinger-greppen\/","title":{"rendered":"Sternsinger Greppen"},"content":{"rendered":"\n<p>Anfang Januar sind Sch\u00fclerinnen und Sch\u00fcler als die drei Weisen aus dem Morgenland im Dorf unterwegs. Sie klopfen an jede Haust\u00fcr, w\u00fcnschen singend den Frieden und segnen das Haus mit dem K\u00fcrzel<\/p>\n\n\n\n<p>20*C+M+B*20, das bedeutet<\/p>\n\n\n\n<p>Christus mansionem benedicat (Christus segne dieses Haus)<\/p>\n\n\n\n<p>flankiert von der aktuellen, neuen Jahreszahl.<\/p>\n\n\n\n<p>Die Sternsinger sammeln Geld f\u00fcr Kinder aus armen L\u00e4ndern, der gr\u00f6ssten Aktion von Kindern f\u00fcr Kinder auf dem Erdkreis.<\/p>\n\n\n\n<h4 class=\"wp-block-heading\">Kontakt<\/h4>\n\n\n\n<p>Brigitte Muheim, Oberhusstrasse 3, 6404 Greppen<br>T: 079 831 05 91, E: <a href=\"mailto:brigitte.muheim@hotmail.com\" target=\"_blank\" rel=\"noreferrer noopener\">brigitte.muheim@hotmail.com<\/a><span class=\"has-inline-color has-vivid-red-color\"><a rel=\"noreferrer noopener\" href=\"mailto:karin.waldis16@gmail.com\" target=\"_blank\"><\/a><\/span><\/p>\n\n\n\n\n","protected":false},"excerpt":{"rendered":"<p>Anfang Januar sind Sch\u00fclerinnen und Sch\u00fcler als die drei Weisen aus dem Morgenland im Dorf unterwegs. Sie klopfen an jede Haust\u00fcr, w\u00fcnschen singend den Frieden und segnen das Haus mit dem K\u00fcrzel 20*C+M+B*20, das bedeutet Christus mansionem benedicat (Christus segne dieses Haus) flankiert von der aktuellen, neuen Jahreszahl. Die Sternsinger sammeln Geld f\u00fcr Kinder aus [&hellip;]<\/p>\n","protected":false},"author":1,"featured_media":2013,"parent":72,"menu_order":7,"comment_status":"closed","ping_status":"closed","template":"","meta":{"footnotes":""},"class_list":["post-633","page","type-page","status-publish","has-post-thumbnail","hentry"],"_links":{"self":[{"href":"https:\/\/lottenbach-mediationen.ch\/index.php\/wp-json\/wp\/v2\/pages\/633","targetHints":{"allow":["GET"]}}],"collection":[{"href":"https:\/\/lottenbach-mediationen.ch\/index.php\/wp-json\/wp\/v2\/pages"}],"about":[{"href":"https:\/\/lottenbach-mediationen.ch\/index.php\/wp-json\/wp\/v2\/types\/page"}],"author":[{"embeddable":true,"href":"https:\/\/lottenbach-mediationen.ch\/index.php\/wp-json\/wp\/v2\/users\/1"}],"replies":[{"embeddable":true,"href":"https:\/\/lottenbach-mediationen.ch\/index.php\/wp-json\/wp\/v2\/comments?post=633"}],"version-history":[{"count":0,"href":"https:\/\/lottenbach-mediationen.ch\/index.php\/wp-json\/wp\/v2\/pages\/633\/revisions"}],"up":[{"embeddable":true,"href":"https:\/\/lottenbach-mediationen.ch\/index.php\/wp-json\/wp\/v2\/pages\/72"}],"wp:featuredmedia":[{"embeddable":true,"href":"https:\/\/lottenbach-mediationen.ch\/index.php\/wp-json\/wp\/v2\/media\/2013"}],"wp:attachment":[{"href":"https:\/\/lottenbach-mediationen.ch\/index.php\/wp-json\/wp\/v2\/media?parent=633"}],"curies":[{"name":"wp","href":"https:\/\/api.w.org\/{rel}","templated":true}]}}