{"id":63,"date":"2020-04-22T15:35:21","date_gmt":"2020-04-22T15:35:21","guid":{"rendered":"https:\/\/www.seepfarreien.ch.proculus.sui-inter.net\/?page_id=63"},"modified":"2020-04-22T15:35:21","modified_gmt":"2020-04-22T15:35:21","slug":"pfarrkirche-vitznau","status":"publish","type":"page","link":"https:\/\/lottenbach-mediationen.ch\/index.php\/raume-greppen-weggis-vitznau\/pfarrkirche-vitznau\/","title":{"rendered":"Pfarrkirche St. Hieronymus Vitznau"},"content":{"rendered":"\n<p>Die katholische Pfarrkirche St. Hieronymus ist eine typische sp\u00e4te Vertreterin des barock-klassizistischen Luzerner Landkirchenschemas und kr\u00f6nt das Ortsbild von Vitznau. An Stelle der 1504 geweihten Kapelle wurde 1841 mit dem Bau der katholischen Pfarrkirche St. Hieronymus begonnen, welche am 16. Oktober 1843 feierlich eingeweiht wurde. Die neue Kirche, die der Vitznauer Baumeister Josef Weibel in Anlehnung an die 1825-27 von den Gebr\u00fcdern Josef und Franz H\u00e4ndle erbaute Kirche in Adligenswil ausf\u00fchrte, entspricht im Grundriss wie im \u00e4usseren und inneren Aufbau dem von Singer und Purtschert geschaffenen und bis zur Mitte des 19. Jahrhunderts beibehaltenen Typus der einschiffigen Luzerner Landkirchen. Die Vorhalle ist zwischen den Emporentreppen in das vierachsige Langhaus eingezogen, aber dessen Vereinigung mit dem Chor durch Verschleifung seiner Ostw\u00e4nde aufgegeben. F\u00fcr die Ausstattung der Kirche wurde Anton B\u00fctler (Gem\u00e4lde Haupt- und Nebenalt\u00e4re und Deckenbilder im Chor und Langhaus), Jakob Schwegler (Entw\u00fcrfe der Stuckmarmoralt\u00e4re) und Marzell M\u00fcller (Vergoldungen Alt\u00e4re) beigezogen.<\/p>\n\n\n\n<figure class=\"wp-block-image size-large\"><img loading=\"lazy\" decoding=\"async\" width=\"400\" height=\"280\" src=\"https:\/\/lottenbach-mediationen.ch\/wp-content\/uploads\/2020\/06\/Pfarrkirche-Vitznau-Front.jpg\" alt=\"\" class=\"wp-image-2347\" srcset=\"https:\/\/lottenbach-mediationen.ch\/wp-content\/uploads\/2020\/06\/Pfarrkirche-Vitznau-Front.jpg 400w, https:\/\/lottenbach-mediationen.ch\/wp-content\/uploads\/2020\/06\/Pfarrkirche-Vitznau-Front-300x210.jpg 300w\" sizes=\"auto, (max-width: 400px) 100vw, 400px\" \/><figcaption>Pfarrkirche St. Hieronymus in Vitznau<\/figcaption><\/figure>\n\n\n\n<p>Zum \u00e4usseren Erscheinungsbild der Kirche geh\u00f6ren drei \u00fcberlebensgrosse Steinstatuen, welche in drei Rundbogennischen \u00fcber den drei Rundbogenarkaden der Vorhalle stehen: In der Mitte Christus mit der Weltkugel vor dem Kreuz, beidseits von ihm der Apostel Andreas als Patron der Fischer und der heilige Hieronymus als Kirchenpatron. Das Innere der Kirche pr\u00e4gen ein grosses Deckenbild mit der Verkl\u00e4rung Christi (nach einer Kopie von Raffaels Gem\u00e4lde im Vatikan) sowie die Gem\u00e4lde am Hochaltar (Kreuzigung Christi) und den beiden Seitenalt\u00e4ren (Geburt und Auferstehung Christi). Besondere Erw\u00e4hnung verdient auch das von einem Kurgast gestiftete und an der S\u00fcdwand platzierte \u00d6lgem\u00e4lde der Piet\u00e0 (17. Jahrhundert, Bologneser Meister). Die Kirche ist tags\u00fcber ge\u00f6ffnet und bietet Platz f\u00fcr 200 Personen.<\/p>\n\n\n\n<figure class=\"wp-block-image size-large\"><img loading=\"lazy\" decoding=\"async\" width=\"464\" height=\"308\" src=\"https:\/\/lottenbach-mediationen.ch\/wp-content\/uploads\/2020\/06\/innenbeleuchtung_kirche_vitznau.jpg\" alt=\"\" class=\"wp-image-1820\" srcset=\"https:\/\/lottenbach-mediationen.ch\/wp-content\/uploads\/2020\/06\/innenbeleuchtung_kirche_vitznau.jpg 464w, https:\/\/lottenbach-mediationen.ch\/wp-content\/uploads\/2020\/06\/innenbeleuchtung_kirche_vitznau-300x199.jpg 300w\" sizes=\"auto, (max-width: 464px) 100vw, 464px\" \/><figcaption>Innenbeleuchtung Pfarrkirche St. Hieronymus in Vitznau<\/figcaption><\/figure>\n\n\n\n<p>Gr\u00f6ssere Ver\u00e4nderungen erfuhr die Kirche bei folgenden Renovationen:<\/p>\n\n\n\n<ul class=\"wp-block-list\"><li>1893: Renovation durch den Luzerner Architekten Johann Meyer. \u00c4usseres: Sanierung und Hinzuf\u00fcgung von drei neuen Statuen. Inneres: \u00dcbert\u00fcnchung der Apostelbilder \u00fcber den Fenstern und der Malereien in den Stichkappen, Bereicherung der Kirche mit neuen Stuckornamenten, Neusch\u00f6pfung einer Verk\u00fcndigungsszene am Chorbogen und Restaurierung der Altargem\u00e4lde und Deckenbilder durch Georges Troxler, neue Fenster des Glasmalers Carl Segesser<\/li><li>1900: neue Orgel mit Emporen-Anpassung<\/li><li>1907: Renovation \u00c4usseres<\/li><li>1955\/56: Abbruch obere Empore mit Vergr\u00f6sserung der unteren Empore, Ersatz von T\u00fcren\/Fenster\/B\u00e4nke, Orgelumbau, weisser Anstrich mit \u00dcbert\u00fcnchung von Troxlers Malereien<\/li><li>1962: Aussensanierung mit An- und Ausbau Sakristei, Renovierung der Turmuhr<\/li><li>2001: Innenrenovation unter der Leitung von Architekt Matthias Schmid. Reinigung und Neubemalung der W\u00e4nde und des Gew\u00f6lbes, Renovation des Stuckmarmors der Alt\u00e4re, der Statuen und Gem\u00e4lde, Neugestaltung des Chorbereichs mit Altar, Ambo, Sitze, Taufbecken, Osterkerzenleuchter (K\u00fcnstler Jo Achermann aus Kerns\/Cottbus), Ersatz der Kniebankheizung<\/li><li>2017: Aussenrenovation: Reinigung und neuer Farbanstrich der Fassaden, Ausbesserungen beim Verputz, beim Holzwerk und den Naturstein-Bauteilen, Umdecken des Ziegeldaches mit Ersatz der Dachlattung, Kontrolle und punktweise Instandstellung vom Kupferdach beim Kirchenturm, Verbesserungen beim Blitzschutz, Erneuerung des Asphaltbelages um die Kirche (inkl. Erneuerung der Entw\u00e4sserung), Erweiterung des Kirchenvorplatzes im Bereich des alten Friedhofes (mehr Platz f\u00fcr Pfarreianl\u00e4sse), Verbesserung der Beleuchtung der Kirche (Portal) und der Umgebung, Innenreinigung und Verbesserung bei der Akustikanlage<\/li><\/ul>\n\n\n\n<p><span class=\"has-inline-color has-very-dark-gray-color\">Weitergehende Informationen finden Sie in der Brosch\u00fcre &#8222;Pfarrkirche St. Hieronymus in Vitznau&#8220; unter <a href=\"https:\/\/lottenbach-mediationen.ch\/merkblaetter\/\">&#8222;Merkbl\u00e4tter&#8220;<\/a><\/span><\/p>\n\n\n\n\n","protected":false},"excerpt":{"rendered":"<p>Die katholische Pfarrkirche St. Hieronymus ist eine typische sp\u00e4te Vertreterin des barock-klassizistischen Luzerner Landkirchenschemas und kr\u00f6nt das Ortsbild von Vitznau. An Stelle der 1504 geweihten Kapelle wurde 1841 mit dem Bau der katholischen Pfarrkirche St. Hieronymus begonnen, welche am 16. Oktober 1843 feierlich eingeweiht wurde. Die neue Kirche, die der Vitznauer Baumeister Josef Weibel in [&hellip;]<\/p>\n","protected":false},"author":1,"featured_media":1091,"parent":59,"menu_order":16,"comment_status":"closed","ping_status":"closed","template":"","meta":{"footnotes":""},"class_list":["post-63","page","type-page","status-publish","has-post-thumbnail","hentry"],"_links":{"self":[{"href":"https:\/\/lottenbach-mediationen.ch\/index.php\/wp-json\/wp\/v2\/pages\/63","targetHints":{"allow":["GET"]}}],"collection":[{"href":"https:\/\/lottenbach-mediationen.ch\/index.php\/wp-json\/wp\/v2\/pages"}],"about":[{"href":"https:\/\/lottenbach-mediationen.ch\/index.php\/wp-json\/wp\/v2\/types\/page"}],"author":[{"embeddable":true,"href":"https:\/\/lottenbach-mediationen.ch\/index.php\/wp-json\/wp\/v2\/users\/1"}],"replies":[{"embeddable":true,"href":"https:\/\/lottenbach-mediationen.ch\/index.php\/wp-json\/wp\/v2\/comments?post=63"}],"version-history":[{"count":0,"href":"https:\/\/lottenbach-mediationen.ch\/index.php\/wp-json\/wp\/v2\/pages\/63\/revisions"}],"up":[{"embeddable":true,"href":"https:\/\/lottenbach-mediationen.ch\/index.php\/wp-json\/wp\/v2\/pages\/59"}],"wp:featuredmedia":[{"embeddable":true,"href":"https:\/\/lottenbach-mediationen.ch\/index.php\/wp-json\/wp\/v2\/media\/1091"}],"wp:attachment":[{"href":"https:\/\/lottenbach-mediationen.ch\/index.php\/wp-json\/wp\/v2\/media?parent=63"}],"curies":[{"name":"wp","href":"https:\/\/api.w.org\/{rel}","templated":true}]}}