{"id":61,"date":"2020-04-22T15:34:30","date_gmt":"2020-04-22T15:34:30","guid":{"rendered":"https:\/\/www.seepfarreien.ch.proculus.sui-inter.net\/?page_id=61"},"modified":"2020-04-22T15:34:30","modified_gmt":"2020-04-22T15:34:30","slug":"felsenkapelle-rigi-kaltbad","status":"publish","type":"page","link":"https:\/\/lottenbach-mediationen.ch\/index.php\/raume-greppen-weggis-vitznau\/felsenkapelle-rigi-kaltbad\/","title":{"rendered":"Felsenkapelle St. Michael Rigi Kaltbad"},"content":{"rendered":"\n<p>Der Name Felsenkapelle weist auf die zwischen Felsen gelegene Kapelle. In fr\u00fcheren Zeiten hiess dieser Ort Schwesternborn. Die Sage erz\u00e4hlt, dass zur Zeit des Kaisers Albrecht von \u00d6sterreich&nbsp; \u2013 anfangs des 14. Jahrhunderts \u2013 drei fromme Schwestern sich in diese Wildnis zur\u00fcckgezogen haben, um gewaltt\u00e4tigen V\u00f6gten, die sie entf\u00fchren wollten, zu entfliehen. Sie haben dort ein heiliges Leben gef\u00fchrt. Nach dem Tod der letzten der drei Schwestern ist nach der Legende eine Quelle mit heilendem Wasser entsprungen. Viele Menschen suchten Heilung, in dem sie im kalten Wasser, das in einen Trog geleitet wurde, badeten. Von daher stammt der Name Kaltbad.<\/p>\n\n\n\n<figure class=\"wp-block-image size-large\"><img loading=\"lazy\" decoding=\"async\" width=\"400\" height=\"280\" src=\"https:\/\/lottenbach-mediationen.ch\/wp-content\/uploads\/2020\/06\/Felsenkapelle-St.-Michael.jpg\" alt=\"\" class=\"wp-image-2340\" srcset=\"https:\/\/lottenbach-mediationen.ch\/wp-content\/uploads\/2020\/06\/Felsenkapelle-St.-Michael.jpg 400w, https:\/\/lottenbach-mediationen.ch\/wp-content\/uploads\/2020\/06\/Felsenkapelle-St.-Michael-300x210.jpg 300w\" sizes=\"auto, (max-width: 400px) 100vw, 400px\" \/><figcaption>Felsenkapelle St. Michael auf Rigi Kaltbad im Sommer<\/figcaption><\/figure>\n\n\n\n<p>Sp\u00e4ter baute man daneben ein Hotel. Die erste Kapelle wurde 1585 eingeweiht. Im Jahre 1779 liess Ammann Justus Zimmermann die Kapelle abbrechen und an ihrer Stelle durch Architekt Jakob Singer einen Neubau errichten. Bei der Renovation 1949\/50 blieb nur der Hochaltar erhalten. Der Altaraufbau schafft den w\u00fcrdigen Rahmen f\u00fcr den Tabernakel mit den k\u00f6stlichen Putten-Engeln, f\u00fcr die Marienstatue, um 1500 geschnitzt von einem unbekannten K\u00fcnstler, und f\u00fcr die Statue des Erzengels Michael, des Patrons der Kapelle. An Stelle der Seitenalt\u00e4re stehen zwei barocke Statuen auf Konsolen, links der heilige Diakon Laurentius mit dem Rost, dem Attribut seines Martyriums, rechts der heilige Wendelin, Patron der Hirten. Schon seit jeher pilgerte man nicht nur zur kristallklaren Quelle, sondern auch zur \u00abmildreichen Mutter Mariae Gnadenthron\u00bb. Die Farbfenster mit dem heiligen Bruder Klaus, der Gottesmutter mit Kind, mit Christus und dem ungl\u00e4ubigen Thomas und dem heiligen Christophorus, stammen von verschiedenen K\u00fcnstlern.<\/p>\n\n\n\n<figure class=\"wp-block-image size-large\"><img loading=\"lazy\" decoding=\"async\" width=\"400\" height=\"280\" src=\"https:\/\/lottenbach-mediationen.ch\/wp-content\/uploads\/2020\/06\/felsenkapelle_winter.jpg\" alt=\"\" class=\"wp-image-1801\" srcset=\"https:\/\/lottenbach-mediationen.ch\/wp-content\/uploads\/2020\/06\/felsenkapelle_winter.jpg 400w, https:\/\/lottenbach-mediationen.ch\/wp-content\/uploads\/2020\/06\/felsenkapelle_winter-300x210.jpg 300w\" sizes=\"auto, (max-width: 400px) 100vw, 400px\" \/><figcaption>Felsenkapelle St. Michael auf Rigi Kaltbad im Winter<\/figcaption><\/figure>\n\n\n\n<p>Es vergeht kaum ein Tag, da nicht Leute zur Kapelle kommen und ein Opferlicht anz\u00fcnden mit ihren Anliegen im Herzen. Jeden Sonntag wird in der Kapelle um 11.15 Uhr (von Ausnahmen abgesehen) ein Gottesdienst gefeiert. Die Kapelle ist tags\u00fcber ge\u00f6ffnet und bietet Platz f\u00fcr 85 Personen.<\/p>\n\n\n\n<p>Die Kapelle befindet sich im Besitz der <a href=\"http:\/\/www.korporation-weggis.ch\" target=\"_blank\" rel=\"noreferrer noopener\">Korporation Weggis<\/a>. Anfragen zu Taufen, Hochzeiten, Konzerte, etc. sind an das <a href=\"mailto:sekretariat@seepfarreien.ch\" target=\"_blank\" rel=\"noreferrer noopener\">Sekretariat<\/a> der Luzerner Seepfarreien (T: 041 392 00 92) zu richten.<\/p>\n\n\n\n\n","protected":false},"excerpt":{"rendered":"<p>Der Name Felsenkapelle weist auf die zwischen Felsen gelegene Kapelle. In fr\u00fcheren Zeiten hiess dieser Ort Schwesternborn. Die Sage erz\u00e4hlt, dass zur Zeit des Kaisers Albrecht von \u00d6sterreich&nbsp; \u2013 anfangs des 14. Jahrhunderts \u2013 drei fromme Schwestern sich in diese Wildnis zur\u00fcckgezogen haben, um gewaltt\u00e4tigen V\u00f6gten, die sie entf\u00fchren wollten, zu entfliehen. Sie haben dort [&hellip;]<\/p>\n","protected":false},"author":1,"featured_media":1802,"parent":59,"menu_order":14,"comment_status":"closed","ping_status":"closed","template":"","meta":{"footnotes":""},"class_list":["post-61","page","type-page","status-publish","has-post-thumbnail","hentry"],"_links":{"self":[{"href":"https:\/\/lottenbach-mediationen.ch\/index.php\/wp-json\/wp\/v2\/pages\/61","targetHints":{"allow":["GET"]}}],"collection":[{"href":"https:\/\/lottenbach-mediationen.ch\/index.php\/wp-json\/wp\/v2\/pages"}],"about":[{"href":"https:\/\/lottenbach-mediationen.ch\/index.php\/wp-json\/wp\/v2\/types\/page"}],"author":[{"embeddable":true,"href":"https:\/\/lottenbach-mediationen.ch\/index.php\/wp-json\/wp\/v2\/users\/1"}],"replies":[{"embeddable":true,"href":"https:\/\/lottenbach-mediationen.ch\/index.php\/wp-json\/wp\/v2\/comments?post=61"}],"version-history":[{"count":0,"href":"https:\/\/lottenbach-mediationen.ch\/index.php\/wp-json\/wp\/v2\/pages\/61\/revisions"}],"up":[{"embeddable":true,"href":"https:\/\/lottenbach-mediationen.ch\/index.php\/wp-json\/wp\/v2\/pages\/59"}],"wp:featuredmedia":[{"embeddable":true,"href":"https:\/\/lottenbach-mediationen.ch\/index.php\/wp-json\/wp\/v2\/media\/1802"}],"wp:attachment":[{"href":"https:\/\/lottenbach-mediationen.ch\/index.php\/wp-json\/wp\/v2\/media?parent=61"}],"curies":[{"name":"wp","href":"https:\/\/api.w.org\/{rel}","templated":true}]}}