{"id":591,"date":"2020-05-19T13:16:15","date_gmt":"2020-05-19T13:16:15","guid":{"rendered":"https:\/\/www.seepfarreien.ch.proculus.sui-inter.net\/?page_id=591"},"modified":"2020-05-19T13:16:15","modified_gmt":"2020-05-19T13:16:15","slug":"kigo-team","status":"publish","type":"page","link":"https:\/\/lottenbach-mediationen.ch\/index.php\/vereine-gruppierungen\/kigo-team\/","title":{"rendered":"KiGo-Team"},"content":{"rendered":"\n<p>Keine Kinderfeiern mehr in Greppen &#8230; oder vielleicht doch?<\/p>\n\n\n\n<p>Die Idee war, die langj\u00e4hrige Tradition der Kindergottesdienste (KiGo) in Greppen zu \u00fcberdenken, und neue Wege f\u00fcr kindergerechte Lebens- und Glaubensfeiern zu suchen. Deshalb wurde am 19. September 2023 zu einem \u00abRunden Tisch\u00bb eingeladen. Dabei w\u00e4ren wir den Fragen nachgegangen: Wie k\u00f6nnten solche Feiern gestaltet sein? An welchem Wochentag, wann und wie h\u00e4ufig sollten sie angeboten werden? usw.<\/p>\n\n\n\n<p>Da diese Austausch-M\u00f6glichkeit auf keine Resonanz gestossen ist, werden wir zuk\u00fcnftig auf ein entsprechendes Angebot in Greppen verzichten, und laden Sie gerne ein, mit ihren Kindern die \u00f6kumenische \u00abChinderfiir\u00bb in Vitznau (1x im Monat f\u00fcr Kinder bis zur 3. Klasse), den \u00abWellingtonia-Treff\u00bb in Weggis (2x im Monat f\u00fcr die j\u00fcngsten Kinder) sowie die Wellingtonia-Feier in Weggis (ca. 4x im Jahr f\u00fcr Kinder ab etwa 1 \u00bd Jahren) zu besuchen. (Infos dazu auf <a href=\"http:\/\/www.seepfarreien.ch\/familien\">lottenbach-mediationen.ch\/familien<\/a>)<\/p>\n\n\n\n<p>Und sollte dennoch der Wunsch aufkommen, gemeinsam mit anderen Kindern das Leben und den Glauben zu feiern, stehen wir Ihnen jederzeit sehr gern zur Verf\u00fcgung und suchen weiter nach guten Wegen und M\u00f6glichkeiten.<\/p>\n\n\n\n<h4 class=\"wp-block-heading\">Kontakt<\/h4>\n\n\n\n<p>Flavio Moresino, Pfarreiseelsorger<br>Seestrasse 12, 6404 Greppen<br>T: 041 390 32 01,  E: <a rel=\"noreferrer noopener\" href=\"mailto:flavio.moresino@seepfarreien.ch\" target=\"_blank\">flavio.moresino@seepfarreien.ch<\/a><\/p>\n\n\n\n\n","protected":false},"excerpt":{"rendered":"<p>Keine Kinderfeiern mehr in Greppen &#8230; oder vielleicht doch? Die Idee war, die langj\u00e4hrige Tradition der Kindergottesdienste (KiGo) in Greppen zu \u00fcberdenken, und neue Wege f\u00fcr kindergerechte Lebens- und Glaubensfeiern zu suchen. Deshalb wurde am 19. September 2023 zu einem \u00abRunden Tisch\u00bb eingeladen. Dabei w\u00e4ren wir den Fragen nachgegangen: Wie k\u00f6nnten solche Feiern gestaltet sein? [&hellip;]<\/p>\n","protected":false},"author":1,"featured_media":0,"parent":72,"menu_order":2,"comment_status":"closed","ping_status":"closed","template":"","meta":{"footnotes":""},"class_list":["post-591","page","type-page","status-publish","hentry"],"_links":{"self":[{"href":"https:\/\/lottenbach-mediationen.ch\/index.php\/wp-json\/wp\/v2\/pages\/591","targetHints":{"allow":["GET"]}}],"collection":[{"href":"https:\/\/lottenbach-mediationen.ch\/index.php\/wp-json\/wp\/v2\/pages"}],"about":[{"href":"https:\/\/lottenbach-mediationen.ch\/index.php\/wp-json\/wp\/v2\/types\/page"}],"author":[{"embeddable":true,"href":"https:\/\/lottenbach-mediationen.ch\/index.php\/wp-json\/wp\/v2\/users\/1"}],"replies":[{"embeddable":true,"href":"https:\/\/lottenbach-mediationen.ch\/index.php\/wp-json\/wp\/v2\/comments?post=591"}],"version-history":[{"count":0,"href":"https:\/\/lottenbach-mediationen.ch\/index.php\/wp-json\/wp\/v2\/pages\/591\/revisions"}],"up":[{"embeddable":true,"href":"https:\/\/lottenbach-mediationen.ch\/index.php\/wp-json\/wp\/v2\/pages\/72"}],"wp:attachment":[{"href":"https:\/\/lottenbach-mediationen.ch\/index.php\/wp-json\/wp\/v2\/media?parent=591"}],"curies":[{"name":"wp","href":"https:\/\/api.w.org\/{rel}","templated":true}]}}