{"id":59,"date":"2020-04-22T15:30:44","date_gmt":"2020-04-22T15:30:44","guid":{"rendered":"https:\/\/www.seepfarreien.ch.proculus.sui-inter.net\/?page_id=59"},"modified":"2020-04-22T15:30:44","modified_gmt":"2020-04-22T15:30:44","slug":"raume-greppen-weggis-vitznau","status":"publish","type":"page","link":"https:\/\/lottenbach-mediationen.ch\/index.php\/raume-greppen-weggis-vitznau\/","title":{"rendered":"R\u00e4ume in unserem Pastoralraum"},"content":{"rendered":"\n<p>Gerne stellen wir Ihnen unsere Geb\u00e4ude und R\u00e4umlichkeiten auf einem Rundgang durch die Seepfarreien vor.<\/p>\n\n\n\n<h2 class=\"wp-block-heading\">Greppen<\/h2>\n\n\n\n<ul class=\"wp-block-list\"><li><a href=\"https:\/\/lottenbach-mediationen.ch\/raume-greppen-weggis-vitznau\/pfarrkirche-greppen\/\">Pfarrkirche St. Wendelin Greppen<\/a> <\/li><li><a href=\"https:\/\/lottenbach-mediationen.ch\/raume-greppen-weggis-vitznau\/pfarrhaus-greppen\/\">Pfarrhaus Greppen<\/a><\/li><li><a href=\"https:\/\/lottenbach-mediationen.ch\/raume-greppen-weggis-vitznau\/gemeinschaftsraum-greppen\/\">Gemeinschaftsraum Greppen<\/a><\/li><\/ul>\n\n\n\n<h2 class=\"wp-block-heading\">Weggis<\/h2>\n\n\n\n<ul class=\"wp-block-list\"><li><a href=\"https:\/\/lottenbach-mediationen.ch\/raume-greppen-weggis-vitznau\/pfarrkirche-weggis\/\">Pfarrkirche St. Maria Weggis<\/a> <\/li><li><a href=\"https:\/\/lottenbach-mediationen.ch\/pfarreizentrum-weggis\/\">Pfarreizentrum Weggis<\/a><\/li><li><a href=\"https:\/\/lottenbach-mediationen.ch\/raume-greppen-weggis-vitznau\/allerheiligenkapelle\/\">Allerheiligenkapelle Weggis<\/a><\/li><li><a href=\"https:\/\/lottenbach-mediationen.ch\/raume-greppen-weggis-vitznau\/verenakapelle\/\">Verenakapelle Weggis<\/a><\/li><li><a href=\"https:\/\/lottenbach-mediationen.ch\/raume-greppen-weggis-vitznau\/hofmattkapelle\/\">Hofmatt-Kapelle Weggis<\/a><br>Eigent\u00fcmerin AltersZentrum Hofmatt<\/li><li><a href=\"https:\/\/lottenbach-mediationen.ch\/raume-greppen-weggis-vitznau\/huegelkapelle-eggisbuehl\/\">H\u00fcgelkapelle Eggisb\u00fchl Weggis<\/a><br>Eigent\u00fcmerin Gemeinde Weggis<\/li><li><a href=\"https:\/\/lottenbach-mediationen.ch\/raume-greppen-weggis-vitznau\/heilig-kreuz-kapelle\/\">Heilig-Kreuz-Kapelle Weggis<\/a><br>Eigent\u00fcmerin Korporation Weggis<\/li><li><a href=\"https:\/\/lottenbach-mediationen.ch\/raume-greppen-weggis-vitznau\/pfarrhaus\/\">Pfarrhaus Weggis<\/a><\/li><li><a href=\"https:\/\/lottenbach-mediationen.ch\/raume-greppen-weggis-vitznau\/alt-pfarrhof\/\">alt Pfarrhof Weggis<\/a><\/li><li><a href=\"https:\/\/lottenbach-mediationen.ch\/raume-greppen-weggis-vitznau\/haus-waldheim\/\">Haus Waldheim Weggis<\/a><\/li><\/ul>\n\n\n\n<h2 class=\"wp-block-heading\">Rigi Kaltbad<\/h2>\n\n\n\n<ul class=\"wp-block-list\"><li><a href=\"https:\/\/lottenbach-mediationen.ch\/raume-greppen-weggis-vitznau\/felsenkapelle-rigi-kaltbad\/\">Felsenkapelle St. Michael Rigi Kaltbad<\/a> <br>Eigent\u00fcmerin Korporation Weggis<\/li><li><a href=\"https:\/\/lottenbach-mediationen.ch\/kaplanei-gratalp\/\">Begegnungsraum Kaplanei Gratalp<\/a><\/li><\/ul>\n\n\n\n<h2 class=\"wp-block-heading\">Vitznau<\/h2>\n\n\n\n<ul class=\"wp-block-list\"><li><a href=\"https:\/\/lottenbach-mediationen.ch\/raume-greppen-weggis-vitznau\/pfarrkirche-vitznau\/\">Pfarrkirche St. Hieronymus Vitznau<\/a> <\/li><li><a href=\"https:\/\/lottenbach-mediationen.ch\/raume-greppen-weggis-vitznau\/pfarrhof-vitznau\/\">Pfarrhof Vitznau<\/a><\/li><\/ul>\n\n\n\n<p><\/p>\n","protected":false},"excerpt":{"rendered":"<p>Gerne stellen wir Ihnen unsere Geb\u00e4ude und R\u00e4umlichkeiten auf einem Rundgang durch die Seepfarreien vor. Greppen Pfarrkirche St. Wendelin Greppen Pfarrhaus Greppen Gemeinschaftsraum Greppen Weggis Pfarrkirche St. Maria Weggis Pfarreizentrum Weggis Allerheiligenkapelle Weggis Verenakapelle Weggis Hofmatt-Kapelle WeggisEigent\u00fcmerin AltersZentrum Hofmatt H\u00fcgelkapelle Eggisb\u00fchl WeggisEigent\u00fcmerin Gemeinde Weggis Heilig-Kreuz-Kapelle WeggisEigent\u00fcmerin Korporation Weggis Pfarrhaus Weggis alt Pfarrhof Weggis Haus Waldheim [&hellip;]<\/p>\n","protected":false},"author":1,"featured_media":0,"parent":0,"menu_order":15,"comment_status":"closed","ping_status":"closed","template":"","meta":{"footnotes":""},"class_list":["post-59","page","type-page","status-publish","hentry"],"_links":{"self":[{"href":"https:\/\/lottenbach-mediationen.ch\/index.php\/wp-json\/wp\/v2\/pages\/59","targetHints":{"allow":["GET"]}}],"collection":[{"href":"https:\/\/lottenbach-mediationen.ch\/index.php\/wp-json\/wp\/v2\/pages"}],"about":[{"href":"https:\/\/lottenbach-mediationen.ch\/index.php\/wp-json\/wp\/v2\/types\/page"}],"author":[{"embeddable":true,"href":"https:\/\/lottenbach-mediationen.ch\/index.php\/wp-json\/wp\/v2\/users\/1"}],"replies":[{"embeddable":true,"href":"https:\/\/lottenbach-mediationen.ch\/index.php\/wp-json\/wp\/v2\/comments?post=59"}],"version-history":[{"count":0,"href":"https:\/\/lottenbach-mediationen.ch\/index.php\/wp-json\/wp\/v2\/pages\/59\/revisions"}],"wp:attachment":[{"href":"https:\/\/lottenbach-mediationen.ch\/index.php\/wp-json\/wp\/v2\/media?parent=59"}],"curies":[{"name":"wp","href":"https:\/\/api.w.org\/{rel}","templated":true}]}}