{"id":55,"date":"2020-04-22T15:23:38","date_gmt":"2020-04-22T15:23:38","guid":{"rendered":"https:\/\/www.seepfarreien.ch.proculus.sui-inter.net\/?page_id=55"},"modified":"2020-04-22T15:23:38","modified_gmt":"2020-04-22T15:23:38","slug":"pfarrkirche-greppen","status":"publish","type":"page","link":"https:\/\/lottenbach-mediationen.ch\/index.php\/raume-greppen-weggis-vitznau\/pfarrkirche-greppen\/","title":{"rendered":"Pfarrkirche St. Wendelin Greppen"},"content":{"rendered":"\n<p>Zwischen Rigiflanke und offen zum Vierwaldst\u00e4ttersee steht die 1645 &#8211; 47 erbaute Wallfahrtskirche St. Wendelin. Der Chorraum orientiert sich am aufgehenden Morgenlicht. Die Abendsonne scheint l\u00e4ngs durch das barocke Kirchenschiff. Im 26 Meter langen und 11 Meter breiten Kirchenraum finden 150 Personen Platz. Er ist beliebt als <strong>Hochzeitskirche<\/strong>. Der Chorraum wurde mit der Renovation von 1996\/97 neu gestaltet: Sein historisches Erbe wurde geachtet. Das Pult und der Altar sind transportabel und erm\u00f6glichen verschiedene Nutzungen des Raumes.<\/p>\n\n\n\n<figure class=\"wp-block-image size-large\"><img loading=\"lazy\" decoding=\"async\" width=\"400\" height=\"280\" src=\"https:\/\/lottenbach-mediationen.ch\/wp-content\/uploads\/2020\/06\/Pfarrkirche-St.-Wendelin-Greppen.jpg\" alt=\"\" class=\"wp-image-1811\" srcset=\"https:\/\/lottenbach-mediationen.ch\/wp-content\/uploads\/2020\/06\/Pfarrkirche-St.-Wendelin-Greppen.jpg 400w, https:\/\/lottenbach-mediationen.ch\/wp-content\/uploads\/2020\/06\/Pfarrkirche-St.-Wendelin-Greppen-300x210.jpg 300w\" sizes=\"auto, (max-width: 400px) 100vw, 400px\" \/><figcaption>Pfarrkirche St. Wendelin in Greppen<\/figcaption><\/figure>\n\n\n\n<p>Nach der Kirchenweihe von 1647 wurde der barocke Hochalter mit dem Zentrum Maria als Himmelsk\u00f6nigin 1654 &#8211; 56 erg\u00e4nzt. Im Altar finden sich (von l. nach r.): Petrus, Johannes der T\u00e4ufer, Karl Borrom\u00e4us, Dominikus, Maria, Wendelin, Katharina, Bernhard und Bruder Klaus sowie Paulus. Im Laufe des 17. und 18. Jahrhunderts wurde die Ausstattung immer wieder erg\u00e4nzt, z.B. 1760\/61 mit einer St. Wendelinsreliquie. Erst im Jahre 1799 wurde die Grepper Kirche zur selbst\u00e4ndigen Pfarrkirche und in den folgenden Jahren klassizistisch renoviert. Bemerkenswert aus dieser Zeit sind die Stukaturrahmen sowie die drei <strong>Deckenbilder<\/strong> \u201eGlaube, Hoffnung und Liebe\u201c unter der Empore, \u00abLeben des Hl. Wendelin\u00bb \u00fcber dem Hauptschiff und dem \u00abAbendmahl\u00bb \u00fcber dem Chorraum. Mit der Schaffung der beiden Seitenalt\u00e4re 1831\/32, links mit der Geburt Jesu im Stall von Bethlehem, rechts mit der Auferstehung Christi, erhielt die Kirche ihr bist heute bestehendes Aussehen. Die grosse, gelungene Renovation von 1995\/96 reduzierte vor allem die Gestaltung des Chorraumes, der jetzt mit transportablem Ambo und Altartisch verschiedene, auch moderne, kulturell-religi\u00f6se Nutzungen m\u00f6glich macht.<\/p>\n\n\n\n<p>Die kleine Kirche ruht geerdet und harmonisch in sich. Sie befindet sich an einem geomantischen Kraftort und bietet einen dreifachen Resonanzraum.<\/p>\n\n\n\n<p>Der Heilige Wendelin ist Patron der Natur und Sch\u00f6pfung. Sein Leben zeigt Wandlungen und Br\u00fcche: K\u00f6nigssohn, Missionar, Schweinehirt, Einsiedler, Abt. Wendelin ermutigt zur Transformationen des eigenen Lebens und der ganzen Sch\u00f6pfung. Die Reliquie des Heiligen Wendelin steht auf dem linken Seitenaltar.<\/p>\n\n\n\n<figure class=\"wp-block-image size-large\"><img loading=\"lazy\" decoding=\"async\" width=\"400\" height=\"280\" src=\"https:\/\/lottenbach-mediationen.ch\/wp-content\/uploads\/2020\/06\/st_wendelin.jpg\" alt=\"\" class=\"wp-image-1860\" srcset=\"https:\/\/lottenbach-mediationen.ch\/wp-content\/uploads\/2020\/06\/st_wendelin.jpg 400w, https:\/\/lottenbach-mediationen.ch\/wp-content\/uploads\/2020\/06\/st_wendelin-300x210.jpg 300w\" sizes=\"auto, (max-width: 400px) 100vw, 400px\" \/><figcaption>St. Wendelin beim linken Seitenaltar<\/figcaption><\/figure>\n\n\n\n<p>Im Zentrum des Hochaltars steht Maria als Urbild des neuen Menschen: Sie ist neben Christus der erste Mensch, der Anteil an der Auferstehung des Leibes hat. Maria ist Tochter der Erde und K\u00f6nigin des Alls. Damit weckt sie &#8211; auf archetypische Weise &#8211; das Potential jedes Menschen.<\/p>\n\n\n\n<figure class=\"wp-block-image size-large\"><img loading=\"lazy\" decoding=\"async\" width=\"400\" height=\"280\" src=\"https:\/\/lottenbach-mediationen.ch\/wp-content\/uploads\/2020\/06\/Hochaltar-mit-Maria.jpg\" alt=\"\" class=\"wp-image-1809\" srcset=\"https:\/\/lottenbach-mediationen.ch\/wp-content\/uploads\/2020\/06\/Hochaltar-mit-Maria.jpg 400w, https:\/\/lottenbach-mediationen.ch\/wp-content\/uploads\/2020\/06\/Hochaltar-mit-Maria-300x210.jpg 300w\" sizes=\"auto, (max-width: 400px) 100vw, 400px\" \/><figcaption>Hochaltar Maria mit Jesuskind<\/figcaption><\/figure>\n\n\n\n<p>Eine moderne Friedensskulptur der Kirche heisst &#8222;Jerusalem &#8211; Lichtstadt Gottes&#8220;. Sie steht unter dem sogenannten Felixaltar mit dem Auferstehungsbild. BesucherInnen setzen ihr eigenes Licht in die Stadt. In ihr materialisiert sich die Vision des Friedens und der Auferstehung zu neuem Leben. Die Ostergemeinde singt \u201eChristus ist heute auferstanden\u201c. Ein Wandlungsritual erm\u00e4chtigt zu Frieden in Alltag und Welt im HIER und JETZT. <\/p>\n\n\n\n<figure class=\"wp-block-image size-large\"><img loading=\"lazy\" decoding=\"async\" width=\"400\" height=\"280\" src=\"https:\/\/lottenbach-mediationen.ch\/wp-content\/uploads\/2020\/06\/jerusalem.jpg\" alt=\"\" class=\"wp-image-1810\" srcset=\"https:\/\/lottenbach-mediationen.ch\/wp-content\/uploads\/2020\/06\/jerusalem.jpg 400w, https:\/\/lottenbach-mediationen.ch\/wp-content\/uploads\/2020\/06\/jerusalem-300x210.jpg 300w\" sizes=\"auto, (max-width: 400px) 100vw, 400px\" \/><figcaption>Friedensskulptur &#8222;Jerusalem&#8220;<\/figcaption><\/figure>\n\n\n\n<p>Die Kirche ist tags\u00fcber ge\u00f6ffnet. Ein spiritueller Kirchenf\u00fchrer erm\u00f6glicht einen einfachen, grundlegenden Zugang. Meditationskissen laden zu Stille und Gebet ein. Das Buch von Josef Muheim-B\u00fceler und Joseph Studhalter, Greppen &#8211; Kirche und Pfarrei St. Wendelin &#8211; bietet eine hervorragende Informationen zur Kunst und Geschichte der Kirche und des Dorfes. Kirchenf\u00fchrer und Buch liegen in der Kirche aus. <\/p>\n\n\n\n\n","protected":false},"excerpt":{"rendered":"<p>Zwischen Rigiflanke und offen zum Vierwaldst\u00e4ttersee steht die 1645 &#8211; 47 erbaute Wallfahrtskirche St. Wendelin. Der Chorraum orientiert sich am aufgehenden Morgenlicht. Die Abendsonne scheint l\u00e4ngs durch das barocke Kirchenschiff. Im 26 Meter langen und 11 Meter breiten Kirchenraum finden 150 Personen Platz. Er ist beliebt als Hochzeitskirche. Der Chorraum wurde mit der Renovation von [&hellip;]<\/p>\n","protected":false},"author":1,"featured_media":1858,"parent":59,"menu_order":1,"comment_status":"closed","ping_status":"closed","template":"","meta":{"footnotes":""},"class_list":["post-55","page","type-page","status-publish","has-post-thumbnail","hentry"],"_links":{"self":[{"href":"https:\/\/lottenbach-mediationen.ch\/index.php\/wp-json\/wp\/v2\/pages\/55","targetHints":{"allow":["GET"]}}],"collection":[{"href":"https:\/\/lottenbach-mediationen.ch\/index.php\/wp-json\/wp\/v2\/pages"}],"about":[{"href":"https:\/\/lottenbach-mediationen.ch\/index.php\/wp-json\/wp\/v2\/types\/page"}],"author":[{"embeddable":true,"href":"https:\/\/lottenbach-mediationen.ch\/index.php\/wp-json\/wp\/v2\/users\/1"}],"replies":[{"embeddable":true,"href":"https:\/\/lottenbach-mediationen.ch\/index.php\/wp-json\/wp\/v2\/comments?post=55"}],"version-history":[{"count":0,"href":"https:\/\/lottenbach-mediationen.ch\/index.php\/wp-json\/wp\/v2\/pages\/55\/revisions"}],"up":[{"embeddable":true,"href":"https:\/\/lottenbach-mediationen.ch\/index.php\/wp-json\/wp\/v2\/pages\/59"}],"wp:featuredmedia":[{"embeddable":true,"href":"https:\/\/lottenbach-mediationen.ch\/index.php\/wp-json\/wp\/v2\/media\/1858"}],"wp:attachment":[{"href":"https:\/\/lottenbach-mediationen.ch\/index.php\/wp-json\/wp\/v2\/media?parent=55"}],"curies":[{"name":"wp","href":"https:\/\/api.w.org\/{rel}","templated":true}]}}