{"id":53,"date":"2020-04-22T15:22:23","date_gmt":"2020-04-22T15:22:23","guid":{"rendered":"https:\/\/www.seepfarreien.ch.proculus.sui-inter.net\/?page_id=53"},"modified":"2020-04-22T15:22:23","modified_gmt":"2020-04-22T15:22:23","slug":"zusammenarbeit-mit-reformierter-kirche","status":"publish","type":"page","link":"https:\/\/lottenbach-mediationen.ch\/index.php\/zusammenarbeit-mit-reformierter-kirche\/","title":{"rendered":"Zusammenarbeit mit reformierter Kirche"},"content":{"rendered":"\n<p>Im Verlauf der Geschichte des Christentums kam es immer wieder zu schmerzlichen Trennungen und Abspaltungen. Deshalb besteht das Christentum aus vielen verschiedenen Konfessionen. Alle verbindet jedoch das gl\u00e4ubige Bekenntnis zu Jesus, dem Christus, unserem Retter und Erl\u00f6ser. Der Begriff \u00ab\u00d6kumene\u00bb steht f\u00fcr den Dialog und die Zusammenarbeit verschiedener christlicher Konfessionen. Ein wichtiger Partner ist f\u00fcr uns die Reformierte Kirche.<\/p>\n\n\n\n<p>In den Luzerner Seepfarreien kommt der \u00d6kumene eine wichtige Bedeutung zu. Viele kirchliche Angebote finden in \u00f6kumenischer Offenheit statt. Das heisst, dass reformierte Mitchristen in unseren Angeboten und katholische Mitchristen in reformierten Angeboten willkommen sind. <\/p>\n\n\n\n<p>Es gibt aber auch \u00f6kumenische Angebote, die von beiden Kirchen gemeinsam verantwortet werden. Dazu geh\u00f6ren auch \u00f6kumenische Gottesdienste, die w\u00e4hrend dem Kirchenjahr mehrmals gefeiert werden. Der kirchliche Religionsunterricht wird in der Unterstufe teilweise \u00f6kumenisch durchgef\u00fchrt.<\/p>\n\n\n\n<p>Zusammen mit dem reformierten Pfarrer arbeitet die Pastoralraumleitung im Vorstand vom Verein z\u00e4me l\u00e4be mit. Beide Amtspersonen bilden zusammen mit den Sozialvorstehenden der politischen Gemeinden die Sozialkonferenz.<\/p>\n\n\n\n<h2 class=\"wp-block-heading\">Link<\/h2>\n\n\n\n<p><em><a rel=\"noreferrer noopener\" href=\"http:\/\/www.reflu.ch\/rigi-suedseite\" target=\"_blank\">www.reflu.ch\/rigi-suedseite<\/a><\/em><\/p>\n","protected":false},"excerpt":{"rendered":"<p>Im Verlauf der Geschichte des Christentums kam es immer wieder zu schmerzlichen Trennungen und Abspaltungen. Deshalb besteht das Christentum aus vielen verschiedenen Konfessionen. Alle verbindet jedoch das gl\u00e4ubige Bekenntnis zu Jesus, dem Christus, unserem Retter und Erl\u00f6ser. Der Begriff \u00ab\u00d6kumene\u00bb steht f\u00fcr den Dialog und die Zusammenarbeit verschiedener christlicher Konfessionen. Ein wichtiger Partner ist f\u00fcr [&hellip;]<\/p>\n","protected":false},"author":1,"featured_media":0,"parent":0,"menu_order":13,"comment_status":"closed","ping_status":"closed","template":"","meta":{"footnotes":""},"class_list":["post-53","page","type-page","status-publish","hentry"],"_links":{"self":[{"href":"https:\/\/lottenbach-mediationen.ch\/index.php\/wp-json\/wp\/v2\/pages\/53","targetHints":{"allow":["GET"]}}],"collection":[{"href":"https:\/\/lottenbach-mediationen.ch\/index.php\/wp-json\/wp\/v2\/pages"}],"about":[{"href":"https:\/\/lottenbach-mediationen.ch\/index.php\/wp-json\/wp\/v2\/types\/page"}],"author":[{"embeddable":true,"href":"https:\/\/lottenbach-mediationen.ch\/index.php\/wp-json\/wp\/v2\/users\/1"}],"replies":[{"embeddable":true,"href":"https:\/\/lottenbach-mediationen.ch\/index.php\/wp-json\/wp\/v2\/comments?post=53"}],"version-history":[{"count":0,"href":"https:\/\/lottenbach-mediationen.ch\/index.php\/wp-json\/wp\/v2\/pages\/53\/revisions"}],"wp:attachment":[{"href":"https:\/\/lottenbach-mediationen.ch\/index.php\/wp-json\/wp\/v2\/media?parent=53"}],"curies":[{"name":"wp","href":"https:\/\/api.w.org\/{rel}","templated":true}]}}