{"id":47,"date":"2020-04-22T15:19:40","date_gmt":"2020-04-22T15:19:40","guid":{"rendered":"https:\/\/www.seepfarreien.ch.proculus.sui-inter.net\/?page_id=47"},"modified":"2020-04-22T15:19:40","modified_gmt":"2020-04-22T15:19:40","slug":"team","status":"publish","type":"page","link":"https:\/\/lottenbach-mediationen.ch\/index.php\/team\/","title":{"rendered":"Seepfarreien-Team"},"content":{"rendered":"\n<p>Viele Menschen arbeiten bei uns in den Luzerner Seepfarreien und sind gerne f\u00fcr Sie da. Als das Foto im August 2025 entstanden ist, konnten leider nicht alle dabei sein. <\/p>\n\n\n\n<h2 class=\"wp-block-heading\">Pastoralraumteam<\/h2>\n\n\n\n<p>Der Begriff \u00abPastoral\u00bb bedeutet Seelsorge und ist verwandt mit dem lateinischen Wort Pastor, Hirte. Der Pastor\/die Pastorin ist jemand, der mit den Menschen unterwegs zu Gott ist und helfen will, den Blick f\u00fcr Gottes Dasein in der Welt zu sch\u00e4rfen. Gottes Gegenwart sp\u00fcrbar zu machen ist die Aufgabe aller getauften Menschen.<br>Das Pastoralraumteam ist gem\u00e4ss Statut das wichtigste Beratungsorgan der Leitung des Pastoralraumes. Es bearbeitet wichtige Themen auf strategischer Ebene f\u00fcr den gesamten Pastoralraum.<\/p>\n\n\n\n<div class=\"wp-block-columns is-layout-flex wp-container-core-columns-is-layout-28f84493 wp-block-columns-is-layout-flex\">\n<div class=\"wp-block-column is-layout-flow wp-block-column-is-layout-flow\">\n<h4 class=\"wp-block-heading\">Brauchart Michael<\/h4>\n\n\n\n<figure class=\"wp-block-image size-large\"><img loading=\"lazy\" decoding=\"async\" width=\"240\" height=\"280\" src=\"https:\/\/lottenbach-mediationen.ch\/wp-content\/uploads\/2020\/07\/Portrait-Michael-Brauchart.jpg\" alt=\"\" class=\"wp-image-2674\"\/><figcaption>Portrait Michael Brauchart<\/figcaption><\/figure>\n\n\n\n<p>Pastoralraumleiter<br><a rel=\"noreferrer noopener\" href=\"mailto:michael.brauchart@seepfarreien.ch\" target=\"_blank\">E-Mail senden<\/a><\/p>\n\n\n\n<div class=\"wp-block-buttons is-layout-flex wp-block-buttons-is-layout-flex\">\n<div class=\"wp-block-button\"><a class=\"wp-block-button__link\" href=\"https:\/\/lottenbach-mediationen.ch\/team\/michael-brauchart\/\">Lebenslauf<\/a><\/div>\n<\/div>\n<\/div>\n\n\n\n<div class=\"wp-block-column is-layout-flow wp-block-column-is-layout-flow\">\n<h4 class=\"wp-block-heading\">Okoro John <strong>Ifeanyi<\/strong><\/h4>\n\n\n\n<figure class=\"wp-block-image size-large\"><img loading=\"lazy\" decoding=\"async\" width=\"240\" height=\"280\" src=\"https:\/\/lottenbach-mediationen.ch\/wp-content\/uploads\/2022\/08\/Portrait-John-Okoro.jpg\" alt=\"\" class=\"wp-image-7645\"\/><figcaption>Portrait John Okoro<\/figcaption><\/figure>\n\n\n\n<p>Kaplan<br><a href=\"mailto: john.okoro@seepfarreien.ch\">E-Mail senden<\/a><\/p>\n\n\n\n<div class=\"wp-block-buttons is-layout-flex wp-block-buttons-is-layout-flex\">\n<div class=\"wp-block-button\"><a class=\"wp-block-button__link\" href=\"https:\/\/lottenbach-mediationen.ch\/team\/john-okoro\">Lebenslauf<\/a><\/div>\n<\/div>\n<\/div>\n\n\n\n<div class=\"wp-block-column is-layout-flow wp-block-column-is-layout-flow\">\n<h4 class=\"wp-block-heading\">Moresino Flavio<\/h4>\n\n\n\n<figure class=\"wp-block-image size-large\"><img loading=\"lazy\" decoding=\"async\" width=\"240\" height=\"280\" src=\"https:\/\/lottenbach-mediationen.ch\/wp-content\/uploads\/2020\/07\/Flavio-Moresino.jpg\" alt=\"\" class=\"wp-image-2680\"\/><figcaption>Portrait Flavio Moresino<\/figcaption><\/figure>\n\n\n\n<p>Pfarreiseelsorger<br><a rel=\"noreferrer noopener\" href=\"mailto:flavio.moresino@seepfarreien.ch\" target=\"_blank\">E-Mail senden<\/a><\/p>\n\n\n\n<div class=\"wp-block-buttons is-layout-flex wp-block-buttons-is-layout-flex\">\n<div class=\"wp-block-button\"><a class=\"wp-block-button__link\" href=\"https:\/\/lottenbach-mediationen.ch\/team\/flavio-moresino\/\">Lebenslauf<\/a><\/div>\n<\/div>\n<\/div>\n<\/div>\n\n\n\n<div class=\"wp-block-columns is-layout-flex wp-container-core-columns-is-layout-28f84493 wp-block-columns-is-layout-flex\">\n<div class=\"wp-block-column is-layout-flow wp-block-column-is-layout-flow\">\n<h4 class=\"wp-block-heading\">Minnig Eliane<\/h4>\n\n\n\n<figure class=\"wp-block-image size-large\"><img loading=\"lazy\" decoding=\"async\" width=\"240\" height=\"280\" src=\"https:\/\/lottenbach-mediationen.ch\/wp-content\/uploads\/2022\/06\/Eliane-Minnig.jpg\" alt=\"\" class=\"wp-image-7509\"\/><figcaption>Portrait Eliane Minnig<\/figcaption><\/figure>\n\n\n\n<p>Katechetin<br><a href=\"mailto:eliane.minnig@seepfarreien.ch\">E-Mail senden<\/a><\/p>\n\n\n\n<div class=\"wp-block-buttons is-layout-flex wp-block-buttons-is-layout-flex\">\n<div class=\"wp-block-button\"><a class=\"wp-block-button__link\" href=\"https:\/\/lottenbach-mediationen.ch\/team\/eliane-minnig\/\">Lebenslauf<\/a><\/div>\n<\/div>\n<\/div>\n\n\n\n<div class=\"wp-block-column is-layout-flow wp-block-column-is-layout-flow\">\n<h4 class=\"wp-block-heading\">Barmet Susann<\/h4>\n\n\n\n<figure class=\"wp-block-image size-large\"><img loading=\"lazy\" decoding=\"async\" width=\"240\" height=\"280\" src=\"https:\/\/lottenbach-mediationen.ch\/wp-content\/uploads\/2020\/07\/Portrait-Susann-Barmet.jpg\" alt=\"\" class=\"wp-image-2682\"\/><figcaption>Portrait Susann Barmet<\/figcaption><\/figure>\n\n\n\n<p>Seelsorge-Mitarbeiterin<br><a href=\"mailto:susann.barmet@seepfarreien.ch\" target=\"_blank\" rel=\"noreferrer noopener\">E-Mail senden<\/a><\/p>\n\n\n\n<div class=\"wp-block-buttons is-layout-flex wp-block-buttons-is-layout-flex\">\n<div class=\"wp-block-button\"><a class=\"wp-block-button__link\" href=\"https:\/\/lottenbach-mediationen.ch\/team\/susann-barmet\/\">Lebenslauf<\/a><\/div>\n<\/div>\n<\/div>\n\n\n\n<div class=\"wp-block-column is-layout-flow wp-block-column-is-layout-flow\"><\/div>\n<\/div>\n\n\n\n<h2 class=\"wp-block-heading\">Sekretariat<\/h2>\n\n\n\n<p>Ein zentraler Dreh- und Angelpunkt ist das <a href=\"https:\/\/lottenbach-mediationen.ch\/kontakt-pastoralraum-seegemeinden\/\">Pfarreisekretariat<\/a>, welches auch die Pastoralraumleitung unterst\u00fctzt. Mit Ihren Fragen und W\u00fcnschen d\u00fcrfen Sie vorbeikommen. Die Sekret\u00e4rinnen <a rel=\"noreferrer noopener\" href=\"mailto:sekretariat@seepfarreien.ch\" target=\"_blank\">Marianne Camenzind<\/a> und <a rel=\"noreferrer noopener\" href=\"mailto:pfarreiblatt@seepfarreien.ch\" target=\"_blank\">Claudia Stern<\/a> nehmen Ihre Anliegen gerne entgegen.<\/p>\n\n\n\n<h2 class=\"wp-block-heading\">Religionslehrpersonen<\/h2>\n\n\n\n<p>Im<a href=\"https:\/\/lottenbach-mediationen.ch\/religionsunterricht\/\"> Religionsunterricht<\/a> wollen wir den Kindern Lebens- und Glaubenswissen vermitteln. <strong>Unsere Lehrpersonen in den Seepfarreien f\u00fcr die Primarstufe sind<\/strong>:<\/p>\n\n\n\n<div class=\"wp-block-columns is-layout-flex wp-container-core-columns-is-layout-28f84493 wp-block-columns-is-layout-flex\">\n<div class=\"wp-block-column is-layout-flow wp-block-column-is-layout-flow\">\n<h4 class=\"wp-block-heading\">Brauchart Myriam<\/h4>\n\n\n\n<figure class=\"wp-block-image size-large\"><img loading=\"lazy\" decoding=\"async\" width=\"240\" height=\"280\" src=\"https:\/\/lottenbach-mediationen.ch\/wp-content\/uploads\/2020\/06\/Brauchart-Myriam.jpg\" alt=\"\" class=\"wp-image-8736\"\/><\/figure>\n\n\n\n<p>Katholisch<br><a href=\"mailto: myriam.brauchart@seepfarreien.ch\">E-Mail senden<\/a><\/p>\n<\/div>\n\n\n\n<div class=\"wp-block-column is-layout-flow wp-block-column-is-layout-flow\">\n<h4 class=\"wp-block-heading\">Isele Barbara<\/h4>\n\n\n\n<figure class=\"wp-block-image size-large\"><img loading=\"lazy\" decoding=\"async\" width=\"240\" height=\"280\" src=\"https:\/\/lottenbach-mediationen.ch\/wp-content\/uploads\/2024\/10\/barbara.isele_.jpg\" alt=\"\" class=\"wp-image-9815\"\/><\/figure>\n\n\n\n<p>Katholisch<br><a href=\"malto: barbara.isele@seepfarreien.ch\">E-Mail senden<\/a><\/p>\n<\/div>\n\n\n\n<div class=\"wp-block-column is-layout-flow wp-block-column-is-layout-flow\">\n<h4 class=\"wp-block-heading\">Ludin Stefan<\/h4>\n\n\n\n<figure class=\"wp-block-image size-large\"><img loading=\"lazy\" decoding=\"async\" width=\"240\" height=\"280\" src=\"https:\/\/lottenbach-mediationen.ch\/wp-content\/uploads\/2023\/10\/Stefan-Ludin.jpg\" alt=\"\" class=\"wp-image-8865\"\/><\/figure>\n\n\n\n<p>Katholisch (ausserschulisches Angebot f\u00fcr 5. Kl\u00e4ssler\/-innen)<br><a href=\"mailto: stefan.ludin@kathluzern.ch\">E-Mail senden<\/a><\/p>\n<\/div>\n<\/div>\n\n\n\n<div class=\"wp-block-columns is-layout-flex wp-container-core-columns-is-layout-28f84493 wp-block-columns-is-layout-flex\">\n<div class=\"wp-block-column is-layout-flow wp-block-column-is-layout-flow\">\n<h4 class=\"wp-block-heading\">Minnig Eliane<\/h4>\n\n\n\n<figure class=\"wp-block-image size-large\"><img loading=\"lazy\" decoding=\"async\" width=\"240\" height=\"280\" src=\"https:\/\/lottenbach-mediationen.ch\/wp-content\/uploads\/2022\/06\/Eliane-Minnig.jpg\" alt=\"\" class=\"wp-image-7509\"\/><\/figure>\n\n\n\n<p>Katholisch<br><a href=\"mailto: eliane.minnig@seepfarreien.ch\">E-Mail senden<\/a><\/p>\n<\/div>\n\n\n\n<div class=\"wp-block-column is-layout-flow wp-block-column-is-layout-flow\">\n<h4 class=\"wp-block-heading\">Moresino Flavio<\/h4>\n\n\n\n<figure class=\"wp-block-image size-large\"><img loading=\"lazy\" decoding=\"async\" width=\"240\" height=\"280\" src=\"https:\/\/lottenbach-mediationen.ch\/wp-content\/uploads\/2020\/07\/Flavio-Moresino.jpg\" alt=\"\" class=\"wp-image-2680\"\/><\/figure>\n\n\n\n<p>Katholisch<br><a href=\"mailto: flavio.moresino@seepfarreien.ch\">E-Mail senden<\/a><\/p>\n<\/div>\n\n\n\n<div class=\"wp-block-column is-layout-flow wp-block-column-is-layout-flow\">\n<h4 class=\"wp-block-heading\">K\u00fcttel Petra<\/h4>\n\n\n\n<figure class=\"wp-block-image size-large\"><img loading=\"lazy\" decoding=\"async\" width=\"240\" height=\"280\" src=\"https:\/\/lottenbach-mediationen.ch\/wp-content\/uploads\/2024\/07\/Petra-Kuettel.jpg\" alt=\"\" class=\"wp-image-9604\"\/><\/figure>\n\n\n\n<p>Katholisch<br><a href=\"mailto: petra.kuettel@seepfarreien.ch\">E-Mail senden<\/a><\/p>\n<\/div>\n<\/div>\n\n\n\n<h4 class=\"wp-block-heading\">Weitere Mitarbeiterinnen als Klassenunterst\u00fctzung:<\/h4>\n\n\n\n<p>Luzia Renggli, Greppen<br>Elisa do Nascimento, Weggis<br>Helena Zimmermann, Vitznau<\/p>\n\n\n\n<p>Unter der Leitung der Religionsp\u00e4dagogin&nbsp;<a href=\"mailto: eliane.minnig@seepfarreien.ch\">Eliane Minnig<\/a>&nbsp;unterrichten&nbsp;<a href=\"\/michael.brauchart@seepfarreien.ch\" target=\"_blank\" rel=\"noreferrer noopener\">Michael Brauchart<\/a>,&nbsp;<a href=\"\/stefan.ludin@kathluzern.ch\" target=\"_blank\" rel=\"noreferrer noopener\">Stefan Ludin<\/a>&nbsp;und&nbsp;<a href=\"mailto: michel.mueller@reflu.ch\">Michel M\u00fcller<\/a>&nbsp;(reformiert) die Oberstufe. Pro Klasse finden jeweils f\u00fcnf Blockhalbtage und ein Blocktag statt. Nebst der Bildung und Begleitung in Glaubens- und Lebensfragen wird der Beziehungsarbeit viel Gewicht gegeben.<\/p>\n\n\n\n<p>S\u00e4mtliche Stundenpl\u00e4ne sind unter<span class=\"has-inline-color has-very-dark-gray-color\"> <a href=\"https:\/\/lottenbach-mediationen.ch\/dokumente\/\">&#8222;Dokumente\/Einsatzpl\u00e4ne&#8220;<\/a> <\/span>abrufbar.<\/p>\n\n\n\n<h2 class=\"wp-block-heading\">Sakramenten-Katechese<\/h2>\n\n\n\n<p>Erstkommunion: Myriam Brauchart, Flavio Moresino, Helena Zimmermann<br>Vers\u00f6hnungsweg: Eliane Minnig, Petra K\u00fcttel, Michael Brauchart<br>Firmweg: Flavio Moresino, Michael Brauchart<br>Firmwegbegleitpersonen: Veronika M\u00fcller Gwerder, Kurt Gwerder, Moritz Stern<\/p>\n\n\n\n<h2 class=\"wp-block-heading\">Familienpastoral<\/h2>\n\n\n\n<figure class=\"wp-block-image size-large\"><img loading=\"lazy\" decoding=\"async\" width=\"400\" height=\"280\" src=\"https:\/\/lottenbach-mediationen.ch\/wp-content\/uploads\/2020\/06\/Familienpastoral.jpg\" alt=\"\" class=\"wp-image-8668\" srcset=\"https:\/\/lottenbach-mediationen.ch\/wp-content\/uploads\/2020\/06\/Familienpastoral.jpg 400w, https:\/\/lottenbach-mediationen.ch\/wp-content\/uploads\/2020\/06\/Familienpastoral-300x210.jpg 300w\" sizes=\"auto, (max-width: 400px) 100vw, 400px\" \/><figcaption>Brauchart Myriam, Isele Barbara, K\u00fcttel Petra<\/figcaption><\/figure>\n\n\n\n<p><a href=\"https:\/\/lottenbach-mediationen.ch\/familien\/\">Brauchart Myriam<\/a><br><a href=\"https:\/\/lottenbach-mediationen.ch\/familien\/\">Isele Barbara<\/a><br><a href=\"https:\/\/lottenbach-mediationen.ch\/familien\/\">K\u00fcttel Petra<\/a><\/p>\n\n\n\n<h2 class=\"wp-block-heading\">Offene kirchliche Jugendarbeit<\/h2>\n\n\n\n<p>F\u00fcr die <a href=\"https:\/\/lottenbach-mediationen.ch\/jugendliche\/\">offene kirchliche Jugendarbeit<\/a> der Luzerner Seepfarreien steht Ihnen <a href=\"https:\/\/lottenbach-mediationen.ch\/wp-content\/uploads\/2024\/12\/Join-US-Jugendarbeit.pdf\">Kristina Ziegler<\/a> zur Verf\u00fcgung.<\/p>\n\n\n\n<figure class=\"wp-block-image size-large\"><img loading=\"lazy\" decoding=\"async\" width=\"240\" height=\"280\" src=\"https:\/\/lottenbach-mediationen.ch\/wp-content\/uploads\/2024\/10\/Kristina-Ziegler.jpg\" alt=\"\" class=\"wp-image-9832\"\/><figcaption>Kristina Ziegler<\/figcaption><\/figure>\n\n\n\n<p><a href=\"mailto: kristina.ziegler@seepfarreien.ch\">Kristina Ziegler<\/a><br>T: 077 209 35 55<\/p>\n\n\n\n<h2 class=\"wp-block-heading\">Ministrantenpastoral<\/h2>\n\n\n\n<p><a href=\"https:\/\/lottenbach-mediationen.ch\/vereine-gruppierungen\/ministranten-greppen\/\">Fr\u00f6hlich Sibylle (Greppen)<\/a><br><a href=\"https:\/\/lottenbach-mediationen.ch\/vereine-gruppierungen\/ministranten\/\">K\u00fcttel Petra (Weggis)<\/a><br><a href=\"https:\/\/lottenbach-mediationen.ch\/vereine-gruppierungen\/ministranten-vitznau\/\">K\u00fcttel Caroline (Vitznau)<\/a><\/p>\n\n\n\n<h2 class=\"wp-block-heading\">Krippenspiel \/ Sternsingen<\/h2>\n\n\n\n<p>vakant (<a href=\"https:\/\/lottenbach-mediationen.ch\/vereine-gruppierungen\/krippenspiel-greppen\/\">Krippenspiel Greppen<\/a>)<br>Muheim Brigitte (<a href=\"https:\/\/lottenbach-mediationen.ch\/vereine-gruppierungen\/sternsinger-greppen\/\">Sternsingen Greppen<\/a>)<br>Moresino Andrea (<a href=\"https:\/\/lottenbach-mediationen.ch\/vereine-gruppierungen\/sternsinger-greppen\/\">Sternsingen Greppen<\/a>)<br>Brauchart Myriam (<a href=\"https:\/\/lottenbach-mediationen.ch\/vereine-gruppierungen\/sternsinger-weggis-rigikaltbad\/\">Sternsingen Weggis<\/a>)<br>Isele Barbara (<a href=\"https:\/\/lottenbach-mediationen.ch\/vereine-gruppierungen\/sternsinger-weggis-rigikaltbad\/\">Sternsingen Weggis<\/a>)<br>Schule Vitznau (<a href=\"https:\/\/lottenbach-mediationen.ch\/vereine-gruppierungen\/sternsinger-vitznau\/\">Sternsingen Vitznau<\/a>)<\/p>\n\n\n\n<h2 class=\"wp-block-heading\">Sakristanen-\/Hauswartdienst<\/h2>\n\n\n\n<p>Ein Sakristan\/eine Sakristanin betreut die Innen- und Aussenr\u00e4ume der kirchlichen Bauten. Zu den Aufgaben geh\u00f6rt das \u00d6ffnen und Schliessen der Kirche\/Kapelle, Vor- und Nachbereitungsarbeiten f\u00fcr verschiedene Gottesdienste und Mithilfe beim Feiern. Hinzu kommen Kontrollg\u00e4nge, das Leeren der Kassen, das Reinigen der R\u00e4umlichkeiten &nbsp;sowie die Pflege der Umgebung. Auch die Wartung der technischen Anlagen geh\u00f6rt zu den Aufgaben wie die Betreuung der Ministranten w\u00e4hrend des Gottesdienstes.<\/p>\n\n\n\n<p>Im Sakristanen-\/Hauswartdienst sind:<\/p>\n\n\n\n<p><a href=\"mailto: e_buergler@windowslive.com\">B\u00fcrgler Edith<\/a>, stellvertretende Sakristanin <a href=\"https:\/\/lottenbach-mediationen.ch\/raume-greppen-weggis-vitznau\/felsenkapelle-rigi-kaltbad\/\">Felsenkapelle Rigi Kaltbad<\/a><br><span class=\"has-inline-color has-very-dark-gray-color\"><a href=\"mailto: sibyllefroehlich79@bluewin.ch\">Fr\u00f6hlich Sibylle<\/a>, Aushilfssakristanin <a href=\"https:\/\/lottenbach-mediationen.ch\/raume-greppen-weggis-vitznau\/raume-pfarrkirche-greppen\/\">Pfarrkirche Greppen<\/a><\/span><br><a href=\"mailto:elisa.muff@bluewin.ch\" rel=\"noreferrer noopener\" target=\"_blank\">Muff Elisabeth<\/a>, Sakristanin <a href=\"https:\/\/lottenbach-mediationen.ch\/raume-greppen-weggis-vitznau\/raume-pfarrkirche-greppen\/\">Pfarrkirche Greppen<\/a> und Hauswartdienst im <a href=\"https:\/\/lottenbach-mediationen.ch\/raume-greppen-weggis-vitznau\/gemeinschaftsraum-greppen\/\">Gemeinschaftsraum Greppen<\/a><br><a href=\"mailto:karin.waldis16@gmail.com\" rel=\"noreferrer noopener\" target=\"_blank\">Waldis Karin<\/a>, Sakristanin<a href=\"https:\/\/lottenbach-mediationen.ch\/raume-greppen-weggis-vitznau\/raume-pfarrkirche-greppen\/\"> Pfarrkirche Greppen<\/a> und Hauswartdienst im <a href=\"https:\/\/lottenbach-mediationen.ch\/raume-greppen-weggis-vitznau\/gemeinschaftsraum-greppen\/\">Gemeinschaftsraum Greppen<\/a><\/p>\n\n\n\n<p><span class=\"has-inline-color has-very-dark-gray-color\"><a href=\"mailto: bueeler@weggis.swiss\">B\u00fceler Madlen<\/a>, Sakristanin <a href=\"https:\/\/lottenbach-mediationen.ch\/raume-greppen-weggis-vitznau\/huegelkapelle-eggisbuehl\/\">H\u00fcgelkapelle Eggisb\u00fchl in Weggis<\/a><\/span><br><a href=\"mailto: yudy.heer@seepfarreien.ch\">Heer Yudy<\/a>, stellvertretende Sakristanin <a href=\"https:\/\/lottenbach-mediationen.ch\/raume-greppen-weggis-vitznau\/pfarrkirche-weggis\/\">Pfarrkirche Weggis<\/a>, Stellvertretung Hauswartdienst <a href=\"https:\/\/lottenbach-mediationen.ch\/raume-greppen-weggis-vitznau\/pfarreizentrum-weggis\/\">Pfarreizentrum Weggis<\/a>, Sakristanin <a href=\"https:\/\/lottenbach-mediationen.ch\/raume-greppen-weggis-vitznau\/allerheiligenkapelle\/\">Allerheiligenkapelle Weggis<\/a><br><a href=\"mailto:%20hedimueller.rain@gmail.com\">M\u00fcller Hedy<\/a>, Sakristanin <a href=\"https:\/\/lottenbach-mediationen.ch\/raume-greppen-weggis-vitznau\/verenakapelle\/\">Verenakapelle Weggis<\/a><br><a href=\"mailto: ruth.ulrich@bluewin.ch\">Ulrich Ruth<\/a>, stellvertretende Sakristanin <a href=\"https:\/\/lottenbach-mediationen.ch\/raume-greppen-weggis-vitznau\/felsenkapelle-rigi-kaltbad\/\">Felsenkapelle Rigi Kaltbad<\/a><br><a href=\"mailto:luzia.winter@bluewin.ch\" rel=\"noreferrer noopener\" target=\"_blank\">Winter Luzia<\/a>, stellvertretende Sakristanin<a href=\"https:\/\/lottenbach-mediationen.ch\/raume-greppen-weggis-vitznau\/felsenkapelle-rigi-kaltbad\/\"> Felsenkapelle Rigi Kaltbad<\/a><br><span class=\"has-inline-color has-very-dark-gray-color\"><a href=\"mailto: evaldas.viskontas@seepfarreien.ch\">Viskontas Evaldas<\/a>, Sakristan <a href=\"https:\/\/lottenbach-mediationen.ch\/raume-greppen-weggis-vitznau\/pfarrkirche-weggis\/\">Pfarrkirche Weggis<\/a> und Hauswart <a href=\"https:\/\/lottenbach-mediationen.ch\/raume-greppen-weggis-vitznau\/pfarreizentrum-weggis\/\">Pfarreizentrum Weggis<\/a><\/span><br><a href=\"mailto: y.ziegner@posteo.com\">Ziegner Yvonne<\/a>, Hauswartdienst <a href=\"https:\/\/lottenbach-mediationen.ch\/raume-greppen-weggis-vitznau\/kaplanei-gratalp\/\">Kaplanei Gratalp Rigi Kaltbad<\/a><\/p>\n\n\n\n<p><a href=\"mailto: marlies.herger13@gmail.com\">Herger Marlies<\/a>, Sakristanin <a href=\"https:\/\/lottenbach-mediationen.ch\/raume-greppen-weggis-vitznau\/pfarrkirche-vitznau\/\">Pfarrkirche Vitznau<\/a><br><a href=\"\/martinnrecaj1@hotmail.com\">Nrecaj Martin<\/a>, Hauswartdienst <a href=\"https:\/\/lottenbach-mediationen.ch\/raume-greppen-weggis-vitznau\/pfarrhof-vitznau\/\">Pfarrhof Vitznau<\/a><br><a href=\"mailto:joergwaldis@bluewin.ch\" rel=\"noreferrer noopener\" target=\"_blank\">Waldis J\u00f6rg<\/a>, stellvertretender Sakristan <a href=\"https:\/\/lottenbach-mediationen.ch\/raume-greppen-weggis-vitznau\/pfarrkirche-vitznau\/\">Pfarrkirche Vitznau<\/a><\/p>\n\n\n\n<h2 class=\"wp-block-heading\">Organistinnen\/Organisten<\/h2>\n\n\n\n<p>Was ist ein Gottesdienst ohne Musik? Unsere Kirchenmusikerinnen und Kirchenmusiker stehen nebenamtlich im Dienst der Pfarreien. Bei Gottesdiensten und liturgischen Feiern wirken sie als Chorleiterin oder Organistin mit. Kirchenmusiker kommen nicht nur bei den regelm\u00e4ssigen Gottesdiensten zum Einsatz, sondern auch an hohen kirchlichen Feiertagen, bei Taufen, Hochzeiten, Trauerfeiern oder Kirchenkonzerten. <\/p>\n\n\n\n<p>Zu traditioneller Kirchenmusik gesellen sich immer mehr auch neue musikalische Formen und Stile. Oft engagieren Kirchenmusikerinnen und Kirchenmusiker f\u00fcr bestimmte Anl\u00e4sse weitere MusikerInnen.<\/p>\n\n\n\n<p>Unsere <a href=\"https:\/\/lottenbach-mediationen.ch\/kirchenmusik\/\">Organistinnen\/Organisten<\/a> wirken flexibel je nach Anordnung der Gottesdienste in den Seepfarreien:<\/p>\n\n\n\n<p>Barmet Susann, Hauptorganistin Kirche Greppen und Weggis<br>Heidelberger Fredi<br>Hodel Inge<br>Kolb Luzia<br>O&#8217;Connor Frieda, Hauptorganistin Kirche Vitznau<\/p>\n\n\n\n<h2 class=\"wp-block-heading\"><span class=\"has-inline-color has-very-dark-gray-color\">Chorleit<\/span>ungen<\/h2>\n\n\n\n<p>Frisch Egli Dorothea; <a href=\"http:\/\/www.cantamus-seepfarreien.ch\">CANTAMUS Chor der Seepfarreien<\/a><br>Frisch Egli Dorothea; <a href=\"https:\/\/lottenbach-mediationen.ch\/vereine-gruppierungen\/kinder-und-jugendchor-seegemeinden\/\">Kinder- und Jugendchor der Seegemeinden<\/a><\/p>\n\n\n\n<h2 class=\"wp-block-heading\"><span class=\"has-inline-color has-very-dark-gray-color\">Aushilfskr\u00e4fte<\/span><\/h2>\n\n\n\n<p>Wir sind sehr dankbar, dass wir in der Ferienzeit oder bei personellen Engp\u00e4ssen f\u00fcr Gottesdienste auf bew\u00e4hrte Aushilfskr\u00e4fte z\u00e4hlen k\u00f6nnen. Auch beim Orgeldienst, bei der Chorleitung oder im Religionsunterricht sind Aushilfskr\u00e4fte manchmal n\u00f6tig. Wir danken allen ganz herzlich f\u00fcr Ihre Bereitschaft zur Unterst\u00fctzung.<\/p>\n\n\n\n<div class=\"wp-block-group\"><div class=\"wp-block-group__inner-container is-layout-flow wp-block-group-is-layout-flow\">\n<h4 class=\"wp-block-heading\">F\u00fcr Gottesdienste<\/h4>\n<\/div><\/div>\n\n\n\n<p>Inderbitzin Rita<br>Merkle Christian<br>N\u00e4f Emilio<br>Wagner Weibel Anita<\/p>\n\n\n\n<h4 class=\"wp-block-heading\">F\u00fcr Religionsunterricht<\/h4>\n\n\n\n<p>Moresino Andrea<\/p>\n","protected":false},"excerpt":{"rendered":"<p>Viele Menschen arbeiten bei uns in den Luzerner Seepfarreien und sind gerne f\u00fcr Sie da. Als das Foto im August 2025 entstanden ist, konnten leider nicht alle dabei sein. Pastoralraumteam Der Begriff \u00abPastoral\u00bb bedeutet Seelsorge und ist verwandt mit dem lateinischen Wort Pastor, Hirte. Der Pastor\/die Pastorin ist jemand, der mit den Menschen unterwegs zu [&hellip;]<\/p>\n","protected":false},"author":1,"featured_media":10634,"parent":0,"menu_order":10,"comment_status":"closed","ping_status":"closed","template":"","meta":{"footnotes":""},"class_list":["post-47","page","type-page","status-publish","has-post-thumbnail","hentry"],"_links":{"self":[{"href":"https:\/\/lottenbach-mediationen.ch\/index.php\/wp-json\/wp\/v2\/pages\/47","targetHints":{"allow":["GET"]}}],"collection":[{"href":"https:\/\/lottenbach-mediationen.ch\/index.php\/wp-json\/wp\/v2\/pages"}],"about":[{"href":"https:\/\/lottenbach-mediationen.ch\/index.php\/wp-json\/wp\/v2\/types\/page"}],"author":[{"embeddable":true,"href":"https:\/\/lottenbach-mediationen.ch\/index.php\/wp-json\/wp\/v2\/users\/1"}],"replies":[{"embeddable":true,"href":"https:\/\/lottenbach-mediationen.ch\/index.php\/wp-json\/wp\/v2\/comments?post=47"}],"version-history":[{"count":0,"href":"https:\/\/lottenbach-mediationen.ch\/index.php\/wp-json\/wp\/v2\/pages\/47\/revisions"}],"wp:featuredmedia":[{"embeddable":true,"href":"https:\/\/lottenbach-mediationen.ch\/index.php\/wp-json\/wp\/v2\/media\/10634"}],"wp:attachment":[{"href":"https:\/\/lottenbach-mediationen.ch\/index.php\/wp-json\/wp\/v2\/media?parent=47"}],"curies":[{"name":"wp","href":"https:\/\/api.w.org\/{rel}","templated":true}]}}