{"id":37,"date":"2020-04-22T15:11:03","date_gmt":"2020-04-22T15:11:03","guid":{"rendered":"https:\/\/www.seepfarreien.ch.proculus.sui-inter.net\/?page_id=37"},"modified":"2020-04-22T15:11:03","modified_gmt":"2020-04-22T15:11:03","slug":"kirchenmusik","status":"publish","type":"page","link":"https:\/\/lottenbach-mediationen.ch\/index.php\/kirchenmusik\/","title":{"rendered":"Kirchenmusik"},"content":{"rendered":"\n<p>Was w\u00e4re ein Gottesdienst ohne Musik und Gesang? Nicht auszudenken!<\/p>\n\n\n\n<p>In den Luzerner Seepfarreien ist Musik ein grosses Thema. Nebst den verschiedenen Ch\u00f6ren und Organist*innen, bringen sich viele Musikbegeisterte und Gesangfreudige gerne ein (z.B. Kinder- und Jugendchor, M\u00e4nnerchor, Jodlerklub, Musikgesellschaften, Alphornbl\u00e4ser, Musikschul-Ensembles, usw.).<\/p>\n\n\n\n<p>Wir sind stolz und dankbar, dass wir in unserem Feiern eine derart vielf\u00e4ltige Bereicherung erfahren k\u00f6nnen.<\/p>\n\n\n\n<h2 class=\"wp-block-heading\">Organistinnen und Organisten<\/h2>\n\n\n\n<p>Unsere Organist*innen spielen Literatur aus verschiedenen Musiksparten und gestalten die Musik abwechslungsreich. Je nach Anordnung der Gottesdienste in den Seepfarreien wirken sie \u00f6rtlich flexibel.<\/p>\n\n\n\n<p>Barmet Susann, Hauptorganistin  Weggis und Greppen<br>Kr\u00e4hb\u00fcel 11, 6403 K\u00fcssnacht am Rigi<br>T: 079 841 67 97, E:<a rel=\"noreferrer noopener\" href=\"mailto:susann.barmet@seepfarreien.ch\" target=\"_blank\"> susann.barmet@seepfarreien.ch<\/a><\/p>\n\n\n\n<p>O&#8217;Connor Frieda, Hauptorganistin Vitznau<br>Zihlstrasse 2, 6354 Vitznau<br>T: 041 397 21 38, E: <a href=\"mailto:steglimaert@gmail.com\" target=\"_blank\" rel=\"noreferrer noopener\">steglimaert@gmail.com<\/a><\/p>\n\n\n\n<p>Heidelberger Fredi, Luzernerstrasse 5, 6353 Weggis<br>T: 041 390 03 11, N: 079 468 84 00, E: <a rel=\"noreferrer noopener\" href=\"mailto:fredi.heidelberger@gmail.com\" target=\"_blank\">fredi.heidelberger@gmail.com<\/a><\/p>\n\n\n\n<p>Hodel Inge, Rigistrasse 11, 6353 Weggis<br>N: 079 425 06 24, E: <a rel=\"noreferrer noopener\" href=\"mailto:inge.hodel@bluewin.ch\" target=\"_blank\">inge.hodel@bluewin.ch<\/a><\/p>\n\n\n\n<p>Kolb Luzia, Dreilindenstrasse 40, 6430 Schwyz<br>N: 076 433 92 30, E: <a href=\"mailto:luzia.kolb@mail.ch\">luzia.kolb@mail.ch<\/a><\/p>\n\n\n\n<h2 class=\"wp-block-heading\">CANTAMUS Chor der Seepfarreien<\/h2>\n\n\n\n<p>An der 100. Generalversammlung vom 1. Februar 2025 hat der Gemischte Chor Greppen den neuen Namen <a href=\"http:\/\/www.cantamus-seepfarreien.ch\">&#8222;CANTAMUS Chor der Seepfarreien&#8220;<\/a> erhalten. Der Chor wird von allen drei Kirchgemeinden finanziell getragen. Das Jubil\u00e4um wird an Pfingsten mit einem Festgottesdienst in Greppen und mit einem Konzert am 8. Dezember 2025 im KKV Vitznau gefeiert.<\/p>\n\n\n\n<p>Die Proben finden jeweils im Mehrzweckraum Rigi der Schule Greppen statt, in der Regel w\u00f6chentlich am Dienstag von 19.30 &#8211; 21.25 (inkl. Pause). In wenigen Ausnahmef\u00e4llen findet die Probe nicht am Dienstag- sondern am Montagabend statt.<\/p>\n\n\n\n<p>Wer Lust hat zum Mitsingen ist herzlich willkommen.<\/p>\n\n\n\n<h4 class=\"wp-block-heading\">Chorleitung<\/h4>\n\n\n\n<p>Dorothea Frisch Egli, E: <a href=\"mailto:dorothea.frisch@musikschule-seegemeinden.ch\">dorothea.frisch@musikschule-seegemeinden.ch<\/a><\/p>\n\n\n\n<h4 class=\"wp-block-heading\">Pr\u00e4sidentin<\/h4>\n\n\n\n<p>Agnes Muheim, T: 079 353 72 64, E: <a href=\"mailto:info@cantamus-seepfarreien.ch\">info@cantamus-seepfarreien.ch<\/a><\/p>\n","protected":false},"excerpt":{"rendered":"<p>Was w\u00e4re ein Gottesdienst ohne Musik und Gesang? Nicht auszudenken! In den Luzerner Seepfarreien ist Musik ein grosses Thema. Nebst den verschiedenen Ch\u00f6ren und Organist*innen, bringen sich viele Musikbegeisterte und Gesangfreudige gerne ein (z.B. Kinder- und Jugendchor, M\u00e4nnerchor, Jodlerklub, Musikgesellschaften, Alphornbl\u00e4ser, Musikschul-Ensembles, usw.). Wir sind stolz und dankbar, dass wir in unserem Feiern eine derart [&hellip;]<\/p>\n","protected":false},"author":1,"featured_media":0,"parent":0,"menu_order":8,"comment_status":"closed","ping_status":"closed","template":"","meta":{"footnotes":""},"class_list":["post-37","page","type-page","status-publish","hentry"],"_links":{"self":[{"href":"https:\/\/lottenbach-mediationen.ch\/index.php\/wp-json\/wp\/v2\/pages\/37","targetHints":{"allow":["GET"]}}],"collection":[{"href":"https:\/\/lottenbach-mediationen.ch\/index.php\/wp-json\/wp\/v2\/pages"}],"about":[{"href":"https:\/\/lottenbach-mediationen.ch\/index.php\/wp-json\/wp\/v2\/types\/page"}],"author":[{"embeddable":true,"href":"https:\/\/lottenbach-mediationen.ch\/index.php\/wp-json\/wp\/v2\/users\/1"}],"replies":[{"embeddable":true,"href":"https:\/\/lottenbach-mediationen.ch\/index.php\/wp-json\/wp\/v2\/comments?post=37"}],"version-history":[{"count":0,"href":"https:\/\/lottenbach-mediationen.ch\/index.php\/wp-json\/wp\/v2\/pages\/37\/revisions"}],"wp:attachment":[{"href":"https:\/\/lottenbach-mediationen.ch\/index.php\/wp-json\/wp\/v2\/media?parent=37"}],"curies":[{"name":"wp","href":"https:\/\/api.w.org\/{rel}","templated":true}]}}