{"id":35,"date":"2020-04-22T15:06:47","date_gmt":"2020-04-22T15:06:47","guid":{"rendered":"https:\/\/www.seepfarreien.ch.proculus.sui-inter.net\/?page_id=35"},"modified":"2020-04-22T15:06:47","modified_gmt":"2020-04-22T15:06:47","slug":"religionsunterricht","status":"publish","type":"page","link":"https:\/\/lottenbach-mediationen.ch\/index.php\/religionsunterricht\/","title":{"rendered":"Religionsunterricht"},"content":{"rendered":"\n<h2 class=\"wp-block-heading\">Religionsunterricht Primarstufe Schuljahr 2025\/26<\/h2>\n\n\n\n<p>Ein wichtiges Feld in unserem Pastoralraum ist der Religionsunterricht. Hier k\u00f6nnen Kinder die eigenen spirituellen, kulturellen Wurzeln kennenlernen. <\/p>\n\n\n\n<p>Kinder haben ein Recht auf Religion. Kinder und Jugendliche brauchen eine religi\u00f6se Sprachkompetenz und Ausdrucksf\u00e4higkeit, eine religi\u00f6se Grammatik, die es ihnen erm\u00f6glicht, gl\u00e4ubige Denkvorstellungen zu verstehen oder zu hinterfragen. Gerechtigkeit, Friede und Ehrfurcht vor der Sch\u00f6pfung sind Deutungen der Bibel, die f\u00fcr das \u00dcberleben der Menschheit gr\u00f6sste Bedeutung haben. Wer darum sein Kind religi\u00f6s erzieht, ist nicht von gestern, sondern von morgen! <\/p>\n\n\n\n<p>Der kirchliche Religionsunterricht in der Primar- und in der Oberstufe will dazu einen wichtigen Beitrag leisten. Der Glaube st\u00e4rkt den Menschen, um das Sch\u00f6ne und Verbindende zu erkennen, aber auch um das Schwere auszuhalten. Die Vorbereitungen auf das Sakrament der Eucharistie und das Sakrament der Vers\u00f6hnung finden ausserschulisch statt.<\/p>\n\n\n\n<figure class=\"wp-block-table\"><table><thead><tr><th><strong>Klasse<\/strong><\/th><th><strong>Ort<\/strong><\/th><th>Information<\/th><th><strong>Lehrperson<\/strong><\/th><\/tr><\/thead><tbody><tr><td>1. Klasse<\/td><td>Greppen<\/td><td>\u00f6kumenisch<\/td><td><span class=\"has-inline-color has-very-dark-gray-color\">Barbara Isele<\/span> <\/td><\/tr><tr><td>1. Klasse<\/td><td>Weggis<\/td><td>\u00f6kumenisch<\/td><td>Barbara Isele \/ Eliane Minnig<\/td><\/tr><tr><td>1. Klasse<\/td><td>Vitznau<\/td><td>\u00f6kumenisch<\/td><td>Eliane Minnig <\/td><\/tr><tr><td>2. Klasse<\/td><td>Greppen<\/td><td>\u00f6kumenisch<\/td><td><span class=\"has-inline-color has-very-dark-gray-color\">Barbara Isele<\/span> <\/td><\/tr><tr><td>2. Klasse<\/td><td>Weggis<\/td><td>\u00f6kumenisch<\/td><td>Petra K\u00fcttel<\/td><\/tr><tr><td>2. Klasse<\/td><td>Vitznau<\/td><td>\u00f6kumenisch<\/td><td>Eliane Minnig <\/td><\/tr><tr><td>3. Klasse<\/td><td>Greppen<\/td><td>\u00f6kumenisch<br><a href=\"https:\/\/lottenbach-mediationen.ch\/sakramente\/eucharistie-und-erstkommunion\/\">Erstkommunion<\/a> ausserschulisch<\/td><td>Flavio Moresino <\/td><\/tr><tr><td>3. Klasse<\/td><td>Weggis<\/td><td>\u00f6kumenisch<br><a href=\"https:\/\/lottenbach-mediationen.ch\/sakramente\/eucharistie-und-erstkommunion\/\">Erstkommunion<\/a> ausserschulisch<\/td><td>Myriam Brauchart <\/td><\/tr><tr><td>3. Klasse<\/td><td>Vitznau<\/td><td>\u00f6kumenisch<br><a href=\"https:\/\/lottenbach-mediationen.ch\/sakramente\/eucharistie-und-erstkommunion\/\">Erstkommunion<\/a> ausserschulisch<\/td><td>Myriam Brauchart <\/td><\/tr><tr><td>4. Klasse<\/td><td>Greppen<\/td><td>\u00f6kumenisch<\/td><td>Flavio Moresino <\/td><\/tr><tr><td>4. Klasse<\/td><td>Weggis<\/td><td>\u00f6kumenisch<\/td><td>Petra K\u00fcttel \/ Barbara Isele<\/td><\/tr><tr><td>4. Klasse<\/td><td>Vitznau<\/td><td>\u00f6kumenisch<\/td><td>Myriam Brauchart <\/td><\/tr><tr><td>5. Klasse<\/td><td>Greppen<\/td><td><a href=\"https:\/\/lottenbach-mediationen.ch\/wp-content\/uploads\/2023\/06\/2023-Religionsunterricht-5.-Klassen-Seepfarreien.pdf\">ausserschulisches Angebot<\/a><\/td><td>Stefan Ludin <\/td><\/tr><tr><td>5. Klasse<\/td><td>Weggis<\/td><td><a href=\"https:\/\/lottenbach-mediationen.ch\/wp-content\/uploads\/2023\/06\/2023-Religionsunterricht-5.-Klassen-Seepfarreien.pdf\">ausserschulisches Angebot<\/a><\/td><td>Stefan Ludin <\/td><\/tr><tr><td>5. Klasse<\/td><td>Vitznau<\/td><td><a href=\"https:\/\/lottenbach-mediationen.ch\/wp-content\/uploads\/2023\/06\/2023-Religionsunterricht-5.-Klassen-Seepfarreien.pdf\">ausserschulisches Angebot<\/a><\/td><td>Stefan Ludin <\/td><\/tr><tr><td>6. Klasse<\/td><td>Greppen<\/td><td>Ausserschulische <br>Projekte (<a href=\"https:\/\/lottenbach-mediationen.ch\/jugendliche\/\">Jakobsweg<\/a><br>und Sakrament der <br><a href=\"https:\/\/lottenbach-mediationen.ch\/sakramente\/versoehnung\/\">Vers\u00f6hnung<\/a>)<\/td><td>Flavio Moresino und Eliane Minnig <\/td><\/tr><tr><td>6. Klasse<\/td><td>Weggis<\/td><td>Ausserschulische<br>Projekte (<a href=\"https:\/\/lottenbach-mediationen.ch\/jugendliche\/\">Jakobsweg<\/a><br>und Sakrament der<br><a href=\"https:\/\/lottenbach-mediationen.ch\/sakramente\/versoehnung\/\">Vers\u00f6hnung<\/a>)<\/td><td>Flavio Moresino und Eliane Minnig <\/td><\/tr><tr><td>6. Klasse<\/td><td>Vitznau<\/td><td>Ausserschulische<br>Projekte (<a href=\"https:\/\/lottenbach-mediationen.ch\/jugendliche\/\">Jakobsweg<\/a><br>und Sakrament der<br><a href=\"https:\/\/lottenbach-mediationen.ch\/sakramente\/versoehnung\/\">Vers\u00f6hnung<\/a>)<\/td><td>Flavio Moresino und Eliane Minnig<\/td><\/tr><\/tbody><\/table><\/figure>\n\n\n\n<p>Die Stundenpl\u00e4ne Ihrer Kinder finden Sie unter &#8222;<a href=\"https:\/\/lottenbach-mediationen.ch\/dokumente\/#religionsunterricht\">Dokumente\/Einsatzpl\u00e4ne&#8220;<\/a>.<\/p>\n\n\n\n<h4 class=\"wp-block-heading\">Koordination Religionsunterricht auf Primarstufe und Hauptverantwortung Erstkommunion<\/h4>\n\n\n\n<p>Myriam Brauchart, Rigiblickstrasse 3, 6353 Weggis<br>T: 079 723 17 90, E: <a href=\"mailto:myriam.brauchart@seepfarreien.ch\" target=\"_blank\" rel=\"noreferrer noopener\">myriam.brauchart@seepfarreien.ch<\/a><\/p>\n\n\n\n<h4 class=\"wp-block-heading\">Hauptverantwortung Vers\u00f6hnungsweg <\/h4>\n\n\n\n<p>Eliane Minnig Maier, Rigiblickstrasse 5, 6353 Weggis <br>T: 041 392 00 93, N: 079 154 23 93, E: <a href=\"mailto:eliane.minnig@seepfarreien.ch\">eliane.minnig@seepfarreien.ch<\/a><\/p>\n\n\n\n<h4 class=\"wp-block-heading\">Hauptverantwortung Jakobsweg<\/h4>\n\n\n\n<p>Flavio Moresino, Seestrasse 3, 6404 Greppen<br>N: 076 438 55 70, E: <a rel=\"noreferrer noopener\" href=\"mailto:flavio.moresino@seepfarreien.ch\" target=\"_blank\">flavio.moresino@seepfarreien.ch<\/a><\/p>\n\n\n\n<h2 class=\"wp-block-heading\">Religionsunterricht Sekundarstufe<\/h2>\n\n\n\n<p>Unter der Leitung der Katechetin<span class=\"has-inline-color has-very-dark-gray-color\"> <a href=\"mailto: eliane.minnig@seepfarreien.ch\">Eliane Minnig<\/a><\/span> unterrichten<span class=\"has-inline-color has-very-dark-gray-color\"> <a href=\"mailto:michael.brauchart@seepfarreien.ch\" target=\"_blank\" rel=\"noreferrer noopener\">Michael Brauchart<\/a><\/span>,<span class=\"has-inline-color has-very-dark-gray-color\"> <a href=\"mailto:stefan.ludin@kathluzern.ch\" target=\"_blank\" rel=\"noreferrer noopener\">Stefan Ludin<\/a><\/span> und <a href=\"mailto: michel.mueller@reflu.ch\">Michel M\u00fcller<\/a> (reformiert) die Oberstufe. Pro Klasse finden jeweils f\u00fcnf Blockhalbtage und ein Blocktag statt. Nebst der Bildung und Begleitung in Glaubens- und Lebensfragen wird der Beziehungsarbeit viel Gewicht gegeben.<\/p>\n\n\n\n<p>Die Stundenpl\u00e4ne sind unter <a href=\"https:\/\/lottenbach-mediationen.ch\/dokumente\/\">&#8222;Dokumente\/Einsatzpl\u00e4ne&#8220;<\/a> abrufbar.<\/p>\n\n\n\n<h4 class=\"wp-block-heading\">Fachverantwortung Oberstufenunterricht <\/h4>\n\n\n\n<p>Eliane Minnig Maier, Rigiblickstrasse 5, 6353 Weggis<br>T: 041 392 00 93, E: <a href=\"mailto:eliane.minnig@seepfarreien.ch\">eliane.minnig@seepfarreien.ch<\/a><\/p>\n","protected":false},"excerpt":{"rendered":"<p>Religionsunterricht Primarstufe Schuljahr 2025\/26 Ein wichtiges Feld in unserem Pastoralraum ist der Religionsunterricht. Hier k\u00f6nnen Kinder die eigenen spirituellen, kulturellen Wurzeln kennenlernen. Kinder haben ein Recht auf Religion. Kinder und Jugendliche brauchen eine religi\u00f6se Sprachkompetenz und Ausdrucksf\u00e4higkeit, eine religi\u00f6se Grammatik, die es ihnen erm\u00f6glicht, gl\u00e4ubige Denkvorstellungen zu verstehen oder zu hinterfragen. Gerechtigkeit, Friede und Ehrfurcht [&hellip;]<\/p>\n","protected":false},"author":1,"featured_media":2364,"parent":0,"menu_order":7,"comment_status":"closed","ping_status":"closed","template":"","meta":{"footnotes":""},"class_list":["post-35","page","type-page","status-publish","has-post-thumbnail","hentry"],"_links":{"self":[{"href":"https:\/\/lottenbach-mediationen.ch\/index.php\/wp-json\/wp\/v2\/pages\/35","targetHints":{"allow":["GET"]}}],"collection":[{"href":"https:\/\/lottenbach-mediationen.ch\/index.php\/wp-json\/wp\/v2\/pages"}],"about":[{"href":"https:\/\/lottenbach-mediationen.ch\/index.php\/wp-json\/wp\/v2\/types\/page"}],"author":[{"embeddable":true,"href":"https:\/\/lottenbach-mediationen.ch\/index.php\/wp-json\/wp\/v2\/users\/1"}],"replies":[{"embeddable":true,"href":"https:\/\/lottenbach-mediationen.ch\/index.php\/wp-json\/wp\/v2\/comments?post=35"}],"version-history":[{"count":0,"href":"https:\/\/lottenbach-mediationen.ch\/index.php\/wp-json\/wp\/v2\/pages\/35\/revisions"}],"wp:featuredmedia":[{"embeddable":true,"href":"https:\/\/lottenbach-mediationen.ch\/index.php\/wp-json\/wp\/v2\/media\/2364"}],"wp:attachment":[{"href":"https:\/\/lottenbach-mediationen.ch\/index.php\/wp-json\/wp\/v2\/media?parent=35"}],"curies":[{"name":"wp","href":"https:\/\/api.w.org\/{rel}","templated":true}]}}