{"id":3146,"date":"2020-08-18T09:29:28","date_gmt":"2020-08-18T08:29:28","guid":{"rendered":"https:\/\/www.seepfarreien.ch\/?page_id=3146"},"modified":"2020-08-18T09:29:28","modified_gmt":"2020-08-18T08:29:28","slug":"krankenbesuche","status":"publish","type":"page","link":"https:\/\/lottenbach-mediationen.ch\/index.php\/seelsorge\/krankenbesuche\/","title":{"rendered":"Krankenbesuche"},"content":{"rendered":"\n<p>Verunfallte, kranke oder betagte Menschen sind oft ans Haus gebunden. Seelsorgebesuche k\u00f6nnen lindernde und befreiende Erfahrungen bringen. Bei einem Spital- oder Klinikaufenthalt d\u00fcrfen Sie sich gerne auch an die Spital- oder Klinikseelsorge wenden.<\/p>\n\n\n\n<p>Auf Wunsch und nach M\u00f6glichkeit besuchen wir gerne die Kranken aus unserem Pastoralraum zu Hause und in den Kliniken in unserem Umfeld (Luzern, Meggen, Cham, Schwyz).<\/p>\n\n\n\n<h4 class=\"wp-block-heading\">Kontakte<\/h4>\n\n\n\n<p>Michael Brauchart, Rigiblickstrasse 3, 6353 Weggis<br>Pastoralraumleiter und Ansprechperson f\u00fcr Weggis<br>T: 076 546 70 12, E: <a rel=\"noreferrer noopener\" href=\"mailto:michael.brauchart@seepfarreien.ch\" target=\"_blank\">michael.brauchart@seepfarreien.ch<\/a><\/p>\n\n\n\n<p>John Okoro, Oberdorfstrasse 15, 6354 Vitznau<br>Kaplan und Ansprechperson f\u00fcr Vitznau<br>T: 079 325 34 31, E:<a href=\"mailto: john.okoro@seepfarreien.ch\"> john.okoro@seepfarreien.ch<\/a><\/p>\n\n\n\n<p>Flavio Moresino, Seestrasse 3, 6404 Greppen<br>Pfarreiseelsorger und Ansprechperson f\u00fcr Greppen<br>T: 076 438 55 70, E: <a rel=\"noreferrer noopener\" href=\"mailto:flavio.moresino@seepfarreien.ch\" target=\"_blank\">flavio.moresino@seepfarreien.ch<\/a><\/p>\n\n\n\n<p>Susann Barmet, Kr\u00e4hb\u00fcel 11, 6403 K\u00fcssnacht am Rigi<br>Seelsorgemitarbeiterin<br>T: 079 841 67 97, E: <a rel=\"noreferrer noopener\" href=\"mailto:susann.barmet@seepfarreien.ch\" target=\"_blank\">susann.barmet@seepfarreien.ch<\/a><\/p>\n","protected":false},"excerpt":{"rendered":"<p>Verunfallte, kranke oder betagte Menschen sind oft ans Haus gebunden. Seelsorgebesuche k\u00f6nnen lindernde und befreiende Erfahrungen bringen. Bei einem Spital- oder Klinikaufenthalt d\u00fcrfen Sie sich gerne auch an die Spital- oder Klinikseelsorge wenden. Auf Wunsch und nach M\u00f6glichkeit besuchen wir gerne die Kranken aus unserem Pastoralraum zu Hause und in den Kliniken in unserem Umfeld [&hellip;]<\/p>\n","protected":false},"author":1,"featured_media":0,"parent":39,"menu_order":6,"comment_status":"closed","ping_status":"closed","template":"","meta":{"footnotes":""},"class_list":["post-3146","page","type-page","status-publish","hentry"],"_links":{"self":[{"href":"https:\/\/lottenbach-mediationen.ch\/index.php\/wp-json\/wp\/v2\/pages\/3146","targetHints":{"allow":["GET"]}}],"collection":[{"href":"https:\/\/lottenbach-mediationen.ch\/index.php\/wp-json\/wp\/v2\/pages"}],"about":[{"href":"https:\/\/lottenbach-mediationen.ch\/index.php\/wp-json\/wp\/v2\/types\/page"}],"author":[{"embeddable":true,"href":"https:\/\/lottenbach-mediationen.ch\/index.php\/wp-json\/wp\/v2\/users\/1"}],"replies":[{"embeddable":true,"href":"https:\/\/lottenbach-mediationen.ch\/index.php\/wp-json\/wp\/v2\/comments?post=3146"}],"version-history":[{"count":0,"href":"https:\/\/lottenbach-mediationen.ch\/index.php\/wp-json\/wp\/v2\/pages\/3146\/revisions"}],"up":[{"embeddable":true,"href":"https:\/\/lottenbach-mediationen.ch\/index.php\/wp-json\/wp\/v2\/pages\/39"}],"wp:attachment":[{"href":"https:\/\/lottenbach-mediationen.ch\/index.php\/wp-json\/wp\/v2\/media?parent=3146"}],"curies":[{"name":"wp","href":"https:\/\/api.w.org\/{rel}","templated":true}]}}