{"id":3137,"date":"2020-08-18T09:20:43","date_gmt":"2020-08-18T08:20:43","guid":{"rendered":"https:\/\/www.seepfarreien.ch\/?page_id=3137"},"modified":"2020-08-18T09:20:43","modified_gmt":"2020-08-18T08:20:43","slug":"andersprachige","status":"publish","type":"page","link":"https:\/\/lottenbach-mediationen.ch\/index.php\/seelsorge\/andersprachige\/","title":{"rendered":"Anderssprachige"},"content":{"rendered":"\n<p>Unsere Gesellschaft bezeichnet Migrantinnen und Migranten als Menschen, die aus verschiedenen Gr\u00fcnden in unser Land eingewandert sind. Sie sind vor kurzer Zeit in die Schweiz gekommen, oder ihre Einreise liegt schon einige Jahre zur\u00fcck. Sie sind im Besitze einer Aufenthaltsbewilligung, leben in der Schweiz und haben oft auch das Bed\u00fcrfnis, ihren Glauben in ihrer Herkunftssprache zu leben.<\/p>\n\n\n\n<p>Die Synode, das Parlament der Landeskirche Luzern, hat am 27. Oktober 2004 beschlossen, die anderssprachigen Katholikinnen und Katholiken im Kanton Luzern eigens zu betreuen. Das entsprechende Synodalgesetz \u00fcbertr\u00e4gt der Migrantenseelsorge der r\u00f6misch-katholischen Landeskirche des Kantons Luzern diese Aufgabe.<\/p>\n\n\n\n<p>Die Migrantinnen und Migranten werden durch Missionen betreut, die nach Sprachen aufgeteilt sind. Diese Missionen sind f\u00fcr die Gl\u00e4ubigen da \u2013 \u00e4hnlich wie die katholischen Pfarreien, feiern Gottesdienste und bieten fast alle \u00fcbrigen seelsorgerischen Aktivit\u00e4ten an. Jede Mission wird von einem Priester geleitet, der vom Bischof mit einer Missio beauftragt ist. Die Gl\u00e4ubigen engagieren sich stark. Sie bringen sich als Ministranten, Kirchenchormitglieder, Sakristane, Organisten usw. ein. Einige Missionen werden \u00fcber die Kantonsgrenzen des Kantons Luzern hinaus gef\u00fchrt. Gl\u00e4ubige aus der Innerschweiz, dem Kanton Tessin und dem Kanton Wallis besuchen Gottesdienste in Luzern und werden von der zust\u00e4ndigen Mission betreut.<\/p>\n\n\n\n<p>Christentum im Kanton Luzern ist heutzutage aber sehr unterschiedlich und vielf\u00e4ltig und l\u00e4ngst nicht mehr allein durch die r\u00f6misch-katholische und reformierte Kirchen repr\u00e4sentiert.<\/p>\n\n\n\n<p>Hier finden Sie weitere Informationen:<\/p>\n\n\n\n<p>Migrantenseelsorge im Kanton Luzern:<br><a href=\"https:\/\/www.lukath.ch\/migrantenseelsorge\/\">https:\/\/www.lukath.ch\/migrantenseelsorge\/<\/a><\/p>\n\n\n\n<p>Christliche Gemeinschaften im Kanton Luzern:<br><a href=\"https:\/\/www.unilu.ch\/fakultaeten\/ksf\/institute\/religionswissenschaftliches-seminar\/religionsvielfalt-im-kanton-luzern\/religionsgemeinschaften-beschreibungen\/christliche-gemeinschaften\/\">https:\/\/www.unilu.ch\/fakultaeten\/ksf\/institute\/religionswissenschaftliches-seminar\/religionsvielfalt-im-kanton-luzern\/religionsgemeinschaften-beschreibungen\/christliche-gemeinschaften\/<\/a><\/p>\n\n\n\n<p>\u00dcberblick f\u00fcr die ganze Schweiz:<br><a href=\"http:\/\/www.migratio.ch\/de\/migrationspastoral\">http:\/\/www.migratio.ch\/de\/migrationspastoral<\/a><\/p>\n","protected":false},"excerpt":{"rendered":"<p>Unsere Gesellschaft bezeichnet Migrantinnen und Migranten als Menschen, die aus verschiedenen Gr\u00fcnden in unser Land eingewandert sind. Sie sind vor kurzer Zeit in die Schweiz gekommen, oder ihre Einreise liegt schon einige Jahre zur\u00fcck. Sie sind im Besitze einer Aufenthaltsbewilligung, leben in der Schweiz und haben oft auch das Bed\u00fcrfnis, ihren Glauben in ihrer Herkunftssprache [&hellip;]<\/p>\n","protected":false},"author":1,"featured_media":0,"parent":39,"menu_order":5,"comment_status":"closed","ping_status":"closed","template":"","meta":{"footnotes":""},"class_list":["post-3137","page","type-page","status-publish","hentry"],"_links":{"self":[{"href":"https:\/\/lottenbach-mediationen.ch\/index.php\/wp-json\/wp\/v2\/pages\/3137","targetHints":{"allow":["GET"]}}],"collection":[{"href":"https:\/\/lottenbach-mediationen.ch\/index.php\/wp-json\/wp\/v2\/pages"}],"about":[{"href":"https:\/\/lottenbach-mediationen.ch\/index.php\/wp-json\/wp\/v2\/types\/page"}],"author":[{"embeddable":true,"href":"https:\/\/lottenbach-mediationen.ch\/index.php\/wp-json\/wp\/v2\/users\/1"}],"replies":[{"embeddable":true,"href":"https:\/\/lottenbach-mediationen.ch\/index.php\/wp-json\/wp\/v2\/comments?post=3137"}],"version-history":[{"count":0,"href":"https:\/\/lottenbach-mediationen.ch\/index.php\/wp-json\/wp\/v2\/pages\/3137\/revisions"}],"up":[{"embeddable":true,"href":"https:\/\/lottenbach-mediationen.ch\/index.php\/wp-json\/wp\/v2\/pages\/39"}],"wp:attachment":[{"href":"https:\/\/lottenbach-mediationen.ch\/index.php\/wp-json\/wp\/v2\/media?parent=3137"}],"curies":[{"name":"wp","href":"https:\/\/api.w.org\/{rel}","templated":true}]}}