{"id":3118,"date":"2020-08-18T09:08:51","date_gmt":"2020-08-18T08:08:51","guid":{"rendered":"https:\/\/www.seepfarreien.ch\/?page_id=3118"},"modified":"2020-08-18T09:08:51","modified_gmt":"2020-08-18T08:08:51","slug":"persoenliches-gespraech","status":"publish","type":"page","link":"https:\/\/lottenbach-mediationen.ch\/index.php\/seelsorge\/persoenliches-gespraech\/","title":{"rendered":"Pers\u00f6nliches Gespr\u00e4ch"},"content":{"rendered":"\n<p>Immer wieder kommt es vor, dass sich Menschen in seelischen Notlagen befinden. Ein Seelsorge-Gespr\u00e4ch kann wie ein Ventil sein, um den Druck oder Stress zu mindern. Gemeinsam k\u00f6nnen im Gespr\u00e4ch auf Wunsch hilfreiche, weiterf\u00fchrende Schritte \u00fcberlegt werden.<\/p>\n\n\n\n<p>Wenn Sie ein Gespr\u00e4ch mit unseren Seelsorgenden w\u00fcnschen, sind diese gerne f\u00fcr Sie da. Sie unterstehen alle der absoluten Schweigepflicht. Sie d\u00fcrfen sich vertrauensvoll an sie wenden.<\/p>\n\n\n\n<h4 class=\"wp-block-heading\">Kontakte<\/h4>\n\n\n\n<p><a href=\"https:\/\/lottenbach-mediationen.ch\/team\/michael-brauchart\/\">Michael Brauchart,<\/a> Pastoralraumleiter<br>T: 076 546 70 12, E: <a rel=\"noreferrer noopener\" href=\"mailto:michael.brauchart@seepfarreien.ch\" target=\"_blank\">michael.brauchart@seepfarreien.ch<\/a><\/p>\n\n\n\n<p><a href=\"https:\/\/lottenbach-mediationen.ch\/team\/eliane-minnig\/\">Eliane Minnig Maier,<\/a> Katechetin <br>T: 079 154 23 93, E: <a href=\"mailto:eliane.minnig@seepfarreien.ch\">eliane.minnig@seepfarreien.ch<\/a><\/p>\n\n\n\n<p><a href=\"https:\/\/lottenbach-mediationen.ch\/team\/flavio-moresino\/\">Flavio Moresino<\/a>, Pfarreiseelsorger<br>T: 041 390 32 01, E: <a rel=\"noreferrer noopener\" href=\"mailto:flavio.moresino@seepfarreien.ch\" target=\"_blank\">flavio.moresino@seepfarreien.ch<\/a><\/p>\n\n\n\n<p><a href=\"https:\/\/lottenbach-mediationen.ch\/team\/susann-barmet\/\">Susann Barmet<\/a>, Seelsorgemitarbeiterin<br>T: 079 841 67 97, E: <a rel=\"noreferrer noopener\" href=\"mailto:susann.barmet@seepfarreien.ch\" target=\"_blank\">susann.barmet@seepfarreien.ch<\/a><\/p>\n\n\n\n<p><a href=\"https:\/\/lottenbach-mediationen.ch\/team\/john-okoro\/\">John Okoro<\/a>, Kaplan<br>T: 079 325 34 31, E: <a href=\"mailto:john.okoro@seepfarreien.ch\">john.okoro@seepfarreien.ch<\/a><\/p>\n","protected":false},"excerpt":{"rendered":"<p>Immer wieder kommt es vor, dass sich Menschen in seelischen Notlagen befinden. Ein Seelsorge-Gespr\u00e4ch kann wie ein Ventil sein, um den Druck oder Stress zu mindern. Gemeinsam k\u00f6nnen im Gespr\u00e4ch auf Wunsch hilfreiche, weiterf\u00fchrende Schritte \u00fcberlegt werden. Wenn Sie ein Gespr\u00e4ch mit unseren Seelsorgenden w\u00fcnschen, sind diese gerne f\u00fcr Sie da. Sie unterstehen alle der [&hellip;]<\/p>\n","protected":false},"author":1,"featured_media":0,"parent":39,"menu_order":4,"comment_status":"closed","ping_status":"closed","template":"","meta":{"footnotes":""},"class_list":["post-3118","page","type-page","status-publish","hentry"],"_links":{"self":[{"href":"https:\/\/lottenbach-mediationen.ch\/index.php\/wp-json\/wp\/v2\/pages\/3118","targetHints":{"allow":["GET"]}}],"collection":[{"href":"https:\/\/lottenbach-mediationen.ch\/index.php\/wp-json\/wp\/v2\/pages"}],"about":[{"href":"https:\/\/lottenbach-mediationen.ch\/index.php\/wp-json\/wp\/v2\/types\/page"}],"author":[{"embeddable":true,"href":"https:\/\/lottenbach-mediationen.ch\/index.php\/wp-json\/wp\/v2\/users\/1"}],"replies":[{"embeddable":true,"href":"https:\/\/lottenbach-mediationen.ch\/index.php\/wp-json\/wp\/v2\/comments?post=3118"}],"version-history":[{"count":0,"href":"https:\/\/lottenbach-mediationen.ch\/index.php\/wp-json\/wp\/v2\/pages\/3118\/revisions"}],"up":[{"embeddable":true,"href":"https:\/\/lottenbach-mediationen.ch\/index.php\/wp-json\/wp\/v2\/pages\/39"}],"wp:attachment":[{"href":"https:\/\/lottenbach-mediationen.ch\/index.php\/wp-json\/wp\/v2\/media?parent=3118"}],"curies":[{"name":"wp","href":"https:\/\/api.w.org\/{rel}","templated":true}]}}