{"id":3085,"date":"2020-08-18T07:57:37","date_gmt":"2020-08-18T06:57:37","guid":{"rendered":"https:\/\/www.seepfarreien.ch\/?page_id=3085"},"modified":"2020-08-18T07:57:37","modified_gmt":"2020-08-18T06:57:37","slug":"liturgie","status":"publish","type":"page","link":"https:\/\/lottenbach-mediationen.ch\/index.php\/seelsorge\/liturgie\/","title":{"rendered":"Liturgie"},"content":{"rendered":"\n<p>Der Begriff \u00abLiturgie\u00bb meint das gesamte gottesdienstliche Geschehen. Die Feier der Liturgie dient der Verehrung Gottes und zur Vertiefung des pers\u00f6nlichen und gemeindlichen Glaubens. In den Seepfarreien pflegen wir verschiedene, liturgische Formen. <\/p>\n\n\n\n<p>Einige besondere Formen sind hier speziell erw\u00e4hnt. Die Informationen zu unserem Gottesdienstangebot entnehmen Sie bitte dem aktuellen <a href=\"https:\/\/lottenbach-mediationen.ch\/pfarreiblaetter\/\">Pfarreiblatt.<\/a><\/p>\n\n\n\n<h2 class=\"wp-block-heading\">Gemeinsam feiern<br>Gottesdienst im offenen Kreis in Weggis<\/h2>\n\n\n\n<p>Die ersten Christen haben in ihren H\u00e4usern einander das Brot gebrochen, das Evangelium vorgelesen und miteinander gebetet. So haben sie sich gen\u00e4hrt und gegenseitig ermutigt, um den neuen Glauben gemeinsam zu leben und gemeinsam den Alltag zu bew\u00e4ltigen. Ein &#8222;St\u00fcck Urkirche&#8220; m\u00f6chten wir in der heutigen teilweise anonymen und individualisierten Welt erfahrbar machen.<\/p>\n\n\n\n<p>Ruth Hug und Susann Barmet bereiten die Feier vor. Der offene Kreis erm\u00f6glicht kreatives Gottesdienst-Gestalten mit der M\u00f6glichkeit, dass die Teilnehmenden sich einbringen k\u00f6nnen. Gemeinschaft wird direkt erlebbar und verbindet. Pers\u00f6nliche Gedanken beschenken alle. Pers\u00f6nliche F\u00fcrbitten werden zu den Anliegen aller. Wenn wir um einander wissen, vergessen wir einander im Alltag nicht, werden wir ein St\u00fcck weit eine Weggemeinschaft.<\/p>\n\n\n\n<p><span class=\"has-inline-color has-vivid-cyan-blue-color\">Die Feier findet jeweils an einem Samstagabend um 18.00 im Chorraum der Pfarrkirche Weggis statt.  Wort und Musik sind auf das Thema abgestimmt, das jeweils auf einem Flyer im Schaukasten der Kirche und im Pfarreiblatt bekannt gegeben wird. <\/span><\/p>\n\n\n\n<p>Anschliessend sind alle, die m\u00f6chten, im Pfarreizentrum zum Austausch \u00fcber das Gottesdienstthema eingeladen, zum sogenannten \u201ePhilokafi\u201c. Der Begriff sagt es, wir philosophieren \u00fcber das Thema und bewegen daraus resultierende Lebensfragen. Dazu gibt es einen Kaffee und etwas zum Knabbern.<\/p>\n\n\n\n<h4 class=\"wp-block-heading\">Kontakt<\/h4>\n\n\n\n<p>Susann Barmet, Kr\u00e4hb\u00fcel 11, 6403 K\u00fcssnacht am Rigi<br>Seelsorgemitarbeiterin<br>T: 079 841 67 97, E: <a rel=\"noreferrer noopener\" href=\"mailto:susann.barmet@seepfarreien.ch\" target=\"_blank\">susann.barmet@seepfarreien.ch<\/a><\/p>\n\n\n\n<h2 class=\"wp-block-heading\">Gemeinsam feiern<br>Gottesdienst im offenen Kreis in Vitznau<\/h2>\n\n\n\n<p>Die ersten Christen haben in ihren H\u00e4usern einander das Brot gebrochen, das Evangelium vorgelesen und miteinander gebetet. So haben sie sich gen\u00e4hrt und gegenseitig ermutigt, um den neuen Glauben gemeinsam zu leben und gemeinsam den Alltag zu bew\u00e4ltigen. Ein &#8222;St\u00fcck Urkirche&#8220; m\u00f6chten wir in der heutigen teilweise anonymen und individualisierten Welt erfahrbar machen.<\/p>\n\n\n\n<p>Ruth Hug und Susann Barmet bereiten die Feier vor. Der offene Kreis erm\u00f6glicht kreatives Gottesdienst-Gestalten mit der M\u00f6glichkeit, dass die Teilnehmenden sich einbringen k\u00f6nnen. Gemeinschaft wird direkt erlebbar und verbindet. Pers\u00f6nliche Gedanken beschenken alle. Pers\u00f6nliche F\u00fcrbitten werden zu den Anliegen aller. Wenn wir um einander wissen, vergessen wir einander im Alltag nicht, werden wir ein St\u00fcck weit eine Weggemeinschaft.<\/p>\n\n\n\n<p><span class=\"has-inline-color has-vivid-cyan-blue-color\">Die Feier findet in der Regel am zweiten Dienstagmorgen im Monat um 09.00 in der Pfarrkirche Vitznau statt. Wort und Musik sind auf das Thema abgestimmt, das jeweils auf einem Flyer an der Anschlagswand der Kirche und im Pfarreiblatt bekannt gegeben wird. <\/span><\/p>\n\n\n\n<p>Anschliessend gehen einige spontan zum Trunk ins Restaurant. Da gibt es Raum f\u00fcrs Austauschen und Philosophieren \u00fcber das, was der Gottesdienst und verwandte Themen in uns bewegen.<\/p>\n\n\n\n<h4 class=\"wp-block-heading\">Kontakt<\/h4>\n\n\n\n<p>Susann Barmet, Kr\u00e4hb\u00fcel 11, 6403 K\u00fcssnacht am Rigi<br>Seelsorgemitarbeiterin<br>T: 079 841 67 97, E: <a rel=\"noreferrer noopener\" href=\"mailto:susann.barmet@seepfarreien.ch\" target=\"_blank\">susann.barmet@seepfarreien.ch<\/a><\/p>\n\n\n\n<h2 class=\"wp-block-heading\">Rosenkranzgebet <\/h2>\n\n\n\n<p>Das <a href=\"https:\/\/lottenbach-mediationen.ch\/wp-content\/uploads\/2020\/08\/Rosenkranzgebet.pdf\">Rosenkranzgebet<\/a> findet in der Regel am Dienstag von 9.00 \u2013 9.30 Uhr in der Pfarrkirche Weggis statt.<\/p>\n\n\n\n<h4 class=\"wp-block-heading\">Kontakt<\/h4>\n\n\n\n<p>Michael Brauchart, Pastoralraumleiter<br>N: 076 546 70 12, E: <a rel=\"noreferrer noopener\" href=\"mailto:michael.brauchart@seepfarreien.ch\" target=\"_blank\">michael.brauchart@seepfarreien.ch<\/a><\/p>\n","protected":false},"excerpt":{"rendered":"<p>Der Begriff \u00abLiturgie\u00bb meint das gesamte gottesdienstliche Geschehen. Die Feier der Liturgie dient der Verehrung Gottes und zur Vertiefung des pers\u00f6nlichen und gemeindlichen Glaubens. In den Seepfarreien pflegen wir verschiedene, liturgische Formen. Einige besondere Formen sind hier speziell erw\u00e4hnt. Die Informationen zu unserem Gottesdienstangebot entnehmen Sie bitte dem aktuellen Pfarreiblatt. Gemeinsam feiernGottesdienst im offenen Kreis [&hellip;]<\/p>\n","protected":false},"author":1,"featured_media":0,"parent":39,"menu_order":1,"comment_status":"closed","ping_status":"closed","template":"","meta":{"footnotes":""},"class_list":["post-3085","page","type-page","status-publish","hentry"],"_links":{"self":[{"href":"https:\/\/lottenbach-mediationen.ch\/index.php\/wp-json\/wp\/v2\/pages\/3085","targetHints":{"allow":["GET"]}}],"collection":[{"href":"https:\/\/lottenbach-mediationen.ch\/index.php\/wp-json\/wp\/v2\/pages"}],"about":[{"href":"https:\/\/lottenbach-mediationen.ch\/index.php\/wp-json\/wp\/v2\/types\/page"}],"author":[{"embeddable":true,"href":"https:\/\/lottenbach-mediationen.ch\/index.php\/wp-json\/wp\/v2\/users\/1"}],"replies":[{"embeddable":true,"href":"https:\/\/lottenbach-mediationen.ch\/index.php\/wp-json\/wp\/v2\/comments?post=3085"}],"version-history":[{"count":0,"href":"https:\/\/lottenbach-mediationen.ch\/index.php\/wp-json\/wp\/v2\/pages\/3085\/revisions"}],"up":[{"embeddable":true,"href":"https:\/\/lottenbach-mediationen.ch\/index.php\/wp-json\/wp\/v2\/pages\/39"}],"wp:attachment":[{"href":"https:\/\/lottenbach-mediationen.ch\/index.php\/wp-json\/wp\/v2\/media?parent=3085"}],"curies":[{"name":"wp","href":"https:\/\/api.w.org\/{rel}","templated":true}]}}