{"id":29,"date":"2020-04-22T15:01:47","date_gmt":"2020-04-22T15:01:47","guid":{"rendered":"https:\/\/www.seepfarreien.ch.proculus.sui-inter.net\/?page_id=29"},"modified":"2020-04-22T15:01:47","modified_gmt":"2020-04-22T15:01:47","slug":"erwachsene","status":"publish","type":"page","link":"https:\/\/lottenbach-mediationen.ch\/index.php\/erwachsene\/","title":{"rendered":"Erwachsene"},"content":{"rendered":"\n<p>Die Erwachsenenbildung der Luzerner Seepfarreien ist offen f\u00fcr alle Interessierten mit Lebens- und Glaubensfragen. Sie \u00f6ffnet ihre Angebote auch \u00fcber die traditionellen Milieus hinaus, sucht den interreligi\u00f6sen Dialog und kn\u00fcpft an die Wirklichkeitserfahrung der Menschen im Pastoralraum an. Sie ist stets bem\u00fcht, die Eigenst\u00e4ndigkeit der Teilnehmenden zu st\u00e4rken und wird den Gemeinschaftscharakter christlichen Glaubens und solidarischen Handelns im Zentrum behalten.<\/p>\n\n\n\n<h4 class=\"wp-block-heading\">Kontakt<\/h4>\n\n\n\n<p>Fachperson f\u00fcr Erwachsenenbildung der Luzerner Seepfarreien <strong><br><\/strong>Eliane Minnig, Rigiblickstrasse 5, 6353 Weggis<br>T: 041 392 00 93, N: 079 154 23 93<br>E: <a href=\"mailto:eliane.minnig@seepfarreien.ch\">eliane.minnig@seepfarreien.ch<\/a><\/p>\n\n\n\n<h2 class=\"wp-block-heading\">\u00d6kumene<\/h2>\n\n\n\n<p>Im Sinne der freundschaftlichen Zusammenarbeit in der Erwachsenenbildung der reformierten Kirchgemeinde Rigi-S\u00fcdseite (Michel M\u00fcller, Pfarrer) und den Luzerner Seepfarreien (Eliane Minnig) laden wir alle Interessierten aus beiden Konfessionen zu unseren Angeboten ein. <\/p>\n\n\n\n<p>Die aktuellen Angebote finden Sie unter <a href=\"https:\/\/lottenbach-mediationen.ch\/dokumente\/\">&#8222;Dokumente\/Einsatzpl\u00e4ne&#8220; <\/a>und auf der Webseite der <a rel=\"noreferrer noopener\" href=\"http:\/\/www.reflu.ch\/rigi-suedseite\/event\/anlaesse\" target=\"_blank\">reformierten Kirchgemeinde<\/a>.<\/p>\n\n\n\n<h2 class=\"wp-block-heading\">Gemeinsam das Feuer h\u00fcten &#8211; Gespr\u00e4ch in der Gruppe<\/h2>\n\n\n\n<p>In der Mitte unseres Gespr\u00e4chskreises brennt die Kerze mit ihrer Feuerflamme. Wof\u00fcr bin ich Feuer und Flamme? Wof\u00fcr brennt mein Herz? Was brennt mir unter den N\u00e4geln? Die Gespr\u00e4chsgruppe bietet Raum f\u00fcr Erfahrungsaustausch, Auseinandersetzung, Orientierung am Evangelium. So k\u00f6nnen wir unser Licht teilen, weitergeben und gemeinsam unser Feuer h\u00fcten im Engagement f\u00fcr ein gutes Leben f\u00fcr alle. Wir bestimmen jeweils am Ende eines Gespr\u00e4ches das Thema f\u00fcr das n\u00e4chste Mal. Anschliessend gibt es Kaffee und etwas zum Knabbern.<\/p>\n\n\n\n<p>Wir treffen uns jeweils mittwochs von 14.00 &#8211;  ca. 16.00 Uhr im Begegnungsraum im 1. Stock des Pfarreizentrums Weggis. Die Daten werden im Pfarreiblatt publiziert, liegen als Flyer in den Kirchen und Kapellen auf und sind auf dieser Webseite unter <a href=\"https:\/\/lottenbach-mediationen.ch\/veranstaltungen\/\">Veranstaltungen<\/a> zu finden.<\/p>\n\n\n\n<p>Auch Menschen anderer Konfessionen sind willkommen! Das Angebot ist konfessionsverbindend. Keine Anmeldung n\u00f6tig.<\/p>\n\n\n\n<p>\u00dcbrigens: Auf der Webseite <a href=\"http:\/\/www.senioren-seegemeinden.ch\" target=\"_blank\" rel=\"noreferrer noopener\">www.senioren-seegemeinden.ch<\/a> finden Sie alle Angebote, Kurse, Beratungs- und Kontaktadressen sowie weitere Informationen.<\/p>\n\n\n\n<h4 class=\"wp-block-heading\">Kontakt<\/h4>\n\n\n\n<p>Susann Barmet, Seelsorgemitarbeiterin<br>T: 079 841 67 97<br>E: <a href=\"mailto:susann.barmet@seepfarreien.ch\">susann.barmet@seepfarreien.ch<\/a><\/p>\n\n\n\n<h2 class=\"wp-block-heading\">Gemeinsam aus der Quelle sch\u00f6pfen &#8211; Meditation in der Gruppe<\/h2>\n\n\n\n<p>Innehalten und zur Ruhe kommen d\u00fcrfen. Sich auf das Wesentliche ausrichten. Gemeinsam im Hier und Jetzt ganz pr\u00e4sent sein. Mit liebender Achtsamkeit den Frieden h\u00fcten. In unserem Herzen sprudelt die g\u00f6ttliche Quelle. Gemeinsam kommen wir ins innere H\u00f6ren auf das, was unser Herz sagt, was Gott darin zu uns spricht. Aus dieser Quelle sch\u00f6pfen wir gemeinsam in Stille. Sie n\u00e4hrt und heilt unser ganzes Sein, l\u00e4sst uns innerlich wachsen, schenkt Trost, Klarheit, Vertrauen, Vers\u00f6hnung, Verbundenheit, Liebe, Dankbarkeit, Freude, Ermutigung&#8230;<\/p>\n\n\n\n<p>Wir treffen uns abwechselnd am Montagabend im Chorraum der Kirchen Greppen und Weggis. Elemente: Meditative Lieder, Bibelwort, l\u00e4ngere Stille, Austauschm\u00f6glichkeit, gesprochenes Gebet. Die Daten werden im Pfarreiblatt publiziert, liegen als Flyer in den Kirchen und Kapellen auf und sind auf dieser Webseite unter <a href=\"https:\/\/lottenbach-mediationen.ch\/veranstaltungen\/\">Veranstaltungen<\/a> zu finden.<\/p>\n\n\n\n<p>Auch Menschen anderer Konfessionen sind willkommen! Das Angebot ist konfessionsverbindend. Keine Anmeldung n\u00f6tig.<\/p>\n\n\n\n<p>\u00dcbrigens: Auf der Webseite <a href=\"http:\/\/www.senioren-seegemeinden.ch\" target=\"_blank\" rel=\"noreferrer noopener\">www.senioren-seegemeinden.ch<\/a> finden Sie alle Angebote, Kurse, Beratungs- und Kontaktadressen sowie weitere Informationen.<\/p>\n\n\n\n<h4 class=\"wp-block-heading\">Kontakt<\/h4>\n\n\n\n<p>Susann Barmet, Seelsorgemitarbeiterin<br>T: 079 841 67 97<br>E: <a href=\"mailto:susann.barmet@seepfarreien.ch\">susann.barmet@seepfarreien.ch<\/a><\/p>\n\n\n\n<h2 class=\"wp-block-heading\">Gemeinsam im Dunkel ein Licht finden &#8211; Teilen der Trauer<\/h2>\n\n\n\n<p>Wenn uns nahestehende Mitmenschen durch den Tod entrissen werden, kann das uns sehr zusetzen. Nichts ist mehr so wie vorher. Das Leben der Angeh\u00f6rigen geht trotzdem weiter durch die Trauer hindurch. Viele Menschen tun sich schwer, sich trauernd anderen Menschen zu zeigen und laufen Gefahr, darin sehr einsam zu sein. Auch nach einigen Jahren kann der Verlust eines lieben Menschen noch sehr schmerzen. Austausch und Gemeinschaft mit Menschen, die ein \u00e4hnliches Schicksal erleben, kann erm\u00f6glichen, gemeinsam im Dunkel ein Licht zu finden.<\/p>\n\n\n\n<p>Wir treffen uns jeweils mittwochs im Begegnungsraum im 1. Stock des Pfarreizentrums Weggis. Elemente: Gespr\u00e4ch im Kreis, je nach Wunsch der Teilnehmenden auch Gebet, anschliessend Kaffee und etwas S\u00fcsses dazu. Die Daten werden im Pfarreiblatt publiziert, liegen als Flyer in den Kirchen und Kapellen auf und sind auf dieser Webseite unter <a href=\"https:\/\/lottenbach-mediationen.ch\/veranstaltungen\/\">Veranstaltungen<\/a> zu finden.<\/p>\n\n\n\n<p>Anmeldung erforderlich bei Susann Barmet. Wer lieber in einem oder mehreren Zwiegespr\u00e4chen die Trauer teilen m\u00f6chte, die oder den m\u00f6chten wir ermutigen, sich die passende Person aus dem <a href=\"https:\/\/lottenbach-mediationen.ch\/team\/\">Pastoralraumteam<\/a> zu w\u00e4hlen und sich zu melden.<\/p>\n\n\n\n<h4 class=\"wp-block-heading\">Kontakt<\/h4>\n\n\n\n<p>Susann Barmet, Seelsorgemitarbeiterin<br>T: 079 841 67 97<br>E: <a href=\"mailto:susann.barmet@seepfarreien.ch\">susann.barmet@seepfarreien.ch<\/a><\/p>\n","protected":false},"excerpt":{"rendered":"<p>Die Erwachsenenbildung der Luzerner Seepfarreien ist offen f\u00fcr alle Interessierten mit Lebens- und Glaubensfragen. Sie \u00f6ffnet ihre Angebote auch \u00fcber die traditionellen Milieus hinaus, sucht den interreligi\u00f6sen Dialog und kn\u00fcpft an die Wirklichkeitserfahrung der Menschen im Pastoralraum an. Sie ist stets bem\u00fcht, die Eigenst\u00e4ndigkeit der Teilnehmenden zu st\u00e4rken und wird den Gemeinschaftscharakter christlichen Glaubens und [&hellip;]<\/p>\n","protected":false},"author":1,"featured_media":2777,"parent":0,"menu_order":5,"comment_status":"closed","ping_status":"closed","template":"","meta":{"footnotes":""},"class_list":["post-29","page","type-page","status-publish","has-post-thumbnail","hentry"],"_links":{"self":[{"href":"https:\/\/lottenbach-mediationen.ch\/index.php\/wp-json\/wp\/v2\/pages\/29","targetHints":{"allow":["GET"]}}],"collection":[{"href":"https:\/\/lottenbach-mediationen.ch\/index.php\/wp-json\/wp\/v2\/pages"}],"about":[{"href":"https:\/\/lottenbach-mediationen.ch\/index.php\/wp-json\/wp\/v2\/types\/page"}],"author":[{"embeddable":true,"href":"https:\/\/lottenbach-mediationen.ch\/index.php\/wp-json\/wp\/v2\/users\/1"}],"replies":[{"embeddable":true,"href":"https:\/\/lottenbach-mediationen.ch\/index.php\/wp-json\/wp\/v2\/comments?post=29"}],"version-history":[{"count":0,"href":"https:\/\/lottenbach-mediationen.ch\/index.php\/wp-json\/wp\/v2\/pages\/29\/revisions"}],"wp:featuredmedia":[{"embeddable":true,"href":"https:\/\/lottenbach-mediationen.ch\/index.php\/wp-json\/wp\/v2\/media\/2777"}],"wp:attachment":[{"href":"https:\/\/lottenbach-mediationen.ch\/index.php\/wp-json\/wp\/v2\/media?parent=29"}],"curies":[{"name":"wp","href":"https:\/\/api.w.org\/{rel}","templated":true}]}}