{"id":2617,"date":"2020-07-01T14:51:28","date_gmt":"2020-07-01T14:51:28","guid":{"rendered":"https:\/\/www.seepfarreien.ch.proculus.sui-inter.net\/?page_id=2617"},"modified":"2020-07-01T14:51:28","modified_gmt":"2020-07-01T14:51:28","slug":"beerdigung","status":"publish","type":"page","link":"https:\/\/lottenbach-mediationen.ch\/index.php\/sakramente\/beerdigung\/","title":{"rendered":"Beerdigung"},"content":{"rendered":"\n<p>Der Tod ist ein tiefer, endg\u00fcltiger Schnitt. Er kommt langsam und vorbereitet oder v\u00f6llig unerwartet. F\u00fcr Angeh\u00f6rige und Freunde ist es oft schmerzlich, Abschied zu nehmen. Der Tod kann als schwerer Schicksalsschlag empfunden werden, manchmal aber auch als Erl\u00f6sung. Trost und Kraft finden wir in schweren Stunden durch die Anteilnahme von anderen Menschen und durch den \u00f6sterlichen Glauben, dass der Tod nicht das Ende ist, sondern der Durchgang ins ewige Leben, das Gott uns schenken will. In diesem Vertrauen d\u00fcrfen wir unsere Verstorbenen loslassen, in einem Abschiedsgottesdienst Gott anvertrauen und ihr Leben w\u00fcrdigen.<\/p>\n\n\n\n<p>Bei einem Todesfall nehmen Sie bitte immer auch mit der zust\u00e4ndigen Gemeindekanzlei Kontakt auf. Diese legen gemeinsam mit dem Pfarramt den Beerdigungstermin fest. Der zust\u00e4ndige Seelsorger setzt sich danach mit Ihnen in Verbindung, um den Gottesdienst und die Gestaltung zu besprechen.<\/p>\n\n\n\n<p>Die wichtigsten Informationen und Kontakte haben wir Ihnen in einer <span class=\"has-inline-color has-very-dark-gray-color\">Brosch\u00fcre<\/span> zusammengetragen. Sie ist unter <a href=\"https:\/\/lottenbach-mediationen.ch\/wp-content\/uploads\/2020\/06\/Todesfall-Was-ist-zu-tun.pdf\" target=\"_blank\" rel=\"noreferrer noopener\">&#8222;Merkbl\u00e4tter&#8220;<\/a> abrufbar.<\/p>\n\n\n\n\n","protected":false},"excerpt":{"rendered":"<p>Der Tod ist ein tiefer, endg\u00fcltiger Schnitt. Er kommt langsam und vorbereitet oder v\u00f6llig unerwartet. F\u00fcr Angeh\u00f6rige und Freunde ist es oft schmerzlich, Abschied zu nehmen. Der Tod kann als schwerer Schicksalsschlag empfunden werden, manchmal aber auch als Erl\u00f6sung. Trost und Kraft finden wir in schweren Stunden durch die Anteilnahme von anderen Menschen und durch [&hellip;]<\/p>\n","protected":false},"author":1,"featured_media":0,"parent":20,"menu_order":8,"comment_status":"closed","ping_status":"closed","template":"","meta":{"footnotes":""},"class_list":["post-2617","page","type-page","status-publish","hentry"],"_links":{"self":[{"href":"https:\/\/lottenbach-mediationen.ch\/index.php\/wp-json\/wp\/v2\/pages\/2617","targetHints":{"allow":["GET"]}}],"collection":[{"href":"https:\/\/lottenbach-mediationen.ch\/index.php\/wp-json\/wp\/v2\/pages"}],"about":[{"href":"https:\/\/lottenbach-mediationen.ch\/index.php\/wp-json\/wp\/v2\/types\/page"}],"author":[{"embeddable":true,"href":"https:\/\/lottenbach-mediationen.ch\/index.php\/wp-json\/wp\/v2\/users\/1"}],"replies":[{"embeddable":true,"href":"https:\/\/lottenbach-mediationen.ch\/index.php\/wp-json\/wp\/v2\/comments?post=2617"}],"version-history":[{"count":0,"href":"https:\/\/lottenbach-mediationen.ch\/index.php\/wp-json\/wp\/v2\/pages\/2617\/revisions"}],"up":[{"embeddable":true,"href":"https:\/\/lottenbach-mediationen.ch\/index.php\/wp-json\/wp\/v2\/pages\/20"}],"wp:attachment":[{"href":"https:\/\/lottenbach-mediationen.ch\/index.php\/wp-json\/wp\/v2\/media?parent=2617"}],"curies":[{"name":"wp","href":"https:\/\/api.w.org\/{rel}","templated":true}]}}