{"id":2615,"date":"2020-07-01T14:51:00","date_gmt":"2020-07-01T14:51:00","guid":{"rendered":"https:\/\/www.seepfarreien.ch.proculus.sui-inter.net\/?page_id=2615"},"modified":"2020-07-01T14:51:00","modified_gmt":"2020-07-01T14:51:00","slug":"krankensalbung","status":"publish","type":"page","link":"https:\/\/lottenbach-mediationen.ch\/index.php\/sakramente\/krankensalbung\/","title":{"rendered":"Krankensalbung"},"content":{"rendered":"\n<p>Die Feier der Krankensalbung m\u00f6chte Kranken und betagten Menschen Kraft schenken und helfen, Sinn auch im Leiden zu finden. Das ganze Jahr \u00fcber k\u00f6nnen Krankensalbung und Krankenkommunion daheim oder im Alterszentrum empfangen werden. Nicht nur \u00e4ltere Personen k\u00f6nnen sie empfangen. Auch vor schweren Operationen oder bei langandauernder Krankheit kann die Krankensalbung in Anspruch genommen werden.<\/p>\n\n\n\n<p>Der Priester legt dem Kranken still die Hand auf den Kopf und salbt unter Gebet Stirn sowie beide Handfl\u00e4chen mit geweihtem Oliven\u00f6l in Form eines Kreuzzeichens. Auch ein Seelsorger oder eine Seelsorgerin kann ein tr\u00f6stendes Gebet sprechen und Kranke und Angeh\u00f6rige begleiten.<\/p>\n\n\n\n<p>Die meisten Menschen w\u00fcnschen sich, daheim sterben zu d\u00fcrfen. Die Betreuung schwerkranker Menschen in der letzten Lebensphase geht aber oft \u00fcber die Kr\u00e4fte der Angeh\u00f6rigen. Der <a href=\"http:\/\/www.sterbebegleitung-rigi.ch\" target=\"_blank\" rel=\"noreferrer noopener\">Verein zur Begleitung von Schwerkranken und Sterbenden Region Rig<\/a>i bietet hier Unterst\u00fctzung an: Begleitung von schwerkranken und sterbenden Menschen vor allem w\u00e4hrend der Nacht, zu Hause, im Heim und wenn es gew\u00fcnscht wird, auch im Spital.<\/p>\n\n\n\n<p>Das Sakrament der Krankensalbung kann nur ein Priester spenden. W\u00fcnschen Sie die Krankensalbung, so melden Sie sich bitte im <a href=\"mailto:sekretariat@seepfarreien.ch\" target=\"_blank\" rel=\"noreferrer noopener\">Pfarreisekretariat<\/a> (T: 041 392 00 92). Wir sind darum besorgt, dass ein Priester zu Ihnen kommt. Gelegentlich feiern wir das Sakrament der Krankensalbung in einem speziell gestalteten Gottesdienst. Dieser wird rechtzeitig im Pfarreiblatt angek\u00fcndigt.<\/p>\n\n\n\n\n","protected":false},"excerpt":{"rendered":"<p>Die Feier der Krankensalbung m\u00f6chte Kranken und betagten Menschen Kraft schenken und helfen, Sinn auch im Leiden zu finden. Das ganze Jahr \u00fcber k\u00f6nnen Krankensalbung und Krankenkommunion daheim oder im Alterszentrum empfangen werden. Nicht nur \u00e4ltere Personen k\u00f6nnen sie empfangen. Auch vor schweren Operationen oder bei langandauernder Krankheit kann die Krankensalbung in Anspruch genommen werden. [&hellip;]<\/p>\n","protected":false},"author":1,"featured_media":0,"parent":20,"menu_order":7,"comment_status":"closed","ping_status":"closed","template":"","meta":{"footnotes":""},"class_list":["post-2615","page","type-page","status-publish","hentry"],"_links":{"self":[{"href":"https:\/\/lottenbach-mediationen.ch\/index.php\/wp-json\/wp\/v2\/pages\/2615","targetHints":{"allow":["GET"]}}],"collection":[{"href":"https:\/\/lottenbach-mediationen.ch\/index.php\/wp-json\/wp\/v2\/pages"}],"about":[{"href":"https:\/\/lottenbach-mediationen.ch\/index.php\/wp-json\/wp\/v2\/types\/page"}],"author":[{"embeddable":true,"href":"https:\/\/lottenbach-mediationen.ch\/index.php\/wp-json\/wp\/v2\/users\/1"}],"replies":[{"embeddable":true,"href":"https:\/\/lottenbach-mediationen.ch\/index.php\/wp-json\/wp\/v2\/comments?post=2615"}],"version-history":[{"count":0,"href":"https:\/\/lottenbach-mediationen.ch\/index.php\/wp-json\/wp\/v2\/pages\/2615\/revisions"}],"up":[{"embeddable":true,"href":"https:\/\/lottenbach-mediationen.ch\/index.php\/wp-json\/wp\/v2\/pages\/20"}],"wp:attachment":[{"href":"https:\/\/lottenbach-mediationen.ch\/index.php\/wp-json\/wp\/v2\/media?parent=2615"}],"curies":[{"name":"wp","href":"https:\/\/api.w.org\/{rel}","templated":true}]}}