{"id":2613,"date":"2020-07-01T14:50:40","date_gmt":"2020-07-01T14:50:40","guid":{"rendered":"https:\/\/www.seepfarreien.ch.proculus.sui-inter.net\/?page_id=2613"},"modified":"2020-07-01T14:50:40","modified_gmt":"2020-07-01T14:50:40","slug":"priesterweihe","status":"publish","type":"page","link":"https:\/\/lottenbach-mediationen.ch\/index.php\/sakramente\/priesterweihe\/","title":{"rendered":"Priesterweihe"},"content":{"rendered":"\n<p>Durch das Sakrament der Weihe wird f\u00fcr die drei Amtsstufen Diakon, Priester und Bischof die Sendung weitergef\u00fchrt, die Jesus Christus seinen Aposteln anvertraut hat. Durch Gottes Kraft vergegenw\u00e4rtigt die geweihte Person zeichenhaft das Wirken Jesu Christi in der Kirche und in der Welt. Die Geweihten werden auf Christus selbst und in seiner Nachfolge auf die Apostel zur\u00fcckgef\u00fchrt und verk\u00f6rpern den Christusdienst in besonderer Weise.<\/p>\n\n\n\n<p>Auf allen drei Weihestufen wird das Sakrament innerhalb einer Eucharistiefeier traditionell durch die schweigende Handauflegung eines oder mehrerer Amtstr\u00e4ger und durch das Weihegebet gespendet. Neben der Salbung mit Chrisam bei der Bischofs- oder Priesterweihe kommen weitere Symbole hinzu:<\/p>\n\n\n\n<ul class=\"wp-block-list\"><li>beim Diakon das \u00dcberreichen des Evangeliars<\/li><li>beim Priester die \u00dcberreichung von Brot und Wein f\u00fcr die Eucharistiefeier<\/li><li>beim Bischof die \u00dcberreichung des Evangeliars und der Insignien (u.a. Bischofsmitra,-stab und -ring).<\/li><\/ul>\n\n\n\n<p>Die Spendung des Weihesakraments ist dem Bischof vorbehalten.<\/p>\n\n\n\n<p>Zu den vielf\u00e4ltigen kirchlichen Diensten geh\u00f6ren auch pastorale T\u00e4tigkeiten in der Pfarreiseelsorge, im Religionsunterricht und der Bildungsarbeit, in karitativen und sozialen Bereichen wie auch in der kirchlichen Verwaltung.<\/p>\n\n\n\n<p>Das Konzil betont die gemeinsame Sendung des ganzen Volkes Gottes und die Teilhabe aller Christgl\u00e4ubigen, d.h. der Kleriker und Laien, \u201eam priesterlichen, prophetischen und k\u00f6niglichen Amt Christi\u201c (<a href=\"http:\/\/www.vatican.va\/archive\/hist_councils\/ii_vatican_council\/documents\/vat-ii_const_19641121_lumen-gentium_ge.html\">\u201eLumen Gentium\u201c, 28<\/a>). Alle Christ\/-innen sind \u201ekraft dieses gemeinsamen Priestertums bef\u00e4higt zum Glaubenszeugnis, zum Dienst der N\u00e4chstenliebe, zur Feier des Gottesdienstes und zur Mitwirkung am Leitungsdienst\u201c. Alle gl\u00e4ubigen Frauen und M\u00e4nner haben somit gleichberechtigt an der Sendung der Kirche teil.<\/p>\n\n\n\n\n","protected":false},"excerpt":{"rendered":"<p>Durch das Sakrament der Weihe wird f\u00fcr die drei Amtsstufen Diakon, Priester und Bischof die Sendung weitergef\u00fchrt, die Jesus Christus seinen Aposteln anvertraut hat. Durch Gottes Kraft vergegenw\u00e4rtigt die geweihte Person zeichenhaft das Wirken Jesu Christi in der Kirche und in der Welt. Die Geweihten werden auf Christus selbst und in seiner Nachfolge auf die [&hellip;]<\/p>\n","protected":false},"author":1,"featured_media":0,"parent":20,"menu_order":6,"comment_status":"closed","ping_status":"closed","template":"","meta":{"footnotes":""},"class_list":["post-2613","page","type-page","status-publish","hentry"],"_links":{"self":[{"href":"https:\/\/lottenbach-mediationen.ch\/index.php\/wp-json\/wp\/v2\/pages\/2613","targetHints":{"allow":["GET"]}}],"collection":[{"href":"https:\/\/lottenbach-mediationen.ch\/index.php\/wp-json\/wp\/v2\/pages"}],"about":[{"href":"https:\/\/lottenbach-mediationen.ch\/index.php\/wp-json\/wp\/v2\/types\/page"}],"author":[{"embeddable":true,"href":"https:\/\/lottenbach-mediationen.ch\/index.php\/wp-json\/wp\/v2\/users\/1"}],"replies":[{"embeddable":true,"href":"https:\/\/lottenbach-mediationen.ch\/index.php\/wp-json\/wp\/v2\/comments?post=2613"}],"version-history":[{"count":0,"href":"https:\/\/lottenbach-mediationen.ch\/index.php\/wp-json\/wp\/v2\/pages\/2613\/revisions"}],"up":[{"embeddable":true,"href":"https:\/\/lottenbach-mediationen.ch\/index.php\/wp-json\/wp\/v2\/pages\/20"}],"wp:attachment":[{"href":"https:\/\/lottenbach-mediationen.ch\/index.php\/wp-json\/wp\/v2\/media?parent=2613"}],"curies":[{"name":"wp","href":"https:\/\/api.w.org\/{rel}","templated":true}]}}