{"id":2611,"date":"2020-07-01T14:50:17","date_gmt":"2020-07-01T14:50:17","guid":{"rendered":"https:\/\/www.seepfarreien.ch.proculus.sui-inter.net\/?page_id=2611"},"modified":"2020-07-01T14:50:17","modified_gmt":"2020-07-01T14:50:17","slug":"trauung","status":"publish","type":"page","link":"https:\/\/lottenbach-mediationen.ch\/index.php\/sakramente\/trauung\/","title":{"rendered":"Trauung"},"content":{"rendered":"\n<p>Am Anfang steht die Liebe zweier Menschen. Sie lebt von der lebendigen Beziehung der beiden Pers\u00f6nlichkeiten, ihren Tr\u00e4umen, W\u00fcnschen und Hoffnungen, ihren Lebensgeschichten und Zukunftspl\u00e4nen.<\/p>\n\n\n\n<p>Durch die Trauung auf dem Zivilstandsamt erh\u00e4lt die Partnerschaft eine rechtliche Grundlage. Viele Paare haben das Bed\u00fcrfnis, diesen \u00dcbergang in eine neue Lebensphase religi\u00f6s zu gestalten. <\/p>\n\n\n\n<p>Nach katholischem Kirchenrecht spenden sich die Ehepartner das Sakrament selber. Damit aber eine g\u00fcltige Ehe zustande kommt, ist dazu die Assistenz eines Priesters oder Diakons erforderlich. Auf besonderen Wunsch kann auch mit bisch\u00f6flicher Erlaubnis unser Pastoralraumleiter Michael Brauchart bei der Eheschliessung assistieren.<\/p>\n\n\n\n<p>Damit Ihre kirchliche Trauung ein sch\u00f6nes und begl\u00fcckendes Fest werden kann, empfehlen wir Ihnen, sich gen\u00fcgend Zeit f\u00fcr die Vorbereitung zu nehmen. Im Einzelnen sind folgende Schritte hilfreich:<\/p>\n\n\n\n<ul class=\"wp-block-list\"><li>Nehmen Sie sp\u00e4testens sechs Monate vor dem gew\u00fcnschten Trautermin Kontakt auf mit der Pfarrei Ihres Wohnortes oder einem Priester bzw. Diakon, mit dem&nbsp;Sie Ihre Trauung feiern m\u00f6chten.<\/li><li>Gemeinsam legen Sie den Termin und den Ort f\u00fcr die kirchliche Trauung fest. Es empfiehlt sich sehr, diese Absprache <em>vor<\/em> dem Festlegen der \u00fcbrigen Daten vorzunehmen.<\/li><li>Mit dem&nbsp;Seelsorger, mit dem&nbsp;Sie Ihre Trauung feiern, vereinbaren Sie die \u00fcbrigen Vorbereitungsgespr\u00e4che.<\/li><\/ul>\n\n\n\n<p>Wir w\u00fcnschen Ihnen eine begeisternde Zeit der Vorbereitung auf Ihre Trauung und w\u00fcnschen Ihnen f\u00fcr Ihren gemeinsamen Weg alles Gute und Gottes Segen.<\/p>\n\n\n\n<p>Die wichtigsten Fragen und Antworten zur kirchlichen Traung finden Sie unter <a href=\"https:\/\/lottenbach-mediationen.ch\/merkblaetter\/\">&#8222;Merkbl\u00e4tter&#8220;.<\/a><\/p>\n\n\n\n\n","protected":false},"excerpt":{"rendered":"<p>Am Anfang steht die Liebe zweier Menschen. Sie lebt von der lebendigen Beziehung der beiden Pers\u00f6nlichkeiten, ihren Tr\u00e4umen, W\u00fcnschen und Hoffnungen, ihren Lebensgeschichten und Zukunftspl\u00e4nen. Durch die Trauung auf dem Zivilstandsamt erh\u00e4lt die Partnerschaft eine rechtliche Grundlage. Viele Paare haben das Bed\u00fcrfnis, diesen \u00dcbergang in eine neue Lebensphase religi\u00f6s zu gestalten. Nach katholischem Kirchenrecht spenden [&hellip;]<\/p>\n","protected":false},"author":1,"featured_media":0,"parent":20,"menu_order":5,"comment_status":"closed","ping_status":"closed","template":"","meta":{"footnotes":""},"class_list":["post-2611","page","type-page","status-publish","hentry"],"_links":{"self":[{"href":"https:\/\/lottenbach-mediationen.ch\/index.php\/wp-json\/wp\/v2\/pages\/2611","targetHints":{"allow":["GET"]}}],"collection":[{"href":"https:\/\/lottenbach-mediationen.ch\/index.php\/wp-json\/wp\/v2\/pages"}],"about":[{"href":"https:\/\/lottenbach-mediationen.ch\/index.php\/wp-json\/wp\/v2\/types\/page"}],"author":[{"embeddable":true,"href":"https:\/\/lottenbach-mediationen.ch\/index.php\/wp-json\/wp\/v2\/users\/1"}],"replies":[{"embeddable":true,"href":"https:\/\/lottenbach-mediationen.ch\/index.php\/wp-json\/wp\/v2\/comments?post=2611"}],"version-history":[{"count":0,"href":"https:\/\/lottenbach-mediationen.ch\/index.php\/wp-json\/wp\/v2\/pages\/2611\/revisions"}],"up":[{"embeddable":true,"href":"https:\/\/lottenbach-mediationen.ch\/index.php\/wp-json\/wp\/v2\/pages\/20"}],"wp:attachment":[{"href":"https:\/\/lottenbach-mediationen.ch\/index.php\/wp-json\/wp\/v2\/media?parent=2611"}],"curies":[{"name":"wp","href":"https:\/\/api.w.org\/{rel}","templated":true}]}}