{"id":2609,"date":"2020-07-01T14:49:54","date_gmt":"2020-07-01T14:49:54","guid":{"rendered":"https:\/\/www.seepfarreien.ch.proculus.sui-inter.net\/?page_id=2609"},"modified":"2020-07-01T14:49:54","modified_gmt":"2020-07-01T14:49:54","slug":"firmung","status":"publish","type":"page","link":"https:\/\/lottenbach-mediationen.ch\/index.php\/sakramente\/firmung\/","title":{"rendered":"Firmung"},"content":{"rendered":"\n<p>Das Sakrament der Firmung wird innerhalb einer Eucharistiefeier gespendet. Firmspender ist der Di\u00f6zesanbischof oder stellvertretend der Weihbischof oder andere beauftragte Firmspender. Im Firmgottesdienst legt der Bischof den Firmlingen symbolisch die Hand auf und salbt ihre Stirn mit Chrisam\u00f6l. Die Handauflegung ist seit fr\u00fchchristlicher Zeit ein Zeichen f\u00fcr den Empfang des Heiligen Geistes. Die Salbung mit Chrisam ist ein Zeichen der pers\u00f6nlichen St\u00e4rkung durch die Geistkraft Gottes. Die Salbung erinnert zudem an die Taufe und an die Freundschaft mit Jesus Christus.<\/p>\n\n\n\n<p>Jeweils im Sp\u00e4therbst startet f\u00fcr Jugendliche in den Luzerner Seepfarreien ein Firmvorbereitungsweg mit Firmung. Teilnehmen kann, wer getauft ist und im folgenden Firmjahr 18 Jahre alt wird. Eingeladen sind jedoch auch Jugendliche, die ein Jahr j\u00fcnger sind und mit den \u00e4lteren Kolleginnen\/Kollegen die Schule besucht haben. Firmweg und Firmung stehen aber auch allen offen, die bereits \u00e4lter als 17 Jahre und noch nicht gefirmt sind. Vor dem Start werden Jugendliche und ihre Eltern im September zu einem Informationsabend eingeladen.<\/p>\n\n\n\n<p>Uns Menschen stellt sich von je her an wichtigen Lebensstationen die Frage nach dem Sinn des Lebens. Geburt, Eintritt ins Erwachsenenalter, Eheschliessung, Leid, Schuld, Pensionierung, Tod usw. lassen uns fragen, was der Sinn des Lebens ist. Wie jede Religionsgemeinschaft versucht auch unsere Kirche aus dem Glauben heraus Antworten zu finden, und so Orientierungshilfen zu geben, die der Bew\u00e4ltigung des Lebens mit seinen H\u00f6hen und Tiefen dienen. Die jungen Menschen stehen an der Schwelle des Erwachsenwerdens und damit auch an einer wichtigen Lebensstation. In dieser Phase der Neuorientierung m\u00f6chten wir den Jugendlichen die M\u00f6glichkeit geben, sich bewusst mit Lebens- und Glaubensfragen auseinander zu setzen, und im Sakrament der Firmung die liebende, best\u00e4rkende Zusage Gottes \u201eIch bin bei Dir und mit Dir\u201c zu feiern. In der Feier der Firmung kommt zum Ausdruck, dass die jungen Menschen mit dem christlichen Glauben auf dem Weg bleiben wollen. Nach Taufe und Erstkommunion wird mit der Firmung der Aufnahmeritus in unsere Glaubensgemeinschaft abgeschlossen.&nbsp;&nbsp;<\/p>\n\n\n\n<p>Detaillierte Information zum Firmweg mit s\u00e4mtlichen Terminen sind unter <a href=\"https:\/\/lottenbach-mediationen.ch\/dokumente\/\">\u201eDokumente\/Einsatzpl\u00e4ne<\/a>\u201c abrufbar.<\/p>\n\n\n\n\n","protected":false},"excerpt":{"rendered":"<p>Das Sakrament der Firmung wird innerhalb einer Eucharistiefeier gespendet. Firmspender ist der Di\u00f6zesanbischof oder stellvertretend der Weihbischof oder andere beauftragte Firmspender. Im Firmgottesdienst legt der Bischof den Firmlingen symbolisch die Hand auf und salbt ihre Stirn mit Chrisam\u00f6l. Die Handauflegung ist seit fr\u00fchchristlicher Zeit ein Zeichen f\u00fcr den Empfang des Heiligen Geistes. Die Salbung mit [&hellip;]<\/p>\n","protected":false},"author":1,"featured_media":2783,"parent":20,"menu_order":4,"comment_status":"closed","ping_status":"closed","template":"","meta":{"footnotes":""},"class_list":["post-2609","page","type-page","status-publish","has-post-thumbnail","hentry"],"_links":{"self":[{"href":"https:\/\/lottenbach-mediationen.ch\/index.php\/wp-json\/wp\/v2\/pages\/2609","targetHints":{"allow":["GET"]}}],"collection":[{"href":"https:\/\/lottenbach-mediationen.ch\/index.php\/wp-json\/wp\/v2\/pages"}],"about":[{"href":"https:\/\/lottenbach-mediationen.ch\/index.php\/wp-json\/wp\/v2\/types\/page"}],"author":[{"embeddable":true,"href":"https:\/\/lottenbach-mediationen.ch\/index.php\/wp-json\/wp\/v2\/users\/1"}],"replies":[{"embeddable":true,"href":"https:\/\/lottenbach-mediationen.ch\/index.php\/wp-json\/wp\/v2\/comments?post=2609"}],"version-history":[{"count":0,"href":"https:\/\/lottenbach-mediationen.ch\/index.php\/wp-json\/wp\/v2\/pages\/2609\/revisions"}],"up":[{"embeddable":true,"href":"https:\/\/lottenbach-mediationen.ch\/index.php\/wp-json\/wp\/v2\/pages\/20"}],"wp:featuredmedia":[{"embeddable":true,"href":"https:\/\/lottenbach-mediationen.ch\/index.php\/wp-json\/wp\/v2\/media\/2783"}],"wp:attachment":[{"href":"https:\/\/lottenbach-mediationen.ch\/index.php\/wp-json\/wp\/v2\/media?parent=2609"}],"curies":[{"name":"wp","href":"https:\/\/api.w.org\/{rel}","templated":true}]}}