{"id":2603,"date":"2020-07-01T14:48:21","date_gmt":"2020-07-01T14:48:21","guid":{"rendered":"https:\/\/www.seepfarreien.ch.proculus.sui-inter.net\/?page_id=2603"},"modified":"2020-07-01T14:48:21","modified_gmt":"2020-07-01T14:48:21","slug":"taufe","status":"publish","type":"page","link":"https:\/\/lottenbach-mediationen.ch\/index.php\/sakramente\/taufe\/","title":{"rendered":"Taufe"},"content":{"rendered":"\n<p>Die Geburt eines Kindes ist ein Ereignis, das tiefe Gef\u00fchle ausl\u00f6st, wo neues Leben erwacht und Menschen sich freuen. In die Freude mischen sich auch Hoffnungen, vielleicht auch Sorgen: Ist unser Kind gesund? Wie wird es sich entwickeln, wird es gl\u00fccklich werden? Sind wir unserer Verantwortung als Erziehende gewachsen? Ein Kind \u2013 jedes Kind \u2013 bringt Ver\u00e4nderungen in die Lebensgewohnheiten.<\/p>\n\n\n\n<p>In der Taufe st\u00e4rken wir unser Vertrauen in das Leben, das spannend, aber immer auch unberechenbar bleibt. Wir d\u00fcrfen vertrauen, dass Gott uns auf dem Weg begleitet. Mit der Taufe feiern wir die Liebes-Erkl\u00e4rung von Gott zum Menschen: \u00abSch\u00f6n, dass du da bist. Ich habe dich gern. Du bist mein geliebter Sohn\/meine geliebte Tochter\u00bb. Als Getaufte sind wir eingeschrieben in Gottes Hand. Ewiges Leben ist uns verheissen. Wir geh\u00f6ren zum Freundeskreis von Jesus. Mit der Taufe erfolgt der erste Schritt zur Aufnahme in die Glaubensgemeinschaft unserer Kirche. Mit der Erstkommunion und Firmung folgen weitere Schritte.<\/p>\n\n\n\n<p>Die Anmeldung zu einer Taufe sollte sp\u00e4testens vier Wochen vor dem gew\u00fcnschten Tauftermin erfolgen. Unsere Seelsorger werden ca. zwei Wochen vor der Tauffeier mit Ihnen ein Taufgespr\u00e4ch vereinbaren. Das Sakrament der Taufe wird in der Regel <strong>im<\/strong> oder<strong> nach<\/strong> dem <strong>Sonntagsgottesdienst<\/strong> gespendet. Nach Absprache kann auch an Samstagen getauft werden. Die <strong>Taufanmeldung <\/strong>erfolgt \u00fcber das <a href=\"mailto:sekretariat@seepfarreien.ch\" target=\"_blank\" rel=\"noreferrer noopener\">Pfarreisekretariat<\/a> (041 392 00 92).<\/p>\n\n\n\n\n","protected":false},"excerpt":{"rendered":"<p>Die Geburt eines Kindes ist ein Ereignis, das tiefe Gef\u00fchle ausl\u00f6st, wo neues Leben erwacht und Menschen sich freuen. In die Freude mischen sich auch Hoffnungen, vielleicht auch Sorgen: Ist unser Kind gesund? Wie wird es sich entwickeln, wird es gl\u00fccklich werden? Sind wir unserer Verantwortung als Erziehende gewachsen? Ein Kind \u2013 jedes Kind \u2013 [&hellip;]<\/p>\n","protected":false},"author":1,"featured_media":1095,"parent":20,"menu_order":1,"comment_status":"closed","ping_status":"closed","template":"","meta":{"footnotes":""},"class_list":["post-2603","page","type-page","status-publish","has-post-thumbnail","hentry"],"_links":{"self":[{"href":"https:\/\/lottenbach-mediationen.ch\/index.php\/wp-json\/wp\/v2\/pages\/2603","targetHints":{"allow":["GET"]}}],"collection":[{"href":"https:\/\/lottenbach-mediationen.ch\/index.php\/wp-json\/wp\/v2\/pages"}],"about":[{"href":"https:\/\/lottenbach-mediationen.ch\/index.php\/wp-json\/wp\/v2\/types\/page"}],"author":[{"embeddable":true,"href":"https:\/\/lottenbach-mediationen.ch\/index.php\/wp-json\/wp\/v2\/users\/1"}],"replies":[{"embeddable":true,"href":"https:\/\/lottenbach-mediationen.ch\/index.php\/wp-json\/wp\/v2\/comments?post=2603"}],"version-history":[{"count":0,"href":"https:\/\/lottenbach-mediationen.ch\/index.php\/wp-json\/wp\/v2\/pages\/2603\/revisions"}],"up":[{"embeddable":true,"href":"https:\/\/lottenbach-mediationen.ch\/index.php\/wp-json\/wp\/v2\/pages\/20"}],"wp:featuredmedia":[{"embeddable":true,"href":"https:\/\/lottenbach-mediationen.ch\/index.php\/wp-json\/wp\/v2\/media\/1095"}],"wp:attachment":[{"href":"https:\/\/lottenbach-mediationen.ch\/index.php\/wp-json\/wp\/v2\/media?parent=2603"}],"curies":[{"name":"wp","href":"https:\/\/api.w.org\/{rel}","templated":true}]}}