{"id":2542,"date":"2020-06-30T09:08:07","date_gmt":"2020-06-30T09:08:07","guid":{"rendered":"https:\/\/www.seepfarreien.ch.proculus.sui-inter.net\/?page_id=2542"},"modified":"2020-06-30T09:08:07","modified_gmt":"2020-06-30T09:08:07","slug":"krippenspiel-greppen","status":"publish","type":"page","link":"https:\/\/lottenbach-mediationen.ch\/index.php\/vereine-gruppierungen\/krippenspiel-greppen\/","title":{"rendered":"Krippenspiel Greppen"},"content":{"rendered":"\n<p><span class=\"has-inline-color has-very-dark-gray-color\">Traditionsgem\u00e4ss f\u00fchren Schulkinder aus Greppen jeweils am Heiligabend ein <a href=\"https:\/\/lottenbach-mediationen.ch\/vereine-gruppierungen\/krippenspiel-greppen\/\">Krippenspiel<\/a> auf. In ihrer Freizeit \u00fcben sie wochenlang die Texte, Lieder oder Musikst\u00fccke ein. Alle sind mit Elan und Eifer dabei. <\/span><\/p>\n\n\n\n<p><span class=\"has-inline-color has-very-dark-gray-color\">Lassen Sie sich \u00fcberraschen, welche Geschichte erz\u00e4hlt wird<\/span>. In der <a href=\"https:\/\/lottenbach-mediationen.ch\/pfarreiblaetter\/\">Dezember-Ausgabe des Pfarreiblatts<\/a> finden Sie weitere Informationen dazu.<\/p>\n\n\n\n<h4 class=\"wp-block-heading\">Kontakt<\/h4>\n\n\n\n<p><span class=\"has-inline-color has-black-color\">vakant<\/span><\/p>\n\n\n\n<h4 class=\"wp-block-heading\">Krippenspiel Greppen &#8211; Personen gesucht<\/h4>\n\n\n\n<p>Das Krippenspiel erfreut sich jedes Jahr grosser Beliebtheit. Seit 2016 wurde es von Sibylle Fr\u00f6hlich und Luzia Muheim mit grossen Engagement und viel Liebe gestaltet. <\/p>\n\n\n\n<p>Nun suchen wir zwei neue Personen, die bereit sind, mit Kindern in vorweihnachtlicher Freude auf dem Weg zu sein und diese Grepper Tradition weiterleben zu lassen.  Eine M\u00f6glichkeit, die viel gemeinsamen Gestaltungsraum bietet. <\/p>\n\n\n\n<p>F\u00fcr n\u00e4here Informationen k\u00f6nnen Sie sich direkt an Flavio Moresino (E: <a href=\"mailto:flavio.moresino@seepfarreien.ch\">flavio.moresino@seepfarreien.ch<\/a>) wenden.<\/p>\n\n\n\n\n","protected":false},"excerpt":{"rendered":"<p>Traditionsgem\u00e4ss f\u00fchren Schulkinder aus Greppen jeweils am Heiligabend ein Krippenspiel auf. In ihrer Freizeit \u00fcben sie wochenlang die Texte, Lieder oder Musikst\u00fccke ein. Alle sind mit Elan und Eifer dabei. Lassen Sie sich \u00fcberraschen, welche Geschichte erz\u00e4hlt wird. In der Dezember-Ausgabe des Pfarreiblatts finden Sie weitere Informationen dazu. Kontakt vakant Krippenspiel Greppen &#8211; Personen gesucht [&hellip;]<\/p>\n","protected":false},"author":1,"featured_media":2831,"parent":72,"menu_order":8,"comment_status":"closed","ping_status":"closed","template":"","meta":{"footnotes":""},"class_list":["post-2542","page","type-page","status-publish","has-post-thumbnail","hentry"],"_links":{"self":[{"href":"https:\/\/lottenbach-mediationen.ch\/index.php\/wp-json\/wp\/v2\/pages\/2542","targetHints":{"allow":["GET"]}}],"collection":[{"href":"https:\/\/lottenbach-mediationen.ch\/index.php\/wp-json\/wp\/v2\/pages"}],"about":[{"href":"https:\/\/lottenbach-mediationen.ch\/index.php\/wp-json\/wp\/v2\/types\/page"}],"author":[{"embeddable":true,"href":"https:\/\/lottenbach-mediationen.ch\/index.php\/wp-json\/wp\/v2\/users\/1"}],"replies":[{"embeddable":true,"href":"https:\/\/lottenbach-mediationen.ch\/index.php\/wp-json\/wp\/v2\/comments?post=2542"}],"version-history":[{"count":0,"href":"https:\/\/lottenbach-mediationen.ch\/index.php\/wp-json\/wp\/v2\/pages\/2542\/revisions"}],"up":[{"embeddable":true,"href":"https:\/\/lottenbach-mediationen.ch\/index.php\/wp-json\/wp\/v2\/pages\/72"}],"wp:featuredmedia":[{"embeddable":true,"href":"https:\/\/lottenbach-mediationen.ch\/index.php\/wp-json\/wp\/v2\/media\/2831"}],"wp:attachment":[{"href":"https:\/\/lottenbach-mediationen.ch\/index.php\/wp-json\/wp\/v2\/media?parent=2542"}],"curies":[{"name":"wp","href":"https:\/\/api.w.org\/{rel}","templated":true}]}}