{"id":2458,"date":"2020-06-29T07:47:54","date_gmt":"2020-06-29T07:47:54","guid":{"rendered":"https:\/\/www.seepfarreien.ch.proculus.sui-inter.net\/?page_id=2458"},"modified":"2020-06-29T07:47:54","modified_gmt":"2020-06-29T07:47:54","slug":"impressum","status":"publish","type":"page","link":"https:\/\/lottenbach-mediationen.ch\/index.php\/impressum\/","title":{"rendered":"Impressum"},"content":{"rendered":"\n<h2 class=\"wp-block-heading\">Urheberrechte<\/h2>\n\n\n\n<p>Layout, Text und Bilder wurden vom Pastoralraum Luzerner Seepfarreien Greppen \u2013 Weggis \u2013 Vitznau aufbereitet und d\u00fcrfen ohne Einverst\u00e4ndnis des Urhebers nicht kopiert oder verwendet werden.<\/p>\n\n\n\n<h2 class=\"wp-block-heading\">Kontakt<\/h2>\n\n\n\n<p>Sekretariat Luzerner Seepfarreien Greppen \u2013 Weggis \u2013 Vitznau<br>Rigiblickstrasse&nbsp;5, 6353&nbsp;Weggis<br>041&nbsp;392&nbsp;00&nbsp;92 | <a href=\"mailto:sekretariat@seepfarreien.ch\">sekretariat@seepfarreien.ch<\/a><\/p>\n\n\n\n<h2 class=\"wp-block-heading\">Webmaster<\/h2>\n\n\n\n<p>Der Webauftritt wurde von Verena K\u00fcttel Lottenbach konzipiert und mit WordPress realisiert. Programmierung und Aufbereitung des Templates wurde von Caroline Lottenbach ausgef\u00fchrt.<br><br>atelier-k<br>Verena K\u00fcttel Lottenbach<br>Hertensteinstrasse 124, 6353 Weggis<br>041 391 01 41 | <a href=\"mailto:verena.kuettel@atelier-k.ch\" target=\"_blank\" rel=\"noreferrer noopener\">verena.kuettel@atelier-k.ch<\/a><\/p>\n\n\n\n<h2 class=\"wp-block-heading\">Haftungsausschluss<\/h2>\n\n\n\n<p>Die Inhalte und Links in diesem Webauftritt werden laufend gepr\u00fcft. F\u00fcr Sch\u00e4den, die durch das Nutzen des Webauftrittes entstehen k\u00f6nnen, schliesst der Pastoralraum Luzerner Seepfarreien jede Haftung aus. Die Luzerner Seepfarreien behalten sich das Recht vor, am Webauftritt jederzeit\u00a0\u00c4nderungen ohne Vorank\u00fcndigung vorzunehmen.<\/p>\n\n\n\n<h2 class=\"wp-block-heading\">Anwendbares Recht<\/h2>\n\n\n\n<p>Anwendbar ist ausschliesslich Schweizer Recht.<\/p>\n","protected":false},"excerpt":{"rendered":"<p>Urheberrechte Layout, Text und Bilder wurden vom Pastoralraum Luzerner Seepfarreien Greppen \u2013 Weggis \u2013 Vitznau aufbereitet und d\u00fcrfen ohne Einverst\u00e4ndnis des Urhebers nicht kopiert oder verwendet werden. Kontakt Sekretariat Luzerner Seepfarreien Greppen \u2013 Weggis \u2013 VitznauRigiblickstrasse&nbsp;5, 6353&nbsp;Weggis041&nbsp;392&nbsp;00&nbsp;92 | sekretariat@seepfarreien.ch Webmaster Der Webauftritt wurde von Verena K\u00fcttel Lottenbach konzipiert und mit WordPress realisiert. Programmierung und Aufbereitung [&hellip;]<\/p>\n","protected":false},"author":1,"featured_media":0,"parent":0,"menu_order":0,"comment_status":"closed","ping_status":"closed","template":"","meta":{"footnotes":""},"class_list":["post-2458","page","type-page","status-publish","hentry"],"_links":{"self":[{"href":"https:\/\/lottenbach-mediationen.ch\/index.php\/wp-json\/wp\/v2\/pages\/2458","targetHints":{"allow":["GET"]}}],"collection":[{"href":"https:\/\/lottenbach-mediationen.ch\/index.php\/wp-json\/wp\/v2\/pages"}],"about":[{"href":"https:\/\/lottenbach-mediationen.ch\/index.php\/wp-json\/wp\/v2\/types\/page"}],"author":[{"embeddable":true,"href":"https:\/\/lottenbach-mediationen.ch\/index.php\/wp-json\/wp\/v2\/users\/1"}],"replies":[{"embeddable":true,"href":"https:\/\/lottenbach-mediationen.ch\/index.php\/wp-json\/wp\/v2\/comments?post=2458"}],"version-history":[{"count":0,"href":"https:\/\/lottenbach-mediationen.ch\/index.php\/wp-json\/wp\/v2\/pages\/2458\/revisions"}],"wp:attachment":[{"href":"https:\/\/lottenbach-mediationen.ch\/index.php\/wp-json\/wp\/v2\/media?parent=2458"}],"curies":[{"name":"wp","href":"https:\/\/api.w.org\/{rel}","templated":true}]}}