{"id":24,"date":"2020-04-21T15:05:46","date_gmt":"2020-04-21T15:05:46","guid":{"rendered":"https:\/\/www.seepfarreien.ch.proculus.sui-inter.net\/?page_id=24"},"modified":"2020-04-21T15:05:46","modified_gmt":"2020-04-21T15:05:46","slug":"jugendliche","status":"publish","type":"page","link":"https:\/\/lottenbach-mediationen.ch\/index.php\/jugendliche\/","title":{"rendered":"Jugendliche"},"content":{"rendered":"\n<h2 class=\"wp-block-heading\">Kirchliche Jugendarbeit<\/h2>\n\n\n\n<p>Der Kontakt mit Jugendlichen ist uns wichtig. Jugendliche sind eigenst\u00e4ndige Pers\u00f6nlichkeiten und werden als solche wahrgenommen und respektiert. Dies geschieht durch partnerschaftliche Zusammenarbeit. <\/p>\n\n\n\n<p>Die Mitbeteiligung und Mitsprache der Jugendlichen geschieht, wo immer m\u00f6glich. Junge Menschen sind eine innovative Kraft, Teil der Kirche und verdienen als solche unsere Wertsch\u00e4tzung und Anerkennung. <\/p>\n\n\n\n<p>Jugendliche haben ein Anrecht auf Begleitung in jeder Lebenssituation. Wir gestalten die Beziehungen so, dass junge Menschen in ihrer Entwicklung unterst\u00fctzt werden. Auf dem Weg zu Freiheit und Selbstverwirklichung macht kirchliche Jugendarbeit erfahrbar, aus welcher Freiheit Jesus gelebt hat. Seine Botschaft ermutigt zum aufrechten Gang und fordert dazu heraus, Verantwortung f\u00fcr Gerechtigkeit, Frieden und die Bewahrung der Sch\u00f6pfung wahrzunehmen. <\/p>\n\n\n\n<p>Auch junge Menschen haben Lebens- und Glaubensfragen. Wir wollen sie bei der Suche nach Antworten mit unserem Angebot unterst\u00fctzen.<\/p>\n\n\n\n<ul class=\"wp-block-list\"><li>Pers\u00f6nliche Gespr\u00e4che mit <a href=\"https:\/\/lottenbach-mediationen.ch\/team\/\">Seelsorgenden<\/a><\/li><li><a href=\"https:\/\/lottenbach-mediationen.ch\/familien\/\">Sternsingen<\/a><\/li><li><a href=\"https:\/\/lottenbach-mediationen.ch\/vereine-gruppierungen\/\">Oberminis<\/a><\/li><\/ul>\n\n\n\n<p>F\u00fcr die offene kirchliche Jugendarbeit steht Ihnen <a href=\"https:\/\/lottenbach-mediationen.ch\/wp-content\/uploads\/2024\/12\/Join-US-Jugendarbeit.pdf\">Kristina Ziegler<\/a> zur Verf\u00fcgung.<\/p>\n\n\n\n<h4 class=\"wp-block-heading\">Kontakt offene kirchliche Jugendarbeit<\/h4>\n\n\n\n<p>Kristina Ziegler<br>Rigiblickstrasse 5, 6353 Weggis<br>T: 077 209 35 55, E: <a href=\"mailto:kristina.ziegler@seepfarreien.ch\">kristina.ziegler@seepfarreien.ch<\/a><\/p>\n\n\n\n<h2 class=\"wp-block-heading\">Jakobsweg<\/h2>\n\n\n\n<p>Es geht auch ohne Handy, Videospiele und Kopfh\u00f6rer \u2026 mindestens vier Tage lang. Ganz sicher. Und man vermisst sie nicht einmal. Auf dem Jakobsweg ist anderes viel wichtiger: Da gilt es, beim Kochen oder Biwak-Aufstellen anzupacken, da darf beim Wandern die bunte Herbstlandschaft genossen werden, da lernt man sich im Gespr\u00e4ch n\u00e4her kennen und da wird gespielt und gelacht.<\/p>\n\n\n\n<h3 class=\"wp-block-heading\"><strong>Chomm mit!<\/strong><\/h3>\n\n\n\n<p>Die Sch\u00fclerinnen und Sch\u00fcler der Seepfarreien haben in der sechsten Klasse keinen Religionsunterricht. Wir m\u00f6chten ihnen deshalb die Jakobsweg-Erfahrung erm\u00f6glichen. Was genau dahinter steckt, k\u00f6nnen sie und ihre Eltern am Infoabend erfahren. Das Leitungsteam freut sich, gemeinsam mit einer Gruppe junger Leute vier Tage lang auf dem Weg zu sein.<\/p>\n\n\n\n<p>Detaillierte Information zum Jakobsweg mit s\u00e4mtlichen Terminen sind unter <a href=\"https:\/\/lottenbach-mediationen.ch\/dokumente\/\">\u201eDokumente\/Einsatzpl\u00e4ne<\/a>\u201c abrufbar.<\/p>\n\n\n\n<h4 class=\"wp-block-heading\">Kontakt<\/h4>\n\n\n\n<p>Flavio Moresino, Pfarreiseelsorger<br>Seestrasse 3, 6404 Greppen<br>T: 041 390 32 01, E: <a rel=\"noreferrer noopener\" href=\"mailto:flavio.moresino@seepfarreien.ch\" target=\"_blank\">flavio.moresino@seepfarreien.ch<\/a><\/p>\n\n\n\n<h2 class=\"wp-block-heading\">Firmweg 17+<\/h2>\n\n\n\n<p>Jeweils im Sp\u00e4therbst startet f\u00fcr Jugendliche in den Luzerner Seepfarreien ein Firmvorbereitungsweg mit Firmung. Teilnehmen kann, wer getauft ist und im folgenden Firmjahr 18 Jahre alt wird. Eingeladen sind jedoch auch Jugendliche, die ein Jahr j\u00fcnger sind und mit den \u00e4lteren Kolleginnen\/Kollegen die Schule besucht haben. Firmweg und Firmung stehen aber auch allen offen, die bereits \u00e4lter als 17 Jahre und noch nicht gefirmt sind. Vor dem Start werden Jugendliche und ihre Eltern im September zu einem Informationsabend eingeladen.<\/p>\n\n\n\n<p>Uns Menschen stellt sich von je her an wichtigen Lebensstationen die Frage nach dem Sinn des Lebens. Geburt, Eintritt ins Erwachsenenalter, Eheschliessung, Leid, Schuld, Pensionierung, Tod usw. lassen uns fragen, was der Sinn des Lebens ist. <\/p>\n\n\n\n<p>Wie jede Religionsgemeinschaft versucht auch unsere Kirche aus dem Glauben heraus Antworten zu finden, und so Orientierungshilfen zu geben, die der Bew\u00e4ltigung des Lebens mit seinen H\u00f6hen und Tiefen dienen. Die jungen Menschen stehen an der Schwelle des Erwachsenwerdens und damit auch an einer wichtigen Lebensstation. In dieser Phase der Neuorientierung m\u00f6chten wir den Jugendlichen die M\u00f6glichkeit geben, sich bewusst mit Lebens- und Glaubensfragen auseinander zu setzen, und im Sakrament der Firmung die liebende, best\u00e4rkende Zusage Gottes \u201eIch bin bei Dir und mit Dir\u201c zu feiern. <\/p>\n\n\n\n<p>In der Feier der Firmung kommt zum Ausdruck, dass die jungen Menschen mit dem christlichen Glauben auf dem Weg bleiben wollen. Nach Taufe und Erstkommunion wird mit der Firmung der Aufnahmeritus in unsere Glaubensgemeinschaft abgeschlossen.&nbsp;&nbsp;<\/p>\n\n\n\n<p>Detaillierte Information zum Firmweg mit s\u00e4mtlichen Terminen sind unter <a href=\"https:\/\/lottenbach-mediationen.ch\/dokumente\/\">\u201eDokumente\/Einsatzpl\u00e4ne<\/a>\u201c abrufbar.<\/p>\n\n\n\n<h4 class=\"wp-block-heading\">Kontakt<\/h4>\n\n\n\n<p>Flavio Moresino, Pfarreiseelsorger<br>Seestrasse 3, 6404 Greppen<br>T: 041 390 32 01, E: <a rel=\"noreferrer noopener\" href=\"mailto:flavio.moresino@seepfarreien.ch\" target=\"_blank\">flavio.moresino@seepfarreien.ch<\/a><\/p>\n\n\n\n<h2 class=\"wp-block-heading\">JuSee &#8211; offene<span class=\"has-inline-color has-very-dark-gray-color\">\/mobile<\/span> Jugendarbeit<\/h2>\n\n\n\n<p>Die&nbsp;<a rel=\"noreferrer noopener\" href=\"http:\/\/www.jusee.ch\/\" target=\"_blank\">JuSee<\/a>&nbsp;(Jugendarbeit der drei Seegemeinden) ist aus der kirchlichen Jugendarbeit herausgewachsen und setzt sich aktiv f\u00fcr die Anliegen der Jugendlichen in den Seegemeinden Greppen, Vitznau und Weggis ein. Die Arbeit der JuSee ist religi\u00f6s und konfessionell neutral. Sie wird von der reformierten und katholischen Kirche finanziell mitgetragen. Die JuSee hat ihr B\u00fcro und ihren Jugendtreff in den R\u00e4umen im Pfarreizentrum Weggis.&nbsp;<\/p>\n\n\n\n<p>Die Jugendarbeitenden begleiten Treffs, organisieren mit Jugendlichen Projekte und veranstalten Events. Sie sind im Rahmen der mobilen Jugendarbeit in Kontakt mit den Jugendlichen auf \u00f6ffentlichen Pl\u00e4tzen und nehmen dort deren Anliegen und Bed\u00fcrfnisse auf. Die Jugendarbeitenden der JuSee bieten w\u00e4hrend den B\u00fcrozeiten oder auf Anfrage Beratungsgespr\u00e4che f\u00fcr Jugendliche an und delegieren bei Bedarf an die zust\u00e4ndigen Fachstellen.<\/p>\n\n\n\n<p><br><\/p>\n","protected":false},"excerpt":{"rendered":"<p>Kirchliche Jugendarbeit Der Kontakt mit Jugendlichen ist uns wichtig. Jugendliche sind eigenst\u00e4ndige Pers\u00f6nlichkeiten und werden als solche wahrgenommen und respektiert. Dies geschieht durch partnerschaftliche Zusammenarbeit. Die Mitbeteiligung und Mitsprache der Jugendlichen geschieht, wo immer m\u00f6glich. Junge Menschen sind eine innovative Kraft, Teil der Kirche und verdienen als solche unsere Wertsch\u00e4tzung und Anerkennung. Jugendliche haben ein [&hellip;]<\/p>\n","protected":false},"author":1,"featured_media":0,"parent":0,"menu_order":4,"comment_status":"closed","ping_status":"closed","template":"","meta":{"footnotes":""},"class_list":["post-24","page","type-page","status-publish","hentry"],"_links":{"self":[{"href":"https:\/\/lottenbach-mediationen.ch\/index.php\/wp-json\/wp\/v2\/pages\/24","targetHints":{"allow":["GET"]}}],"collection":[{"href":"https:\/\/lottenbach-mediationen.ch\/index.php\/wp-json\/wp\/v2\/pages"}],"about":[{"href":"https:\/\/lottenbach-mediationen.ch\/index.php\/wp-json\/wp\/v2\/types\/page"}],"author":[{"embeddable":true,"href":"https:\/\/lottenbach-mediationen.ch\/index.php\/wp-json\/wp\/v2\/users\/1"}],"replies":[{"embeddable":true,"href":"https:\/\/lottenbach-mediationen.ch\/index.php\/wp-json\/wp\/v2\/comments?post=24"}],"version-history":[{"count":0,"href":"https:\/\/lottenbach-mediationen.ch\/index.php\/wp-json\/wp\/v2\/pages\/24\/revisions"}],"wp:attachment":[{"href":"https:\/\/lottenbach-mediationen.ch\/index.php\/wp-json\/wp\/v2\/media?parent=24"}],"curies":[{"name":"wp","href":"https:\/\/api.w.org\/{rel}","templated":true}]}}