{"id":22,"date":"2020-04-21T14:57:40","date_gmt":"2020-04-21T14:57:40","guid":{"rendered":"https:\/\/www.seepfarreien.ch.proculus.sui-inter.net\/?page_id=22"},"modified":"2020-04-21T14:57:40","modified_gmt":"2020-04-21T14:57:40","slug":"familien","status":"publish","type":"page","link":"https:\/\/lottenbach-mediationen.ch\/index.php\/familien\/","title":{"rendered":"Kinder und Familien"},"content":{"rendered":"\n<p>Die Luzerner Seepfarreien bem\u00fchen sich, ein familienfreundlicher Pastoralraum zu sein. Bei uns ist Gross und Klein, Alt und Jung willkommen.<\/p>\n\n\n\n<p>Auch dank tatkr\u00e4ftiger Unterst\u00fctzung von Freiwilligen finden Kinder und Familien ein breites Angebot, um Kontakte in der Glaubensgemeinschaft zu kn\u00fcpfen und best\u00e4rkende Glaubens- und Kirchen-Erfahrungen zu machen. Wir freuen uns, wenn Sie sich daf\u00fcr Zeit nehmen. Damit Kinder unseren vielf\u00e4ltigen Glaubensschatz mit den Festen und Br\u00e4uchen kennen lernen k\u00f6nnen, sind sie auf die Unterst\u00fctzung und das Beispiel der Eltern angewiesen. Gerne helfen wir dabei mit unserem Angebot. &nbsp;<\/p>\n\n\n\n<p>Die Daten sind im Pfarreiblatt ver\u00f6ffentlicht und im Veranstaltungskalender aufgef\u00fchrt. Oft werden auch Flyer mit allen wichtigen Informationen herausgegeben. Diese sind in den Schriftenst\u00e4nden der Kirchen aufgelegt und unter &#8222;<a href=\"https:\/\/lottenbach-mediationen.ch\/dokumente\/\">Dokumente\/Einsatzpl\u00e4ne<\/a>&#8220; abrufbar.<\/p>\n\n\n\n<h2 class=\"wp-block-heading\">Kinder- und Jugendchor der Seegemeinden<\/h2>\n\n\n\n<p>Seit dem Schuljahr 2023\/24 steht den Kindern der Seegemeinden ab der zweiten Primarklasse die M\u00f6glichkeit offen, kostenlos im neuen <a href=\"https:\/\/lottenbach-mediationen.ch\/vereine-gruppierungen\/kinder-und-jugendchor-seegemeinden\/\">Kinder- und Jugendchor <\/a>mitzuwirken. Die Luzerner Seepfarreien und die Musikschule der Seegemeinden haben entschieden, die vorhandenen Ressourcen zu nutzen und die beiden Ch\u00f6re in Zusammenarbeit anzubieten.<\/p>\n\n\n\n<p>Die Kinder und Jugendlichen von Greppen, Weggis und Vitznau treffen sich einmal w\u00f6chentlich zur Probe im Singsaal des Grossmattschulhauses (16.10 &#8211; 17.00, Kinderchor, 17.10 &#8211; 18.10 Jugendchor).<\/p>\n\n\n\n<p>Die beiden Ch\u00f6re werden Gelegenheit haben, an verschiedenen Feierlichkeiten, Konzerten der Musikschule und in den Kirchen der Seegemeinden aufzutreten.<\/p>\n\n\n\n<h4 class=\"wp-block-heading\">Kontakt<\/h4>\n\n\n\n<p><span class=\"has-inline-color has-vivid-cyan-blue-color\">Leitung und Informationen:<\/span><br>Dorothea Frisch Egli, E: <a href=\"mailto:dorothea.frisch@musikschule-seegemeinden.ch\">dorothea.frisch@musikschule-seegemeinden.ch<\/a><\/p>\n\n\n\n<p><span class=\"has-inline-color has-vivid-cyan-blue-color\">Anmeldung per Mail an:<\/span><br><a href=\"mailto:sekretariat@musikschule-seegemeinden.ch\">sekretariat@musikschule-seegemeinden.ch<\/a><\/p>\n\n\n\n<h2 class=\"wp-block-heading\">Chinderfiir Vitznau<\/h2>\n\n\n\n<p>Die <a href=\"https:\/\/lottenbach-mediationen.ch\/vereine-gruppierungen\/chinderfiirteam\/\">Gruppe<\/a> bereitet pro Monat selbst\u00e4ndig eine Feier im \u00f6kumenischen Geist f\u00fcr alle Kinder der Luzerner Seegemeinden vor. Die Kinder h\u00f6ren eine biblische Geschichte, singen und basteln zusammen.<\/p>\n\n\n\n<p>Lasst euch \u00fcberraschen, welche Geschichte und Bastelarbeit f\u00fcr euch vorbereitet wurde. <\/p>\n\n\n\n<h4 class=\"wp-block-heading\">Kontakt<\/h4>\n\n\n\n<p>Helena Zimmermann, Hinterbergen 5, 6354 Vitznau<br>T: 078 832 11 98   E:<a href=\"mailto: zim.paul@bluewin.ch\"> zim.paul@bluewin.ch<\/a><\/p>\n\n\n\n<h2 class=\"wp-block-heading\">Familiengottesdienste<\/h2>\n\n\n\n<p>In regelm\u00e4ssigen Abst\u00e4nden bereiten Barbara Isele und Petra K\u00fcttel zusammen mit unseren Seelsorgern Familiengottesdienste vor. Sie sind bewusst generationen\u00fcbergreifend und generationenverbindend gestaltet! Jede und jeder darf sich wohl und daheim f\u00fchlen. <\/p>\n\n\n\n<figure class=\"wp-block-image size-large\"><img loading=\"lazy\" decoding=\"async\" width=\"400\" height=\"280\" src=\"https:\/\/lottenbach-mediationen.ch\/wp-content\/uploads\/2020\/06\/Kinder-und-Familien.jpg\" alt=\"\" class=\"wp-image-1463\" srcset=\"https:\/\/lottenbach-mediationen.ch\/wp-content\/uploads\/2020\/06\/Kinder-und-Familien.jpg 400w, https:\/\/lottenbach-mediationen.ch\/wp-content\/uploads\/2020\/06\/Kinder-und-Familien-300x210.jpg 300w\" sizes=\"auto, (max-width: 400px) 100vw, 400px\" \/><figcaption>Symbolbild Familiengottesdienste<\/figcaption><\/figure>\n\n\n\n<p>In der Pfarrkirche Weggis gibt es eine Kinder-Ecke, in Greppen und Vitznau einen speziellen B\u00fccherkorb. Das Angebot soll eine ermutigende Hilfe sein, damit Eltern die Kinder auch in einen normalen Gottesdienst mitnehmen k\u00f6nnen. &nbsp;<\/p>\n\n\n\n<h4 class=\"wp-block-heading\">Kontakt<\/h4>\n\n\n\n<p>Barbara Isele, Rigiblickstrasse 5, 6353 Weggis<br>T: 079 664 40 07, E: <a rel=\"noreferrer noopener\" href=\"mailto:barbara.isele@seepfarreien.ch\" target=\"_blank\">barbara.isele@seepfarreien.ch<\/a><\/p>\n\n\n\n<p>Petra K\u00fcttel, Rigiblickstrasse 5, 6353 Weggis<br>T: 079 622 95 69, E: <a rel=\"noreferrer noopener\" href=\"mailto:petra.kuettel@seepfarreien.ch\" target=\"_blank\">petra.kuettel@seepfarreien.ch<\/a><\/p>\n\n\n\n<h2 class=\"wp-block-heading\">KiGo Greppen<\/h2>\n\n\n\n<p>Eine \u00f6kumenische <a href=\"https:\/\/lottenbach-mediationen.ch\/vereine-gruppierungen\/kigo-team\/\">Gruppe<\/a> von M\u00fcttern und V\u00e4tern bereitet im Schnitt 4 Gottesdienste pro Jahr selbst\u00e4ndig f\u00fcr Kinder und ihre Familien bis zur 3. Klasse vor. Gerne d\u00fcrfen Eltern mit christlichem Hintergrund mitmachen.<\/p>\n\n\n\n<p><span class=\"has-inline-color has-vivid-red-color\">Dieses Angebot ist momentan sistiert<\/span>. Weitere Angaben finden Sie <a href=\"https:\/\/lottenbach-mediationen.ch\/vereine-gruppierungen\/kigo-team\/\">hier.<\/a><\/p>\n\n\n\n<h4 class=\"wp-block-heading\">Kontakt<\/h4>\n\n\n\n<p>Flavio Moresino, Pfarreiseelsorger<br>Seestrasse 12, 6404 Greppen<br>T: 041 390 32 01, E: <a rel=\"noreferrer noopener\" href=\"mailto:flavio.moresino@seepfarreien.ch\" target=\"_blank\">flavio.moresino@seepfarreien.ch<\/a><\/p>\n\n\n\n<h2 class=\"wp-block-heading\">Krippenfeier<\/h2>\n\n\n\n<p><span class=\"has-inline-color has-very-dark-gray-color\">Traditionsgem\u00e4ss f\u00fchren Schulkinder aus Greppen jeweils am Heiligabend eine <a href=\"https:\/\/lottenbach-mediationen.ch\/vereine-gruppierungen\/krippenspiel-greppen\/\">Krippenspiel<\/a> auf. Unter der Leitung von Luzia Renggli und Flavio Moresino \u00fcben sie in ihrer Freizeit wochenlang die Texte, Lieder oder Musikst\u00fccke ein. Alle sind mit Elan und Eifer dabei. <\/span><\/p>\n\n\n\n<p><span class=\"has-inline-color has-very-dark-gray-color\">Lassen Sie sich \u00fcberraschen, welche Geschichte erz\u00e4hlt wird<\/span>. In der <a href=\"https:\/\/lottenbach-mediationen.ch\/pfarreiblaetter\/\">Dezember-Ausgabe des Pfarreiblatts<\/a> finden Sie weitere Informationen dazu.<\/p>\n\n\n\n<h4 class=\"wp-block-heading\">Kontakt<\/h4>\n\n\n\n<p>Flavio Moresino, Pfarreiseelsorger<br>Seestrasse 12, 6404 Greppen<br>T: 041 390 32 01, E: <a rel=\"noreferrer noopener\" href=\"mailto:flavio.moresino@seepfarreien.ch\" target=\"_blank\">flavio.moresino@seepfarreien.ch<\/a><\/p>\n\n\n\n<h2 class=\"wp-block-heading\">Sternsingen<\/h2>\n\n\n\n<figure class=\"wp-block-image size-large\"><img loading=\"lazy\" decoding=\"async\" width=\"400\" height=\"280\" src=\"https:\/\/lottenbach-mediationen.ch\/wp-content\/uploads\/2020\/09\/Sternsingen-allgemein.jpg\" alt=\"\" class=\"wp-image-3386\" srcset=\"https:\/\/lottenbach-mediationen.ch\/wp-content\/uploads\/2020\/09\/Sternsingen-allgemein.jpg 400w, https:\/\/lottenbach-mediationen.ch\/wp-content\/uploads\/2020\/09\/Sternsingen-allgemein-300x210.jpg 300w\" sizes=\"auto, (max-width: 400px) 100vw, 400px\" \/><figcaption>Neues Logo Missio Sternsingen <\/figcaption><\/figure>\n\n\n\n<p>Das Sternsingen hat in den Seepfarreien eine lange Tradition. Hier  (<a href=\"https:\/\/lottenbach-mediationen.ch\/vereine-gruppierungen\/sternsinger-greppen\/\">Greppen<\/a>, <a href=\"https:\/\/lottenbach-mediationen.ch\/vereine-gruppierungen\/sternsinger-weggis-rigikaltbad\/\">Weggis\/Rigi<\/a>, <a href=\"https:\/\/lottenbach-mediationen.ch\/vereine-gruppierungen\/sternsinger-vitznau\/\">Vitznau<\/a>) finden Sie weiterf\u00fchrende Informationen dazu.<\/p>\n\n\n\n<h2 class=\"wp-block-heading\">Wellingtonia-Feier<\/h2>\n\n\n\n<p>Die Wellingtonia-Feier findet im Chorraum einer Pfarrkirche statt. Gemeinsam singen, beten und eine kurze Geschichte h\u00f6ren und erleben geh\u00f6rt zu jeder Feier. <\/p>\n\n\n\n<p>Sie soll vor allem Familien mit kleinen Kindern ansprechen, diese st\u00e4rken und ein Gemeinschaftserlebnis schaffen. Die Feier dauert ca. 30 Minuten. <\/p>\n\n\n\n<p>Willkommen sind alle Interessierten.<\/p>\n\n\n\n<figure class=\"wp-block-image size-large\"><img loading=\"lazy\" decoding=\"async\" width=\"400\" height=\"280\" src=\"https:\/\/lottenbach-mediationen.ch\/wp-content\/uploads\/2020\/06\/Wellingtonia-Feierpng.jpg\" alt=\"Wellingtonia-Feier\" class=\"wp-image-1646\" srcset=\"https:\/\/lottenbach-mediationen.ch\/wp-content\/uploads\/2020\/06\/Wellingtonia-Feierpng.jpg 400w, https:\/\/lottenbach-mediationen.ch\/wp-content\/uploads\/2020\/06\/Wellingtonia-Feierpng-300x210.jpg 300w\" sizes=\"auto, (max-width: 400px) 100vw, 400px\" \/><\/figure>\n\n\n\n<h4 class=\"wp-block-heading\">Kontakt<\/h4>\n\n\n\n<p>Myriam Brauchart, Rigiblickstrasse 5, 6353 Weggis<br>T: 079 723 17 90, E: <a href=\"mailto:myriam.brauchart@seepfarreien.ch\" target=\"_blank\" rel=\"noreferrer noopener\">myriam.brauchart@seepfarreien.ch<\/a><\/p>\n\n\n\n<h2 class=\"wp-block-heading\">Wellingtonia-Treff<\/h2>\n\n\n\n<p>Der Eltern-Kind-Treff ist ein beliebter Anlass, um mit kleinen Kindern Gemeinschaft zu erleben und eine wohltuende Unterbrechung im Familien-Alltag. Rituale, Lieder, Gebete, eine Geschichte und eine passende Bastelarbeit geh\u00f6ren zu jedem Treff. Auch die gemeinsame Pause, dass Essen des mitgebrachten Zn\u00fcnis und die M\u00f6glichkeit zum Austausch sind wichtige Bestandteile.<\/p>\n\n\n\n<p>Die Treffen finden in der Regel an jedem zweiten Montagvormittag von 09.00 &#8211; 11.00 Uhr (ausser w\u00e4hrend der Schulferien) im Saal des Pfarreizentrums in Weggis statt. <\/p>\n\n\n\n<h4 class=\"wp-block-heading\">Kontakt<\/h4>\n\n\n\n<p>Myriam Brauchart, Rigiblickstrasse 5, 6353 Weggis<br>T: 079 723 17 90, E: <a href=\"mailto:myriam.brauchart@seepfarreien.ch\" target=\"_blank\" rel=\"noreferrer noopener\">myriam.brauchart@seepfarreien.ch<\/a><\/p>\n","protected":false},"excerpt":{"rendered":"<p>Die Luzerner Seepfarreien bem\u00fchen sich, ein familienfreundlicher Pastoralraum zu sein. Bei uns ist Gross und Klein, Alt und Jung willkommen. Auch dank tatkr\u00e4ftiger Unterst\u00fctzung von Freiwilligen finden Kinder und Familien ein breites Angebot, um Kontakte in der Glaubensgemeinschaft zu kn\u00fcpfen und best\u00e4rkende Glaubens- und Kirchen-Erfahrungen zu machen. Wir freuen uns, wenn Sie sich daf\u00fcr Zeit [&hellip;]<\/p>\n","protected":false},"author":1,"featured_media":1466,"parent":0,"menu_order":3,"comment_status":"closed","ping_status":"closed","template":"","meta":{"footnotes":""},"class_list":["post-22","page","type-page","status-publish","has-post-thumbnail","hentry"],"_links":{"self":[{"href":"https:\/\/lottenbach-mediationen.ch\/index.php\/wp-json\/wp\/v2\/pages\/22","targetHints":{"allow":["GET"]}}],"collection":[{"href":"https:\/\/lottenbach-mediationen.ch\/index.php\/wp-json\/wp\/v2\/pages"}],"about":[{"href":"https:\/\/lottenbach-mediationen.ch\/index.php\/wp-json\/wp\/v2\/types\/page"}],"author":[{"embeddable":true,"href":"https:\/\/lottenbach-mediationen.ch\/index.php\/wp-json\/wp\/v2\/users\/1"}],"replies":[{"embeddable":true,"href":"https:\/\/lottenbach-mediationen.ch\/index.php\/wp-json\/wp\/v2\/comments?post=22"}],"version-history":[{"count":0,"href":"https:\/\/lottenbach-mediationen.ch\/index.php\/wp-json\/wp\/v2\/pages\/22\/revisions"}],"wp:featuredmedia":[{"embeddable":true,"href":"https:\/\/lottenbach-mediationen.ch\/index.php\/wp-json\/wp\/v2\/media\/1466"}],"wp:attachment":[{"href":"https:\/\/lottenbach-mediationen.ch\/index.php\/wp-json\/wp\/v2\/media?parent=22"}],"curies":[{"name":"wp","href":"https:\/\/api.w.org\/{rel}","templated":true}]}}