{"id":2149,"date":"2020-06-18T20:45:45","date_gmt":"2020-06-18T20:45:45","guid":{"rendered":"https:\/\/www.seepfarreien.ch.proculus.sui-inter.net\/?page_id=2149"},"modified":"2020-06-18T20:45:45","modified_gmt":"2020-06-18T20:45:45","slug":"newsletter-abonnieren","status":"publish","type":"page","link":"https:\/\/lottenbach-mediationen.ch\/index.php\/newsletter-abonnieren\/","title":{"rendered":"Newsletter abonnieren"},"content":{"rendered":"\n<p>Als Seelsorgende und Kirche m\u00f6chten wir den Menschen nahe sein, sie begleiten. Daf\u00fcr n\u00fctzen wir auch moderne Kommunikationswege wie die Whatsapp-Gruppe \u00abOsterhoffnung\u00bb, Facebook oder eben den Newsletter. Das hat gegen\u00fcber dem Pfarreiblatt den Vorteil, dass wir einfach, aktuell und schnell informieren k\u00f6nnen. <\/p>\n\n\n\n<p>Wir freuen uns, wenn Sie den Newsletter abonnieren und auf diese Art mit den Luzerner Seepfarreien verbunden bleiben. Wir m\u00f6chten den Newsletter sinnvoll einsetzen und unsere Abonnentinnen und Abonnenten nicht mit Informationen \u00fcberfluten. Eine K\u00fcndigung ist jederzeit m\u00f6glich. <\/p>\n\n\n\n<p>Herzlichen Dank f\u00fcr Ihr Vertrauen.<\/p>\n\n\n\n<p>[mailjet_subscribe widget_id=&#8220;2&#8243;]<\/p>\n","protected":false},"excerpt":{"rendered":"<p>Als Seelsorgende und Kirche m\u00f6chten wir den Menschen nahe sein, sie begleiten. Daf\u00fcr n\u00fctzen wir auch moderne Kommunikationswege wie die Whatsapp-Gruppe \u00abOsterhoffnung\u00bb, Facebook oder eben den Newsletter. Das hat gegen\u00fcber dem Pfarreiblatt den Vorteil, dass wir einfach, aktuell und schnell informieren k\u00f6nnen. Wir freuen uns, wenn Sie den Newsletter abonnieren und auf diese Art mit [&hellip;]<\/p>\n","protected":false},"author":1,"featured_media":0,"parent":0,"menu_order":0,"comment_status":"closed","ping_status":"closed","template":"","meta":{"footnotes":""},"class_list":["post-2149","page","type-page","status-publish","hentry"],"_links":{"self":[{"href":"https:\/\/lottenbach-mediationen.ch\/index.php\/wp-json\/wp\/v2\/pages\/2149","targetHints":{"allow":["GET"]}}],"collection":[{"href":"https:\/\/lottenbach-mediationen.ch\/index.php\/wp-json\/wp\/v2\/pages"}],"about":[{"href":"https:\/\/lottenbach-mediationen.ch\/index.php\/wp-json\/wp\/v2\/types\/page"}],"author":[{"embeddable":true,"href":"https:\/\/lottenbach-mediationen.ch\/index.php\/wp-json\/wp\/v2\/users\/1"}],"replies":[{"embeddable":true,"href":"https:\/\/lottenbach-mediationen.ch\/index.php\/wp-json\/wp\/v2\/comments?post=2149"}],"version-history":[{"count":0,"href":"https:\/\/lottenbach-mediationen.ch\/index.php\/wp-json\/wp\/v2\/pages\/2149\/revisions"}],"wp:attachment":[{"href":"https:\/\/lottenbach-mediationen.ch\/index.php\/wp-json\/wp\/v2\/media?parent=2149"}],"curies":[{"name":"wp","href":"https:\/\/api.w.org\/{rel}","templated":true}]}}