{"id":20,"date":"2020-04-21T14:49:56","date_gmt":"2020-04-21T14:49:56","guid":{"rendered":"https:\/\/www.seepfarreien.ch.proculus.sui-inter.net\/?page_id=20"},"modified":"2020-04-21T14:49:56","modified_gmt":"2020-04-21T14:49:56","slug":"sakramente","status":"publish","type":"page","link":"https:\/\/lottenbach-mediationen.ch\/index.php\/sakramente\/","title":{"rendered":"Feiern und Sakramente"},"content":{"rendered":"\n<p>Auf unserem Weg erfahren wir Freud und Leid. Es gibt wichtige und pr\u00e4gende Ereignisse, sowie besondere Wendepunkte oder \u00dcberg\u00e4nge im Leben. Sie stehen im Zusammenhang mit Themen wie Geburt, Krankheit, Aufnahme in die Glaubensgemeinschaft, Angst, Schuld und Vers\u00f6hnung, Erwachsenwerden, Lebensform (Freundschaft\/Partnerschaft\/Ehe\/Priesterweihe), \u00c4lterwerden. Auch das endliche Leben besch\u00e4ftigt uns. Sterben und Tod geh\u00f6ren dazu. Unser ganzes Leben d\u00fcrfen wir im Glauben vor Gott zur Sprache bringen. Wir haben Grund zum Feiern, Danken, Loben, Bitten und Klagen.<\/p>\n\n\n\n<p>Unsere Kirche kennt 7 besondere Glaubensfeiern. Sie werden \u00abSakramente\u00bb genannt. Im Feiern der Sakramente kann der Mensch in besonderen Momenten des Lebens Gottes liebevolle, best\u00e4rkende Zuwendung erfahren. Gerne begleiten wir Sie dabei. &nbsp;<\/p>\n\n\n\n<p>Dokumente und Hinweise zu den Sakramenten sind unter <span class=\"has-inline-color has-very-dark-gray-color\"><a href=\"https:\/\/lottenbach-mediationen.ch\/merkblaetter\/\">&#8222;Merkbl\u00e4tter&#8220;<\/a><\/span> zu finden!<\/p>\n\n\n\n<h2 class=\"wp-block-heading\">Leben mit den Sakramenten<\/h2>\n\n\n\n<p>Sieben Tage hat die Woche.<br>Sieben Noten bilden die Tonleiter.<br>Sieben Farben schm\u00fccken den Regenbogen.<\/p>\n\n\n\n<p>Gottes Geist schenkt sieben Gaben.<br>Gott beauftragt zu sieben Werken der N\u00e4chstenliebe.<br>Gott begegnet uns in sieben Sakramenten.<\/p>\n\n\n\n<p>Sakramente wollen zusammenf\u00fchren:<br>die Glaubenden untereinander,<br>die Glaubenden und Gott.<\/p>\n\n\n\n<p>Sakramente sind heilige Zeichen:<br>Sie ersetzen nicht den Glauben an Gott,<br>sie wollen uns beim Glauben helfen.<\/p>\n\n\n\n<p>Sakramente begleiten uns in sieben Lebensaltern:<br>als S\u00e4uglinge, Schulkinder, Jugendliche, Heranwachsende,<br>als Erwachsene, alte Menschen und Greise.<\/p>\n\n\n\n<p>Die Zahl Sieben ist das Zeichen f\u00fcr das Gelungene.<br>Sieben Sakramente sind eine Hilfe,<br>damit unser Leben aus dem Glauben gelingt.<\/p>\n\n\n\n<p>Gott ist f\u00fcr uns da, ist ansprechbar, spricht uns an:<br>nicht nur siebenmal,<br>sondern jeden Augenblick an jedem Tag.<\/p>\n\n\n\n<p>Weiterf\u00fchrende Informationen zu den Sakramenten finden Sie hier:<\/p>\n\n\n\n<ul class=\"wp-block-list\"><li><a href=\"https:\/\/lottenbach-mediationen.ch\/sakramente\/taufe\/\">Taufe<\/a><\/li><li><a href=\"https:\/\/lottenbach-mediationen.ch\/sakramente\/eucharistie-und-erstkommunion\/\">Eucharistie und Erstkommunion<\/a><\/li><li><a href=\"https:\/\/lottenbach-mediationen.ch\/sakramente\/versoehnung\/\">Vers\u00f6hnung<\/a><\/li><li><a href=\"https:\/\/lottenbach-mediationen.ch\/sakramente\/firmung\/\">Firmung<\/a><\/li><li><a href=\"https:\/\/lottenbach-mediationen.ch\/sakramente\/trauung\/\">Trauung<\/a><\/li><li><a href=\"https:\/\/lottenbach-mediationen.ch\/sakramente\/priesterweihe\/\">Priesterweihe<\/a><\/li><li><a href=\"https:\/\/lottenbach-mediationen.ch\/sakramente\/krankensalbung\/\">Krankensalbung<\/a><\/li><li><a href=\"https:\/\/lottenbach-mediationen.ch\/sakramente\/beerdigung\/\">Beerdigung<\/a> (kein Sakrament)<\/li><\/ul>\n\n\n\n<p>Die Informationen zu unserem Gottesdienstangebot entnehmen Sie bitte dem aktuellen <a href=\"https:\/\/lottenbach-mediationen.ch\/pfarreiblaetter\/\">Pfarreiblatt.<\/a><\/p>\n","protected":false},"excerpt":{"rendered":"<p>Auf unserem Weg erfahren wir Freud und Leid. Es gibt wichtige und pr\u00e4gende Ereignisse, sowie besondere Wendepunkte oder \u00dcberg\u00e4nge im Leben. Sie stehen im Zusammenhang mit Themen wie Geburt, Krankheit, Aufnahme in die Glaubensgemeinschaft, Angst, Schuld und Vers\u00f6hnung, Erwachsenwerden, Lebensform (Freundschaft\/Partnerschaft\/Ehe\/Priesterweihe), \u00c4lterwerden. Auch das endliche Leben besch\u00e4ftigt uns. Sterben und Tod geh\u00f6ren dazu. Unser ganzes [&hellip;]<\/p>\n","protected":false},"author":1,"featured_media":0,"parent":0,"menu_order":2,"comment_status":"closed","ping_status":"closed","template":"","meta":{"footnotes":""},"class_list":["post-20","page","type-page","status-publish","hentry"],"_links":{"self":[{"href":"https:\/\/lottenbach-mediationen.ch\/index.php\/wp-json\/wp\/v2\/pages\/20","targetHints":{"allow":["GET"]}}],"collection":[{"href":"https:\/\/lottenbach-mediationen.ch\/index.php\/wp-json\/wp\/v2\/pages"}],"about":[{"href":"https:\/\/lottenbach-mediationen.ch\/index.php\/wp-json\/wp\/v2\/types\/page"}],"author":[{"embeddable":true,"href":"https:\/\/lottenbach-mediationen.ch\/index.php\/wp-json\/wp\/v2\/users\/1"}],"replies":[{"embeddable":true,"href":"https:\/\/lottenbach-mediationen.ch\/index.php\/wp-json\/wp\/v2\/comments?post=20"}],"version-history":[{"count":0,"href":"https:\/\/lottenbach-mediationen.ch\/index.php\/wp-json\/wp\/v2\/pages\/20\/revisions"}],"wp:attachment":[{"href":"https:\/\/lottenbach-mediationen.ch\/index.php\/wp-json\/wp\/v2\/media?parent=20"}],"curies":[{"name":"wp","href":"https:\/\/api.w.org\/{rel}","templated":true}]}}