{"id":199,"date":"2020-04-30T14:05:18","date_gmt":"2020-04-30T14:05:18","guid":{"rendered":"https:\/\/www.seepfarreien.ch.proculus.sui-inter.net\/?page_id=199"},"modified":"2020-04-30T14:05:18","modified_gmt":"2020-04-30T14:05:18","slug":"veranstaltungen","status":"publish","type":"page","link":"https:\/\/lottenbach-mediationen.ch\/index.php\/veranstaltungen\/","title":{"rendered":"Veranstaltungen"},"content":{"rendered":"\n<h4 class=\"wp-block-heading\">W\u00f6chentliche Gottesdienste<\/h4>\n\n\n\n<p>Das vollst\u00e4ndige Gottesdienstangebot w\u00e4hrend der Woche entnehmen Sie bitte der entsprechenden Ausgabe des <a href=\"https:\/\/lottenbach-mediationen.ch\/pfarreiblaetter\/#seiten-titel\">Pfarreiblatts<\/a>. <\/p>\n\n\n\n<h2 class=\"wp-block-heading\">Veranstaltungen durchsuchen<\/h2>\n\n\n\n<p>[MEC id=&#8220;161&#8243;]<\/p>\n","protected":false},"excerpt":{"rendered":"<p>W\u00f6chentliche Gottesdienste Das vollst\u00e4ndige Gottesdienstangebot w\u00e4hrend der Woche entnehmen Sie bitte der entsprechenden Ausgabe des Pfarreiblatts. Veranstaltungen durchsuchen [MEC id=&#8220;161&#8243;]<\/p>\n","protected":false},"author":1,"featured_media":0,"parent":0,"menu_order":0,"comment_status":"closed","ping_status":"closed","template":"","meta":{"footnotes":""},"class_list":["post-199","page","type-page","status-publish","hentry"],"_links":{"self":[{"href":"https:\/\/lottenbach-mediationen.ch\/index.php\/wp-json\/wp\/v2\/pages\/199","targetHints":{"allow":["GET"]}}],"collection":[{"href":"https:\/\/lottenbach-mediationen.ch\/index.php\/wp-json\/wp\/v2\/pages"}],"about":[{"href":"https:\/\/lottenbach-mediationen.ch\/index.php\/wp-json\/wp\/v2\/types\/page"}],"author":[{"embeddable":true,"href":"https:\/\/lottenbach-mediationen.ch\/index.php\/wp-json\/wp\/v2\/users\/1"}],"replies":[{"embeddable":true,"href":"https:\/\/lottenbach-mediationen.ch\/index.php\/wp-json\/wp\/v2\/comments?post=199"}],"version-history":[{"count":0,"href":"https:\/\/lottenbach-mediationen.ch\/index.php\/wp-json\/wp\/v2\/pages\/199\/revisions"}],"wp:attachment":[{"href":"https:\/\/lottenbach-mediationen.ch\/index.php\/wp-json\/wp\/v2\/media?parent=199"}],"curies":[{"name":"wp","href":"https:\/\/api.w.org\/{rel}","templated":true}]}}