{"id":1888,"date":"2020-06-08T14:34:29","date_gmt":"2020-06-08T14:34:29","guid":{"rendered":"https:\/\/www.seepfarreien.ch.proculus.sui-inter.net\/?page_id=1888"},"modified":"2020-06-08T14:34:29","modified_gmt":"2020-06-08T14:34:29","slug":"susann-barmet","status":"publish","type":"page","link":"https:\/\/lottenbach-mediationen.ch\/index.php\/team\/susann-barmet\/","title":{"rendered":"Susann Barmet"},"content":{"rendered":"\n<h2 class=\"wp-block-heading\">Seelsorgemitarbeiterin, Kirchenmusikerin<\/h2>\n\n\n\n<p>1968 geboren in Luzern, aufgewachsen in Ebikon<br>1988 Matura am Gymnasium Immensee<br>1993 Kirchenmusikdiplom an der damaligen Akademie f\u00fcr Schul- und Kirchenmusik Luzern<br>1993 &#8211; 2013: Vielf\u00e4ltiges Engagement in franziskanischen Gemeinschaften<br>1999 &#8211; 2003: Studiengang Theologie: Abendkurse in Luzern<br>2007 &#8211; 2008: Leiten von Gruppen: Lehrgang am Institut der Orden f\u00fcr missionarische Seelsorge und Spiritualit\u00e4t, Bonn<br>Seit 2013: Kirchenmusikerin in Greppen<br>Seit 2014: Teilpensum Orgeldienste in Weggis, Einf\u00fchrung in die Seelsorgemitarbeit<br>Seit 2015: Teilpensum Seelsorgemitarbeit im Pastoralraum Greppen &#8211; Weggis &#8211; Vitznau: Liturgie, Seniorenarbeit, Krankenseelsorge<\/p>\n\n\n\n\n","protected":false},"excerpt":{"rendered":"<p>Seelsorgemitarbeiterin, Kirchenmusikerin 1968 geboren in Luzern, aufgewachsen in Ebikon1988 Matura am Gymnasium Immensee1993 Kirchenmusikdiplom an der damaligen Akademie f\u00fcr Schul- und Kirchenmusik Luzern1993 &#8211; 2013: Vielf\u00e4ltiges Engagement in franziskanischen Gemeinschaften1999 &#8211; 2003: Studiengang Theologie: Abendkurse in Luzern2007 &#8211; 2008: Leiten von Gruppen: Lehrgang am Institut der Orden f\u00fcr missionarische Seelsorge und Spiritualit\u00e4t, BonnSeit 2013: Kirchenmusikerin [&hellip;]<\/p>\n","protected":false},"author":1,"featured_media":0,"parent":47,"menu_order":5,"comment_status":"closed","ping_status":"closed","template":"","meta":{"footnotes":""},"class_list":["post-1888","page","type-page","status-publish","hentry"],"_links":{"self":[{"href":"https:\/\/lottenbach-mediationen.ch\/index.php\/wp-json\/wp\/v2\/pages\/1888","targetHints":{"allow":["GET"]}}],"collection":[{"href":"https:\/\/lottenbach-mediationen.ch\/index.php\/wp-json\/wp\/v2\/pages"}],"about":[{"href":"https:\/\/lottenbach-mediationen.ch\/index.php\/wp-json\/wp\/v2\/types\/page"}],"author":[{"embeddable":true,"href":"https:\/\/lottenbach-mediationen.ch\/index.php\/wp-json\/wp\/v2\/users\/1"}],"replies":[{"embeddable":true,"href":"https:\/\/lottenbach-mediationen.ch\/index.php\/wp-json\/wp\/v2\/comments?post=1888"}],"version-history":[{"count":0,"href":"https:\/\/lottenbach-mediationen.ch\/index.php\/wp-json\/wp\/v2\/pages\/1888\/revisions"}],"up":[{"embeddable":true,"href":"https:\/\/lottenbach-mediationen.ch\/index.php\/wp-json\/wp\/v2\/pages\/47"}],"wp:attachment":[{"href":"https:\/\/lottenbach-mediationen.ch\/index.php\/wp-json\/wp\/v2\/media?parent=1888"}],"curies":[{"name":"wp","href":"https:\/\/api.w.org\/{rel}","templated":true}]}}