{"id":1878,"date":"2020-06-08T14:30:57","date_gmt":"2020-06-08T14:30:57","guid":{"rendered":"https:\/\/www.seepfarreien.ch.proculus.sui-inter.net\/?page_id=1878"},"modified":"2020-06-08T14:30:57","modified_gmt":"2020-06-08T14:30:57","slug":"michael-brauchart","status":"publish","type":"page","link":"https:\/\/lottenbach-mediationen.ch\/index.php\/team\/michael-brauchart\/","title":{"rendered":"Michael Brauchart"},"content":{"rendered":"\n<h2 class=\"wp-block-heading\">Pastoralraumleiter<\/h2>\n\n\n\n<p>Am 12. September 1968 in Liestal geboren und im Oberbaselbiet in Th\u00fcrnen (Pfarrei St. Josef Sissach) aufgewachsen. Nach der kaufm\u00e4nnischen Berufslehre auf einer Gemeindeverwaltung bei der Schweizerischen Bankgesellschaft (heute UBS) t\u00e4tig. Danach arbeitet er als Pfarreihelfer in seiner Heimatpfarrei in Sissach. Nach dem Theologiekurs f\u00fcr Laien (TKL) folgt die theologische Aus- und Weiterbildung am Seminar Dritter Bildungsweg an der Universit\u00e4t Luzern. Von 1998 bis 2005 Pastoralassistent in der Pfarrei Heilig Geist H\u00fcnenberg. Von 2005 bis 2017 Gemeindeleiter in der Pfarrei Bruder Klaus in Oberwil bei Zug. Von August 2015 bis November 2016 Pastoralraumleiter ad interim im Pastoralraum Zug-Walchwil. Seit 1. August 2017 im Dienst f\u00fcr die Seepfarreien.<\/p>\n\n\n\n<p>Michael Brauchart ist verheiratet mit Myriam Brauchart-Bucher und Vater von zwei Kindern.<\/p>\n\n\n\n\n","protected":false},"excerpt":{"rendered":"<p>Pastoralraumleiter Am 12. September 1968 in Liestal geboren und im Oberbaselbiet in Th\u00fcrnen (Pfarrei St. Josef Sissach) aufgewachsen. Nach der kaufm\u00e4nnischen Berufslehre auf einer Gemeindeverwaltung bei der Schweizerischen Bankgesellschaft (heute UBS) t\u00e4tig. Danach arbeitet er als Pfarreihelfer in seiner Heimatpfarrei in Sissach. Nach dem Theologiekurs f\u00fcr Laien (TKL) folgt die theologische Aus- und Weiterbildung am [&hellip;]<\/p>\n","protected":false},"author":1,"featured_media":0,"parent":47,"menu_order":1,"comment_status":"closed","ping_status":"closed","template":"","meta":{"footnotes":""},"class_list":["post-1878","page","type-page","status-publish","hentry"],"_links":{"self":[{"href":"https:\/\/lottenbach-mediationen.ch\/index.php\/wp-json\/wp\/v2\/pages\/1878","targetHints":{"allow":["GET"]}}],"collection":[{"href":"https:\/\/lottenbach-mediationen.ch\/index.php\/wp-json\/wp\/v2\/pages"}],"about":[{"href":"https:\/\/lottenbach-mediationen.ch\/index.php\/wp-json\/wp\/v2\/types\/page"}],"author":[{"embeddable":true,"href":"https:\/\/lottenbach-mediationen.ch\/index.php\/wp-json\/wp\/v2\/users\/1"}],"replies":[{"embeddable":true,"href":"https:\/\/lottenbach-mediationen.ch\/index.php\/wp-json\/wp\/v2\/comments?post=1878"}],"version-history":[{"count":0,"href":"https:\/\/lottenbach-mediationen.ch\/index.php\/wp-json\/wp\/v2\/pages\/1878\/revisions"}],"up":[{"embeddable":true,"href":"https:\/\/lottenbach-mediationen.ch\/index.php\/wp-json\/wp\/v2\/pages\/47"}],"wp:attachment":[{"href":"https:\/\/lottenbach-mediationen.ch\/index.php\/wp-json\/wp\/v2\/media?parent=1878"}],"curies":[{"name":"wp","href":"https:\/\/api.w.org\/{rel}","templated":true}]}}