{"id":1160,"date":"2020-05-26T13:44:36","date_gmt":"2020-05-26T13:44:36","guid":{"rendered":"https:\/\/www.seepfarreien.ch.proculus.sui-inter.net\/?page_id=1160"},"modified":"2020-05-26T13:44:36","modified_gmt":"2020-05-26T13:44:36","slug":"pfarrhof-vitznau","status":"publish","type":"page","link":"https:\/\/lottenbach-mediationen.ch\/index.php\/raume-greppen-weggis-vitznau\/pfarrhof-vitznau\/","title":{"rendered":"Pfarrhof Vitznau"},"content":{"rendered":"\n<p>Am 6. Februar 1993 fand der Spatenstich f\u00fcr das neue Mehrfamilienhaus \u00abzum Pfarrhof\u00bb statt, welches anstelle des alten, abgebrochenen Pfarrhauses \u00abVilla Martha\u00bb, erstellt wurde. Am 19. Februar 1994 wurde das neue Geb\u00e4ude eingeweiht.<\/p>\n\n\n\n<p>Im Erdgeschoss befinden sich die Pfarreir\u00e4ume mit dem Pfarreisaal, B\u00fcro Pfarreileitung und Sekretariat, Studio f\u00fcr Aushilfe, WC-Anlage, K\u00fcche, Archivraum.<\/p>\n\n\n\n<figure class=\"wp-block-image size-large\"><img loading=\"lazy\" decoding=\"async\" width=\"400\" height=\"280\" src=\"https:\/\/lottenbach-mediationen.ch\/wp-content\/uploads\/2020\/07\/Pfarreisaal-Pfarrhof-Vitznau.jpg\" alt=\"\" class=\"wp-image-2787\" srcset=\"https:\/\/lottenbach-mediationen.ch\/wp-content\/uploads\/2020\/07\/Pfarreisaal-Pfarrhof-Vitznau.jpg 400w, https:\/\/lottenbach-mediationen.ch\/wp-content\/uploads\/2020\/07\/Pfarreisaal-Pfarrhof-Vitznau-300x210.jpg 300w\" sizes=\"auto, (max-width: 400px) 100vw, 400px\" \/><figcaption>Pfarreisaal Pfarrhof Vitznau<\/figcaption><\/figure>\n\n\n\n<p>Der <strong>Pfarreisaal<\/strong> wird vorwiegend f\u00fcr pfarreiinterne Anl\u00e4sse, Sitzungen des Kirchenrates, Religionsunterricht, etc. genutzt. Der Saal ist unterteilbar mit einer Zwischenwand und bietet so Platz als Sitzungsraum f\u00fcr Kleingruppen und f\u00fcr gr\u00f6ssere Veranstaltungen bis max. 90 Personen.<\/p>\n\n\n\n<p><span class=\"has-inline-color has-very-dark-gray-color\">Auf Anfrage beim Pfarreisekretariat (041 392 00 92) kann der Pfarreisaal auch gemietet werden.  <\/span>Bitte erkundigen Sie sich rechtzeitig, ob der Raum auch frei ist. In erster Linie haben pfarreiinterne Anl\u00e4sse Vorrang.<\/p>\n\n\n\n<p>Das Ben\u00fctzungsreglement mit den Tarifen ist hier <a href=\"https:\/\/lottenbach-mediationen.ch\/benuetzungsreglemente\/\">abrufbar<\/a>.<\/p>\n\n\n\n<p>In den oberen Stockwerken des Pfarrhofes (mit separatem Eingang) werden folgende <strong>Wohnungen<\/strong> vermietet:<\/p>\n\n\n\n<ul class=\"wp-block-list\"><li>zwei 3 1\/2-Zimmerwohnungen und eine 2 1\/2-Zimmerwohnung im 1. Stock<\/li><li>zwei 4 1\/2-Zimmerwohnungen im 2. Stock<\/li><li>eine 5 1\/2-Zimmerwohnung im 3. Stock<\/li><\/ul>\n\n\n\n\n","protected":false},"excerpt":{"rendered":"<p>Am 6. Februar 1993 fand der Spatenstich f\u00fcr das neue Mehrfamilienhaus \u00abzum Pfarrhof\u00bb statt, welches anstelle des alten, abgebrochenen Pfarrhauses \u00abVilla Martha\u00bb, erstellt wurde. Am 19. Februar 1994 wurde das neue Geb\u00e4ude eingeweiht. Im Erdgeschoss befinden sich die Pfarreir\u00e4ume mit dem Pfarreisaal, B\u00fcro Pfarreileitung und Sekretariat, Studio f\u00fcr Aushilfe, WC-Anlage, K\u00fcche, Archivraum. Der Pfarreisaal wird [&hellip;]<\/p>\n","protected":false},"author":1,"featured_media":2786,"parent":59,"menu_order":17,"comment_status":"closed","ping_status":"closed","template":"","meta":{"footnotes":""},"class_list":["post-1160","page","type-page","status-publish","has-post-thumbnail","hentry"],"_links":{"self":[{"href":"https:\/\/lottenbach-mediationen.ch\/index.php\/wp-json\/wp\/v2\/pages\/1160","targetHints":{"allow":["GET"]}}],"collection":[{"href":"https:\/\/lottenbach-mediationen.ch\/index.php\/wp-json\/wp\/v2\/pages"}],"about":[{"href":"https:\/\/lottenbach-mediationen.ch\/index.php\/wp-json\/wp\/v2\/types\/page"}],"author":[{"embeddable":true,"href":"https:\/\/lottenbach-mediationen.ch\/index.php\/wp-json\/wp\/v2\/users\/1"}],"replies":[{"embeddable":true,"href":"https:\/\/lottenbach-mediationen.ch\/index.php\/wp-json\/wp\/v2\/comments?post=1160"}],"version-history":[{"count":0,"href":"https:\/\/lottenbach-mediationen.ch\/index.php\/wp-json\/wp\/v2\/pages\/1160\/revisions"}],"up":[{"embeddable":true,"href":"https:\/\/lottenbach-mediationen.ch\/index.php\/wp-json\/wp\/v2\/pages\/59"}],"wp:featuredmedia":[{"embeddable":true,"href":"https:\/\/lottenbach-mediationen.ch\/index.php\/wp-json\/wp\/v2\/media\/2786"}],"wp:attachment":[{"href":"https:\/\/lottenbach-mediationen.ch\/index.php\/wp-json\/wp\/v2\/media?parent=1160"}],"curies":[{"name":"wp","href":"https:\/\/api.w.org\/{rel}","templated":true}]}}