{"id":1152,"date":"2020-05-26T13:36:54","date_gmt":"2020-05-26T13:36:54","guid":{"rendered":"https:\/\/www.seepfarreien.ch.proculus.sui-inter.net\/?page_id=1152"},"modified":"2020-05-26T13:36:54","modified_gmt":"2020-05-26T13:36:54","slug":"kaplanei-gratalp","status":"publish","type":"page","link":"https:\/\/lottenbach-mediationen.ch\/index.php\/raume-greppen-weggis-vitznau\/kaplanei-gratalp\/","title":{"rendered":"Begegnungsraum Kaplanei Rigi Kaltbad"},"content":{"rendered":"\n<p>Die Kaplanei auf Rigi Kaltbad \u2013 fr\u00fcher Wohnsitz des Kaplans \u2013 wurde im Jahr 2011 umfassend renoviert. Das Geb\u00e4ude verf\u00fcgt \u00fcber einen Begegnungsraum und eine gut eingerichtete K\u00fcche, welche vor allem f\u00fcr pfarreiinterne Anl\u00e4sse genutzt wird. Nat\u00fcrlich steht der Raum auch Vereinen und Institutionen der Luzerner Seepfarreien zur Verf\u00fcgung. Die Wohnung im Obergeschoss ist vermietet.<\/p>\n\n\n\n<figure class=\"wp-block-image size-large\"><img loading=\"lazy\" decoding=\"async\" width=\"400\" height=\"280\" src=\"https:\/\/lottenbach-mediationen.ch\/wp-content\/uploads\/2020\/06\/Begegnungsraum-Kaplanei-Gratalp.jpg\" alt=\"\" class=\"wp-image-2343\" srcset=\"https:\/\/lottenbach-mediationen.ch\/wp-content\/uploads\/2020\/06\/Begegnungsraum-Kaplanei-Gratalp.jpg 400w, https:\/\/lottenbach-mediationen.ch\/wp-content\/uploads\/2020\/06\/Begegnungsraum-Kaplanei-Gratalp-300x210.jpg 300w\" sizes=\"auto, (max-width: 400px) 100vw, 400px\" \/><figcaption>Begegnungsraum in der Kaplanei Gratalp<\/figcaption><\/figure>\n\n\n\n\n","protected":false},"excerpt":{"rendered":"<p>Die Kaplanei auf Rigi Kaltbad \u2013 fr\u00fcher Wohnsitz des Kaplans \u2013 wurde im Jahr 2011 umfassend renoviert. Das Geb\u00e4ude verf\u00fcgt \u00fcber einen Begegnungsraum und eine gut eingerichtete K\u00fcche, welche vor allem f\u00fcr pfarreiinterne Anl\u00e4sse genutzt wird. Nat\u00fcrlich steht der Raum auch Vereinen und Institutionen der Luzerner Seepfarreien zur Verf\u00fcgung. Die Wohnung im Obergeschoss ist vermietet.<\/p>\n","protected":false},"author":1,"featured_media":2345,"parent":59,"menu_order":15,"comment_status":"closed","ping_status":"closed","template":"","meta":{"footnotes":""},"class_list":["post-1152","page","type-page","status-publish","has-post-thumbnail","hentry"],"_links":{"self":[{"href":"https:\/\/lottenbach-mediationen.ch\/index.php\/wp-json\/wp\/v2\/pages\/1152","targetHints":{"allow":["GET"]}}],"collection":[{"href":"https:\/\/lottenbach-mediationen.ch\/index.php\/wp-json\/wp\/v2\/pages"}],"about":[{"href":"https:\/\/lottenbach-mediationen.ch\/index.php\/wp-json\/wp\/v2\/types\/page"}],"author":[{"embeddable":true,"href":"https:\/\/lottenbach-mediationen.ch\/index.php\/wp-json\/wp\/v2\/users\/1"}],"replies":[{"embeddable":true,"href":"https:\/\/lottenbach-mediationen.ch\/index.php\/wp-json\/wp\/v2\/comments?post=1152"}],"version-history":[{"count":0,"href":"https:\/\/lottenbach-mediationen.ch\/index.php\/wp-json\/wp\/v2\/pages\/1152\/revisions"}],"up":[{"embeddable":true,"href":"https:\/\/lottenbach-mediationen.ch\/index.php\/wp-json\/wp\/v2\/pages\/59"}],"wp:featuredmedia":[{"embeddable":true,"href":"https:\/\/lottenbach-mediationen.ch\/index.php\/wp-json\/wp\/v2\/media\/2345"}],"wp:attachment":[{"href":"https:\/\/lottenbach-mediationen.ch\/index.php\/wp-json\/wp\/v2\/media?parent=1152"}],"curies":[{"name":"wp","href":"https:\/\/api.w.org\/{rel}","templated":true}]}}