{"id":1145,"date":"2020-05-26T13:27:28","date_gmt":"2020-05-26T13:27:28","guid":{"rendered":"https:\/\/www.seepfarreien.ch.proculus.sui-inter.net\/?page_id=1145"},"modified":"2020-05-26T13:27:28","modified_gmt":"2020-05-26T13:27:28","slug":"gemeinschaftsraum-greppen","status":"publish","type":"page","link":"https:\/\/lottenbach-mediationen.ch\/index.php\/raume-greppen-weggis-vitznau\/gemeinschaftsraum-greppen\/","title":{"rendered":"Gemeinschaftsraum Greppen"},"content":{"rendered":"\n<p>Unter dem Schulhauspausenplatz befindet sich der Gemeinschaftsraum mit integrierter K\u00fcche (67 m<sup>2<\/sup>) der Kirchgemeinde Greppen. Er wird u.a. f\u00fcr Anl\u00e4sse der Jugendarbeit genutzt und steht auch der \u00d6ffentlichkeit zur Verf\u00fcgung. <\/p>\n\n\n\n<p>Bitte erkundigen Sie sich rechtzeitig beim <a rel=\"noreferrer noopener\" href=\"mailto:sekretariat@seepfarreien.ch\" target=\"_blank\">Pfarreisekretariat<\/a> (041 392 00 92), ob der Raum auch frei ist. In erster Linie haben pfarreiinterne Anl\u00e4sse Vorrang.<\/p>\n\n\n\n<p>Das Ben\u00fctzungsreglement ist hier <a href=\"https:\/\/lottenbach-mediationen.ch\/benuetzungsreglemente\/\">abrufbar<\/a>.<\/p>\n\n\n\n\n","protected":false},"excerpt":{"rendered":"<p>Unter dem Schulhauspausenplatz befindet sich der Gemeinschaftsraum mit integrierter K\u00fcche (67 m2) der Kirchgemeinde Greppen. Er wird u.a. f\u00fcr Anl\u00e4sse der Jugendarbeit genutzt und steht auch der \u00d6ffentlichkeit zur Verf\u00fcgung. Bitte erkundigen Sie sich rechtzeitig beim Pfarreisekretariat (041 392 00 92), ob der Raum auch frei ist. In erster Linie haben pfarreiinterne Anl\u00e4sse Vorrang. Das [&hellip;]<\/p>\n","protected":false},"author":1,"featured_media":2785,"parent":59,"menu_order":3,"comment_status":"closed","ping_status":"closed","template":"","meta":{"footnotes":""},"class_list":["post-1145","page","type-page","status-publish","has-post-thumbnail","hentry"],"_links":{"self":[{"href":"https:\/\/lottenbach-mediationen.ch\/index.php\/wp-json\/wp\/v2\/pages\/1145","targetHints":{"allow":["GET"]}}],"collection":[{"href":"https:\/\/lottenbach-mediationen.ch\/index.php\/wp-json\/wp\/v2\/pages"}],"about":[{"href":"https:\/\/lottenbach-mediationen.ch\/index.php\/wp-json\/wp\/v2\/types\/page"}],"author":[{"embeddable":true,"href":"https:\/\/lottenbach-mediationen.ch\/index.php\/wp-json\/wp\/v2\/users\/1"}],"replies":[{"embeddable":true,"href":"https:\/\/lottenbach-mediationen.ch\/index.php\/wp-json\/wp\/v2\/comments?post=1145"}],"version-history":[{"count":0,"href":"https:\/\/lottenbach-mediationen.ch\/index.php\/wp-json\/wp\/v2\/pages\/1145\/revisions"}],"up":[{"embeddable":true,"href":"https:\/\/lottenbach-mediationen.ch\/index.php\/wp-json\/wp\/v2\/pages\/59"}],"wp:featuredmedia":[{"embeddable":true,"href":"https:\/\/lottenbach-mediationen.ch\/index.php\/wp-json\/wp\/v2\/media\/2785"}],"wp:attachment":[{"href":"https:\/\/lottenbach-mediationen.ch\/index.php\/wp-json\/wp\/v2\/media?parent=1145"}],"curies":[{"name":"wp","href":"https:\/\/api.w.org\/{rel}","templated":true}]}}